{"id":6520,"date":"2022-11-26T19:52:42","date_gmt":"2022-11-26T19:52:42","guid":{"rendered":"http:\/\/hubertpietka.bialystok.pl\/?page_id=6520"},"modified":"2022-11-26T19:52:42","modified_gmt":"2022-11-26T19:52:42","slug":"grota-lourdska-a-jaskinia-zbojcow","status":"publish","type":"page","link":"https:\/\/hubertpietka.bialystok.pl\/?page_id=6520","title":{"rendered":"Grota lourdska \/ a jaskinia zb\u00f3jc\u00f3w"},"content":{"rendered":"<p><em><strong>Grota lourdska \/ a jaskinia zb\u00f3jc\u00f3w\u00a0<\/strong><\/em><\/p>\n<p><em>Najwa\u017cniejsze \u017ceby by\u0142o mi\u0142o<\/em><br \/>\nMo\u017cna zabija\u0107<br \/>\nByleby by\u0142o mi\u0142o<br \/>\n(Na pewno nie tym zabijanym)<\/p>\n<p>Witajcie <em>welcame<\/em> mo\u017ce<br \/>\nPowinienem powiedzie\u0107 misiom na powitanie<br \/>\nFajnie \u017ce jeste\u015bcie<br \/>\nZr\u00f3bcie ze mn\u0105 co chcecie<br \/>\nAch tak mo\u017ce powinienem<br \/>\nA ciekawy jestem<br \/>\nKto tak misi\u00f3w wita<br \/>\nZ tym co chc\u0105 da\u0107 z siebie<br \/>\n\u017be si\u0119 tak wyra\u017c\u0119<\/p>\n<p><em>Dzi\u015b pono\u0107 \u015bw. *U-mile*<\/em><br \/>\n<em> Byleby by\u0142o *mile u* mnie<\/em><br \/>\n<em> Raczej nie dla mnie<\/em><br \/>\n<em> Byleby by\u0142o mi\u0142o misiaczkom<\/em><br \/>\n<em> I nie powinienem si\u0119 broni\u0107 raczej zapewne<\/em><br \/>\n<em> Misiaczki lepiej wiedz\u0105<\/em><br \/>\n<em> Co dla nas jest dobre<\/em><\/p>\n<p>A jednak Jezus zapyta\u0142<br \/>\n<em>Dlaczego mnie bijesz<\/em><br \/>\n(Uderza\u0107 te\u017c mo\u017cna s\u0142owem)<br \/>\n<em>I udowodnij co \u017ale powiedzia\u0142em<\/em><br \/>\nTak Jezus si\u0119 broni\u0142<\/p>\n<p>A \u015bw. Pawe\u0142 mawia\u0142<br \/>\n<em>Uderzy ci\u0119 B\u00f3g \u015bciano pobielana<br \/>\nS\u0105dzisz mnie wed\u0142ug prawa<br \/>\nA bi\u0107 chcesz bezprawnie<\/em><br \/>\nA ja gdzie\u015b zapewne<br \/>\nPomi\u0119dzy nimi by\u0107 musz\u0119<br \/>\nBo mi nie mo\u017cna si\u0119 tu broni\u0107<br \/>\nTwardym mocnym s\u0142owem nawet<br \/>\nA i prawa przecie\u017c oni swe maj\u0105<br \/>\nKt\u00f3re raczej nie tylko mi nie s\u0142u\u017c\u0105<\/p>\n<p><a href=\"http:\/\/hubertpietka.bialystok.pl\/wp-content\/uploads\/2022\/11\/IMG_20221126_205022.jpg\"><img loading=\"lazy\" decoding=\"async\" class=\"alignnone size-thumbnail wp-image-6521\" src=\"http:\/\/hubertpietka.bialystok.pl\/wp-content\/uploads\/2022\/11\/IMG_20221126_205022-150x150.jpg\" alt=\"\" width=\"150\" height=\"150\" srcset=\"https:\/\/hubertpietka.bialystok.pl\/wp-content\/uploads\/2022\/11\/IMG_20221126_205022-150x150.jpg 150w, https:\/\/hubertpietka.bialystok.pl\/wp-content\/uploads\/2022\/11\/IMG_20221126_205022-75x75.jpg 75w\" sizes=\"auto, (max-width: 150px) 100vw, 150px\" \/><\/a><\/p>\n<p><strong>Na zdj. Maryja w grocie lourdskiej<\/strong><br \/>\n<strong> Przy warszawskiej parafii garnizonowej<\/strong><br \/>\n<strong> Czy jest jaka\u015b r\u00f3\u017cnica<\/strong><br \/>\n<strong> Pomi\u0119dzy grot\u0105 a jaskini\u0105<\/strong><br \/>\n<strong> A owszem zale\u017cy kto w niej przebywa<\/strong><br \/>\n<strong> I co innym chce czyni\u0107<\/strong><br \/>\n<strong> Chocia\u017cby nawi\u0105zuj\u0105c do frazy wielo-semantycznej<\/strong><br \/>\n<strong> Jaskinia zb\u00f3jc\u00f3w<\/strong><\/p>\n<p><strong>Kto czyta niech rozumie<\/strong><br \/>\n<strong> I je\u015bli cokolwieczunio<\/strong><\/p>\n","protected":false},"excerpt":{"rendered":"<p>Grota lourdska \/ a jaskinia zb\u00f3jc\u00f3w\u00a0 Najwa\u017cniejsze \u017ceby by\u0142o mi\u0142o Mo\u017cna zabija\u0107 Byleby by\u0142o mi\u0142o (Na pewno nie tym zabijanym) Witajcie welcame mo\u017ce Powinienem powiedzie\u0107&hellip; <\/p>\n","protected":false},"author":1,"featured_media":0,"parent":0,"menu_order":0,"comment_status":"closed","ping_status":"closed","template":"","meta":{"footnotes":""},"class_list":["post-6520","page","type-page","status-publish","hentry"],"_links":{"self":[{"href":"https:\/\/hubertpietka.bialystok.pl\/index.php?rest_route=\/wp\/v2\/pages\/6520","targetHints":{"allow":["GET"]}}],"collection":[{"href":"https:\/\/hubertpietka.bialystok.pl\/index.php?rest_route=\/wp\/v2\/pages"}],"about":[{"href":"https:\/\/hubertpietka.bialystok.pl\/index.php?rest_route=\/wp\/v2\/types\/page"}],"author":[{"embeddable":true,"href":"https:\/\/hubertpietka.bialystok.pl\/index.php?rest_route=\/wp\/v2\/users\/1"}],"replies":[{"embeddable":true,"href":"https:\/\/hubertpietka.bialystok.pl\/index.php?rest_route=%2Fwp%2Fv2%2Fcomments&post=6520"}],"version-history":[{"count":1,"href":"https:\/\/hubertpietka.bialystok.pl\/index.php?rest_route=\/wp\/v2\/pages\/6520\/revisions"}],"predecessor-version":[{"id":6522,"href":"https:\/\/hubertpietka.bialystok.pl\/index.php?rest_route=\/wp\/v2\/pages\/6520\/revisions\/6522"}],"wp:attachment":[{"href":"https:\/\/hubertpietka.bialystok.pl\/index.php?rest_route=%2Fwp%2Fv2%2Fmedia&parent=6520"}],"curies":[{"name":"wp","href":"https:\/\/api.w.org\/{rel}","templated":true}]}}