{"id":6525,"date":"2022-11-27T09:57:56","date_gmt":"2022-11-27T09:57:56","guid":{"rendered":"http:\/\/hubertpietka.bialystok.pl\/?page_id=6525"},"modified":"2022-11-27T09:57:56","modified_gmt":"2022-11-27T09:57:56","slug":"fosa-z-woda-ludzkiej-pomocy","status":"publish","type":"page","link":"https:\/\/hubertpietka.bialystok.pl\/?page_id=6525","title":{"rendered":"Fosa \/ z wod\u0105 ludzkiej pomocy"},"content":{"rendered":"<p><em><strong>Fosa \/ z wod\u0105 ludzkiej pomocy\u00a0<\/strong><\/em><\/p>\n<p>Wed\u0142ug s\u0142\u00f3w <em>Pie\u015bni nad Pie\u015bniami<\/em><br \/>\nUczy\u0144 z mojej \u017cony Panie<br \/>\nTwierdz\u0119 warown\u0105 zamek<br \/>\nNiedost\u0119pny dla wszelkich nieprzyjaci\u00f3\u0142<\/p>\n<p>I otocz go fos\u0105<br \/>\nTwej \u0142aski i \u017cyczliwo\u015bci ludzkiej<br \/>\nBo ona ryzykuje ka\u017cdego dnia<br \/>\nA przecie\u017c inaczej by mog\u0142a<br \/>\nSowicie zapewne by j\u0105 za to nagrodzono<\/p>\n<p><strong>Dzi\u015b jest pono\u0107 b\u0142. Bernardyna z *Fossa*<\/strong><br \/>\n<strong> Nie prosz\u0119 o wiele<\/strong><br \/>\n<strong> Tylko o *fos\u0119* dla niej<\/strong><br \/>\n<strong> By mog\u0142a ze mn\u0105 przetrwa\u0107<\/strong><br \/>\n<strong> Fos\u0119 mocn\u0105 i tward\u0105 dyskretn\u0105<\/strong><\/p>\n<p>I o m\u0105dro\u015b\u0107 dla naszego i naszych<br \/>\nBy mogli si\u0119 osta\u0107 wobec wszelkich nieprzyjaci\u00f3\u0142<br \/>\nI o do tego potrzebne<br \/>\nWarunki i \u015brodki niezb\u0119dne<br \/>\nA kiedy\u015b rado\u015b\u0107 wasza b\u0119dzie adekwatnie pe\u0142na<\/p>\n<p><strong>Dzi\u015b te\u017c podobno wspominany<\/strong><br \/>\n<strong> \u015aw. Franciszek Antoni *Fas-ani*<\/strong><br \/>\n<strong> Jak lubuj\u0105 si\u0119 oni<\/strong><br \/>\n<strong> W wynajdywaniu r\u00f3\u017cnych zespo\u0142\u00f3w chorobowych<\/strong><br \/>\n<strong> Byleby tylko<\/strong><br \/>\n<strong> Mogli spe\u0142ni\u0107 swe wypaczone zamys\u0142y<\/strong><\/p>\n<p><strong><a href=\"http:\/\/hubertpietka.bialystok.pl\/wp-content\/uploads\/2022\/11\/IMG_20221127_104729.jpg\"><img loading=\"lazy\" decoding=\"async\" class=\"alignnone size-thumbnail wp-image-6526\" src=\"http:\/\/hubertpietka.bialystok.pl\/wp-content\/uploads\/2022\/11\/IMG_20221127_104729-150x150.jpg\" alt=\"\" width=\"150\" height=\"150\" srcset=\"https:\/\/hubertpietka.bialystok.pl\/wp-content\/uploads\/2022\/11\/IMG_20221127_104729-150x150.jpg 150w, https:\/\/hubertpietka.bialystok.pl\/wp-content\/uploads\/2022\/11\/IMG_20221127_104729-75x75.jpg 75w\" sizes=\"auto, (max-width: 150px) 100vw, 150px\" \/><\/a><\/strong><\/p>\n<p><em>Na zdj. Kaplica Bo\u017cego mi\u0142osierdzia<\/em><br \/>\n<em> W warszawskim ko\u015bciele garnizonowym<\/em><br \/>\n<em> Z mi\u0142osierdziem Bo\u017cym trzeba wsp\u00f3\u0142pracowa\u0107<\/em><br \/>\n<em> Mi\u0142osierdziu Bo\u017cemu mo\u017cna te\u017c pom\u00f3c<\/em><br \/>\n<em> Jezu ufam Tobie<\/em><\/p>\n<p style=\"text-align: center;\"><a href=\"https:\/\/youtu.be\/8Pa8A_MlhTA\"><strong><em>Piotr Cugowski &amp; Adam Sztaba Orchestra &#8211; Nie prosz\u0119 o wi\u0119cej\u00a0<\/em><\/strong><\/a><\/p>\n","protected":false},"excerpt":{"rendered":"<p>Fosa \/ z wod\u0105 ludzkiej pomocy\u00a0 Wed\u0142ug s\u0142\u00f3w Pie\u015bni nad Pie\u015bniami Uczy\u0144 z mojej \u017cony Panie Twierdz\u0119 warown\u0105 zamek Niedost\u0119pny dla wszelkich nieprzyjaci\u00f3\u0142 I otocz&hellip; <\/p>\n","protected":false},"author":1,"featured_media":0,"parent":0,"menu_order":0,"comment_status":"closed","ping_status":"closed","template":"","meta":{"footnotes":""},"class_list":["post-6525","page","type-page","status-publish","hentry"],"_links":{"self":[{"href":"https:\/\/hubertpietka.bialystok.pl\/index.php?rest_route=\/wp\/v2\/pages\/6525","targetHints":{"allow":["GET"]}}],"collection":[{"href":"https:\/\/hubertpietka.bialystok.pl\/index.php?rest_route=\/wp\/v2\/pages"}],"about":[{"href":"https:\/\/hubertpietka.bialystok.pl\/index.php?rest_route=\/wp\/v2\/types\/page"}],"author":[{"embeddable":true,"href":"https:\/\/hubertpietka.bialystok.pl\/index.php?rest_route=\/wp\/v2\/users\/1"}],"replies":[{"embeddable":true,"href":"https:\/\/hubertpietka.bialystok.pl\/index.php?rest_route=%2Fwp%2Fv2%2Fcomments&post=6525"}],"version-history":[{"count":1,"href":"https:\/\/hubertpietka.bialystok.pl\/index.php?rest_route=\/wp\/v2\/pages\/6525\/revisions"}],"predecessor-version":[{"id":6527,"href":"https:\/\/hubertpietka.bialystok.pl\/index.php?rest_route=\/wp\/v2\/pages\/6525\/revisions\/6527"}],"wp:attachment":[{"href":"https:\/\/hubertpietka.bialystok.pl\/index.php?rest_route=%2Fwp%2Fv2%2Fmedia&parent=6525"}],"curies":[{"name":"wp","href":"https:\/\/api.w.org\/{rel}","templated":true}]}}