{"id":6542,"date":"2022-11-30T23:05:17","date_gmt":"2022-11-30T23:05:17","guid":{"rendered":"http:\/\/hubertpietka.bialystok.pl\/?page_id=6542"},"modified":"2022-11-30T23:05:17","modified_gmt":"2022-11-30T23:05:17","slug":"oskarzanie-tylko-dla-nich","status":"publish","type":"page","link":"https:\/\/hubertpietka.bialystok.pl\/?page_id=6542","title":{"rendered":"Oskar\u017canie \/ tylko dla nich"},"content":{"rendered":"<p><em><strong>Oskar\u017canie \/ tylko dla nich\u00a0<\/strong><\/em><\/p>\n<p>Domen\u0105 ich dzia\u0142ania<br \/>\nJest oskar\u017canie<br \/>\nZa wszystko<br \/>\nA sk\u0105d to jest znane<br \/>\n<em>Kto nieustannie oskar\u017ca braci naszych<\/em><\/p>\n<p>A mo\u017cna oskar\u017ca\u0107 za wszystko<br \/>\nZa to co si\u0119 robi i co nie<br \/>\nZa to co przypuszczaj\u0105<br \/>\n\u017be ja przypuszczam<br \/>\nZa wszystko<\/p>\n<p>Nawet za z\u0142o kt\u00f3re czyni\u0105<br \/>\nOskar\u017ca\u0107 mo\u017cna kogo\u015b<br \/>\nZa to za tamto za siamto w ko\u0142o<br \/>\nByle w nas naszych nasze<br \/>\nTak czy inaczej<\/p>\n<p>I byle tylko spe\u0142ni\u0107 swe z\u0142owrogie zamys\u0142y<br \/>\nWobec nas naszego naszych<br \/>\nCzy\u017c im si\u0119 to troch\u0119 nie udaje<br \/>\nWi\u0119c id\u0105 dalej<br \/>\nW swych oskar\u017ceniach zbrodniach k\u0142amstwach<\/p>\n<p>Ach teraz ja oskar\u017cam<br \/>\nBynajmniej ja tylko m\u00f3wi\u0119 prawd\u0119<br \/>\nA \u017ce im to nie pasuje zbytnio raczej<br \/>\nWi\u0119c jest podstawa zapewne<br \/>\nDo najci\u0119\u017cszych oskar\u017ce\u0144<\/p>\n<p><strong>Ale spokojnie<\/strong><br \/>\n<strong> Dzi\u015b pono\u0107 wspominany \u015bw. *Kut-bert*<\/strong><br \/>\n<strong> *<em>Cut<\/em> &#8211; Bert*<\/strong><br \/>\n<strong> Jak co\u015b to si\u0119 wytnie<\/strong><br \/>\n<strong> Tak czy inaczej i to czy tamto<\/strong><\/p>\n<p>Wobec nich przecie\u017c prawdy<br \/>\nM\u00f3wi\u0107 nie wolno<br \/>\nA ju\u017c na pewno nie w\u0142a\u015bnie takiej<br \/>\nKt\u00f3ra jest im nie na r\u0119k\u0119 bynajmniej<br \/>\nPo co komu takie prawdy<\/p>\n<p>Ich wersja jest jedynie s\u0142uszna<br \/>\nG\u0142osu nie maj\u0105<em> i dzieci i ryby<\/em><br \/>\nA ju\u017c na pewno<br \/>\nNie w tym<br \/>\nCo nie wed\u0142ug nich<\/p>\n<p>A mi nie pozwolono<br \/>\nPrzecie\u017c si\u0119 broni\u0107<br \/>\nNawet przed oskar\u017ceniami<br \/>\nKt\u00f3re mo\u017ce i dobrze wygl\u0105daj\u0105<br \/>\nAle s\u0105 z palca wyssane<br \/>\nA skoro im co\u015b tak bardzo przeszkadza<br \/>\nCzy\u017c to nie zastanawia<\/p>\n<p><a href=\"http:\/\/hubertpietka.bialystok.pl\/wp-content\/uploads\/2022\/11\/IMG_20221130_234151.jpg\"><img loading=\"lazy\" decoding=\"async\" class=\"alignnone size-thumbnail wp-image-6543\" src=\"http:\/\/hubertpietka.bialystok.pl\/wp-content\/uploads\/2022\/11\/IMG_20221130_234151-150x150.jpg\" alt=\"\" width=\"150\" height=\"150\" srcset=\"https:\/\/hubertpietka.bialystok.pl\/wp-content\/uploads\/2022\/11\/IMG_20221130_234151-150x150.jpg 150w, https:\/\/hubertpietka.bialystok.pl\/wp-content\/uploads\/2022\/11\/IMG_20221130_234151-75x75.jpg 75w\" sizes=\"auto, (max-width: 150px) 100vw, 150px\" \/><\/a><\/p>\n<p><strong>Na zdj. W bia\u0142ostockim ko\u015bciele<\/strong><strong> Mi\u0142osierdzia Bo\u017cego<\/strong><br \/>\n<strong> *Adwent-owy* \/ *wie-niec*<\/strong><br \/>\n<strong> *<em>Adveniat* Regnum Tuum<\/em> owe<\/strong><br \/>\n<strong> Przyjd\u017a Kr\u00f3lestwo Twoje<\/strong><br \/>\n<strong> A oni nie<\/strong><br \/>\n<strong> Tak on *wie nic*<\/strong><br \/>\n<strong> I je\u015bli cokolwieczuniek<\/strong><\/p>\n<p><strong>Ps. Oni nieustannie oskar\u017ca\u0107 mog\u0105<\/strong><br \/>\n<strong> Czyli by\u0107 w ofensywie<\/strong><br \/>\n<strong> A ja nawet defensywy<\/strong><br \/>\n<strong> Zachowa\u0107 nie mog\u0119 czynnej\u00a0<\/strong><br \/>\n<strong> To o co tu chodzi<\/strong><\/p>\n<p style=\"text-align: center;\"><b>\/<\/b><\/p>\n<p style=\"text-align: right;\"><a href=\"https:\/\/youtu.be\/WP8OSdnh6Yo\"><em><strong>Kobranocka &#8211; I nikomu nie wolno si\u0119 z tego \u015bmia\u0107\u00a0<\/strong><\/em><\/a><\/p>\n","protected":false},"excerpt":{"rendered":"<p>Oskar\u017canie \/ tylko dla nich\u00a0 Domen\u0105 ich dzia\u0142ania Jest oskar\u017canie Za wszystko A sk\u0105d to jest znane Kto nieustannie oskar\u017ca braci naszych A mo\u017cna oskar\u017ca\u0107&hellip; <\/p>\n","protected":false},"author":1,"featured_media":0,"parent":0,"menu_order":0,"comment_status":"closed","ping_status":"closed","template":"","meta":{"footnotes":""},"class_list":["post-6542","page","type-page","status-publish","hentry"],"_links":{"self":[{"href":"https:\/\/hubertpietka.bialystok.pl\/index.php?rest_route=\/wp\/v2\/pages\/6542","targetHints":{"allow":["GET"]}}],"collection":[{"href":"https:\/\/hubertpietka.bialystok.pl\/index.php?rest_route=\/wp\/v2\/pages"}],"about":[{"href":"https:\/\/hubertpietka.bialystok.pl\/index.php?rest_route=\/wp\/v2\/types\/page"}],"author":[{"embeddable":true,"href":"https:\/\/hubertpietka.bialystok.pl\/index.php?rest_route=\/wp\/v2\/users\/1"}],"replies":[{"embeddable":true,"href":"https:\/\/hubertpietka.bialystok.pl\/index.php?rest_route=%2Fwp%2Fv2%2Fcomments&post=6542"}],"version-history":[{"count":1,"href":"https:\/\/hubertpietka.bialystok.pl\/index.php?rest_route=\/wp\/v2\/pages\/6542\/revisions"}],"predecessor-version":[{"id":6544,"href":"https:\/\/hubertpietka.bialystok.pl\/index.php?rest_route=\/wp\/v2\/pages\/6542\/revisions\/6544"}],"wp:attachment":[{"href":"https:\/\/hubertpietka.bialystok.pl\/index.php?rest_route=%2Fwp%2Fv2%2Fmedia&parent=6542"}],"curies":[{"name":"wp","href":"https:\/\/api.w.org\/{rel}","templated":true}]}}