{"id":6566,"date":"2022-12-04T20:52:05","date_gmt":"2022-12-04T20:52:05","guid":{"rendered":"http:\/\/hubertpietka.bialystok.pl\/?page_id=6566"},"modified":"2022-12-04T20:52:05","modified_gmt":"2022-12-04T20:52:05","slug":"kara-smierci-dla-ciasteczek","status":"publish","type":"page","link":"https:\/\/hubertpietka.bialystok.pl\/?page_id=6566","title":{"rendered":"Kara \u015bmierci \/ dla ciasteczek?"},"content":{"rendered":"<p><em><strong>Kara \u015bmierci \/ dla ciasteczek?<\/strong><\/em><\/p>\n<p><em>Dzi\u015b \u015bw. *Barbary* z *Ni-komedii*<\/em><br \/>\n<em> *Barbarzy\u0144cy* kar\u0119 \u015bmierci<\/em><br \/>\n<em> Z *Ni-komedii*<\/em><br \/>\n<em> Nie to ju\u017c nie jest wcale \u015bmieszne<\/em><\/p>\n<p>Podw\u00f3jna kara a mo\u017ce stokrotna<br \/>\nSta\u0107 was na pr\u00f3b\u0119 tak\u0105<br \/>\nA jaka nagroda dla sprawcy<br \/>\nAle i innych przy okazji<br \/>\nTak koniec \u015bwiata za tylko trzy dni<br \/>\nSta\u0107 was na pr\u00f3b\u0119 tak\u0105<br \/>\nMi wbrew pozorom tak bardzo<br \/>\nNie zale\u017cy na \u017cyciu<br \/>\nBo ja wiem gdzie b\u0119d\u0119<br \/>\nA wy wiecie pewni jeste\u015bcie<br \/>\nTam b\u0119dziecie gdzie b\u0119dziecie<\/p>\n<p>I je\u015bli cokolwieczuniek<br \/>\nDo\u015b\u0107 ju\u017c \u015bmierci niepotrzebnych<br \/>\nMo\u017cna lubowa\u0107 si\u0119 w \u015bmierci<br \/>\nBy\u0107 mo\u017ce ale do czasu<br \/>\nBo B\u00f3g nie dozwoli z Siebie szydzi\u0107<br \/>\nSta\u0107 was na tak\u0105 pr\u00f3b\u0119<br \/>\nPewni jeste\u015bcie ze inaczej<br \/>\nTo pr\u00f3bujcie prosz\u0119 bardzo<\/p>\n<p><a href=\"http:\/\/hubertpietka.bialystok.pl\/wp-content\/uploads\/2022\/12\/IMG_20221204_211954703.jpg\"><img loading=\"lazy\" decoding=\"async\" class=\"alignnone size-thumbnail wp-image-6567\" src=\"http:\/\/hubertpietka.bialystok.pl\/wp-content\/uploads\/2022\/12\/IMG_20221204_211954703-150x150.jpg\" alt=\"\" width=\"150\" height=\"150\" srcset=\"https:\/\/hubertpietka.bialystok.pl\/wp-content\/uploads\/2022\/12\/IMG_20221204_211954703-150x150.jpg 150w, https:\/\/hubertpietka.bialystok.pl\/wp-content\/uploads\/2022\/12\/IMG_20221204_211954703-75x75.jpg 75w\" sizes=\"auto, (max-width: 150px) 100vw, 150px\" \/><\/a><\/p>\n<p><strong>Na zdj. Ciasto blok bia\u0142y<\/strong><br \/>\n<strong> Z dwoma ciasteczkami i rodzynkami<\/strong><br \/>\n<strong> Powiem jak dziecku<\/strong><br \/>\n<strong> <em>Nie mo\u017cna zje\u015b\u0107 ciastko<\/em><\/strong><br \/>\n<strong><em> I mie\u0107 ciastko<\/em><\/strong><br \/>\n<strong> Cytuj\u0105c klasyka<\/strong><br \/>\n<strong> I je\u015bli cokolwieczuniek<\/strong><\/p>\n","protected":false},"excerpt":{"rendered":"<p>Kara \u015bmierci \/ dla ciasteczek? Dzi\u015b \u015bw. *Barbary* z *Ni-komedii* *Barbarzy\u0144cy* kar\u0119 \u015bmierci Z *Ni-komedii* Nie to ju\u017c nie jest wcale \u015bmieszne Podw\u00f3jna kara a&hellip; <\/p>\n","protected":false},"author":1,"featured_media":0,"parent":0,"menu_order":0,"comment_status":"closed","ping_status":"closed","template":"","meta":{"footnotes":""},"class_list":["post-6566","page","type-page","status-publish","hentry"],"_links":{"self":[{"href":"https:\/\/hubertpietka.bialystok.pl\/index.php?rest_route=\/wp\/v2\/pages\/6566","targetHints":{"allow":["GET"]}}],"collection":[{"href":"https:\/\/hubertpietka.bialystok.pl\/index.php?rest_route=\/wp\/v2\/pages"}],"about":[{"href":"https:\/\/hubertpietka.bialystok.pl\/index.php?rest_route=\/wp\/v2\/types\/page"}],"author":[{"embeddable":true,"href":"https:\/\/hubertpietka.bialystok.pl\/index.php?rest_route=\/wp\/v2\/users\/1"}],"replies":[{"embeddable":true,"href":"https:\/\/hubertpietka.bialystok.pl\/index.php?rest_route=%2Fwp%2Fv2%2Fcomments&post=6566"}],"version-history":[{"count":1,"href":"https:\/\/hubertpietka.bialystok.pl\/index.php?rest_route=\/wp\/v2\/pages\/6566\/revisions"}],"predecessor-version":[{"id":6568,"href":"https:\/\/hubertpietka.bialystok.pl\/index.php?rest_route=\/wp\/v2\/pages\/6566\/revisions\/6568"}],"wp:attachment":[{"href":"https:\/\/hubertpietka.bialystok.pl\/index.php?rest_route=%2Fwp%2Fv2%2Fmedia&parent=6566"}],"curies":[{"name":"wp","href":"https:\/\/api.w.org\/{rel}","templated":true}]}}