{"id":658,"date":"2017-07-14T11:39:58","date_gmt":"2017-07-14T11:39:58","guid":{"rendered":"http:\/\/hubertpietka.bialystok.pl\/?page_id=658"},"modified":"2017-07-14T11:39:58","modified_gmt":"2017-07-14T11:39:58","slug":"miasto-pokoju-z-apokalipsy-sw-jana","status":"publish","type":"page","link":"https:\/\/hubertpietka.bialystok.pl\/?page_id=658","title":{"rendered":"Miasto pokoju z Apokalipsy \u015bw. Jana"},"content":{"rendered":"<p style=\"text-align: center;\"><strong>Miasto pokoju<\/strong><\/p>\n<p style=\"text-align: center;\">\n<p>1 I ujrza\u0142em niebo nowe i ziemi\u0119 now\u0105, bo pierwsze niebo i pierwsza ziemia przemin\u0119\u0142y, i morza ju\u017c nie ma. I Miasto \u015awi\u0119te &#8211; Jeruzalem Nowe ujrza\u0142em zst\u0119puj\u0105ce z nieba od Boga, przystrojone jak oblubienica zdobna w klejnoty dla swego m\u0119\u017ca. 3 I us\u0142ysza\u0142em dono\u015bny g\u0142os m\u00f3wi\u0105cy od tronu: \u00abOto przybytek Boga z lud\u017ami: i zamieszka wraz z nimi, i b\u0119d\u0105 oni Jego ludem, a On b\u0119dzie &#8222;BOGIEM Z NIMI&#8221;. 4 I otrze z ich oczu wszelk\u0105 \u0142z\u0119, a \u015bmierci ju\u017c odt\u0105d nie b\u0119dzie. Ani \u017ca\u0142oby, ni krzyku, ni trudu ju\u017c [odt\u0105d] nie b\u0119dzie, bo pierwsze rzeczy przemin\u0119\u0142y\u00bb. 5 I rzek\u0142 Zasiadaj\u0105cy na tronie: \u00abOto czyni\u0119 wszystko nowe\u00bb. I m\u00f3wi: \u00abNapisz: S\u0142owa te wiarygodne s\u0105 i prawdziwe\u00bb. 6 I rzek\u0142 mi: \u00abSta\u0142o si\u0119. Jam Alfa i Omega, Pocz\u0105tek i Koniec. Ja pragn\u0105cemu dam darmo pi\u0107 ze \u017ar\u00f3d\u0142a wody \u017cycia. 7 Zwyci\u0119zca to odziedziczy i b\u0119d\u0119 Bogiem dla niego, a on dla mnie b\u0119dzie synem*. 8 A dla tch\u00f3rz\u00f3w, niewiernych, obmierz\u0142ych, zab\u00f3jc\u00f3w, rozpustnik\u00f3w, gu\u015blarzy, ba\u0142wochwalc\u00f3w i wszelkich k\u0142amc\u00f3w: udzia\u0142 w jeziorze gorej\u0105cym ogniem i siark\u0105. To jest \u015bmier\u0107 druga\u00bb.<\/p>\n<p>9 I przyszed\u0142 jeden z siedmiu anio\u0142\u00f3w, co trzymaj\u0105 siedem czasz pe\u0142nych siedmiu plag ostatecznych, i tak si\u0119 do mnie odezwa\u0142: \u00abChod\u017a, uka\u017c\u0119 ci Oblubienic\u0119, Ma\u0142\u017conk\u0119 Baranka\u00bb. 10 I uni\u00f3s\u0142 mnie w zachwyceniu na g\u00f3r\u0119 wielk\u0105 i wynios\u0142\u0105, i ukaza\u0142 mi Miasto \u015awi\u0119te &#8211; Jeruzalem, zst\u0119puj\u0105ce z nieba od Boga, 11 maj\u0105ce chwa\u0142\u0119 Boga. [\u2026] 22 A \u015bwi\u0105tyni w nim nie dojrza\u0142em: bo jego \u015bwi\u0105tyni\u0105 jest Pan B\u00f3g wszechmog\u0105cy oraz Baranek. 23 I Miastu nie trzeba s\u0142o\u0144ca ni ksi\u0119\u017cyca, by mu \u015bwieci\u0142y, bo chwa\u0142a Boga je o\u015bwietli\u0142a, a jego lamp\u0105 &#8211; Baranek. 24 I w jego \u015bwietle b\u0119d\u0105 chodzi\u0142y narody, i wnios\u0105 do niego kr\u00f3lowie ziemi sw\u00f3j przepych. 25 I za dnia bramy jego nie b\u0119d\u0105 zamkni\u0119te: bo ju\u017c nie b\u0119dzie tam nocy. 26 I wnios\u0105 do niego przepych i skarby narod\u00f3w. 27 A nic nieczystego do niego nie wejdzie ani ten, co pope\u0142nia ohyd\u0119 i k\u0142amstwo, lecz tylko zapisani w ksi\u0119dze \u017cycia Baranka.<\/p>\n<p>1 I ukaza\u0142 mi rzek\u0119 wody \u017cycia, l\u015bni\u0105c\u0105 jak kryszta\u0142, wyp\u0142ywaj\u0105c\u0105 z tronu Boga i Baranka. 2 Pomi\u0119dzy rynkiem Miasta a rzek\u0105, po obu brzegach, drzewo \u017cycia, rodz\u0105ce dwana\u015bcie owoc\u00f3w &#8211; wydaj\u0105ce sw\u00f3j owoc ka\u017cdego miesi\u0105ca &#8211; a li\u015bcie drzewa [s\u0142u\u017c\u0105] do leczenia narod\u00f3w. 3 Nic godnego kl\u0105twy ju\u017c [odt\u0105d] nie b\u0119dzie. I b\u0119dzie w nim tron Boga i Baranka, a s\u0142udzy Jego b\u0119d\u0105 Mu cze\u015b\u0107 oddawali. 4 I b\u0119d\u0105 ogl\u0105da\u0107 Jego oblicze, a imi\u0119 Jego &#8211; na ich czo\u0142ach. 5 I [odt\u0105d] ju\u017c nocy nie b\u0119dzie. A nie potrzeba im \u015bwiat\u0142a lampy i \u015bwiat\u0142a s\u0142o\u0144ca, bo Pan B\u00f3g b\u0119dzie \u015bwieci\u0142 nad nimi i b\u0119d\u0105 kr\u00f3lowa\u0107 na wieki wiek\u00f3w. 6 I rzek\u0142 mi: \u00abTe s\u0142owa wiarygodne s\u0105 i prawdziwe, a Pan, B\u00f3g duch\u00f3w prorok\u00f3w, wys\u0142a\u0142 swojego anio\u0142a, by s\u0142ugom swoim ukaza\u0107, co musi sta\u0107 si\u0119 niebawem. 7 A oto niebawem przyjd\u0119. B\u0142ogos\u0142awiony, kto strze\u017ce s\u0142\u00f3w proroctwa tej ksi\u0119gi\u00bb. 8 To w\u0142a\u015bnie ja, Jan, s\u0142ysz\u0119 i widz\u0119 te rzeczy. A kiedym us\u0142ysza\u0142 i ujrza\u0142, upad\u0142em, by odda\u0107 pok\u0142on przed stopami anio\u0142a, kt\u00f3ry mi je ukaza\u0142. 9 Na to rzek\u0142 do mnie:\u00a0 \u00abBacz, by\u015b tego nie czyni\u0142, bo jestem wsp\u00f3\u0142s\u0142ug\u0105 twoim\u00a0 i braci twoich, prorok\u00f3w, i tych, kt\u00f3rzy strzeg\u0105 s\u0142\u00f3w tej ksi\u0119gi. Bogu samemu z\u0142\u00f3\u017c pok\u0142on!\u00bb 10 Dalej powiedzia\u0142 do mnie: \u00abNie k\u0142ad\u017a piecz\u0119ci na s\u0142owa proroctwa tej ksi\u0119gi, bo chwila jest bliska*. 11 Kto krzywdzi, niech jeszcze krzywd\u0119 wyrz\u0105dzi, i plugawy niech si\u0119 jeszcze splugawi, a sprawiedliwy niech jeszcze wype\u0142ni sprawiedliwo\u015b\u0107, a \u015bwi\u0119ty niechaj si\u0119 jeszcze u\u015bwi\u0119ci! 12 Oto przyjd\u0119 niebawem, a moja zap\u0142ata jest ze mn\u0105, by tak ka\u017cdemu odp\u0142aci\u0107, jaka jest jego praca. 13 Jam Alfa i Omega, Pierwszy i Ostatni, Pocz\u0105tek i Koniec. 14 B\u0142ogos\u0142awieni, kt\u00f3rzy p\u0142ucz\u0105 swe szaty, aby w\u0142adza nad drzewem \u017cycia do nich nale\u017ca\u0142a i aby bramami wchodzili do Miasta. 15 Na zewn\u0105trz s\u0105 psy, gu\u015blarze, rozpustnicy, zab\u00f3jcy, ba\u0142wochwalcy i ka\u017cdy, kto k\u0142amstwo kocha i nim \u017cyje.<\/p>\n<p style=\"text-align: right;\">[Apokalipsa \u015bw. Jana, Rozdz. XXI, XX]<\/p>\n","protected":false},"excerpt":{"rendered":"<p>Miasto pokoju 1 I ujrza\u0142em niebo nowe i ziemi\u0119 now\u0105, bo pierwsze niebo i pierwsza ziemia przemin\u0119\u0142y, i morza ju\u017c nie ma. I Miasto \u015awi\u0119te&hellip; <\/p>\n","protected":false},"author":1,"featured_media":0,"parent":0,"menu_order":0,"comment_status":"closed","ping_status":"closed","template":"","meta":{"footnotes":""},"class_list":["post-658","page","type-page","status-publish","hentry"],"_links":{"self":[{"href":"https:\/\/hubertpietka.bialystok.pl\/index.php?rest_route=\/wp\/v2\/pages\/658","targetHints":{"allow":["GET"]}}],"collection":[{"href":"https:\/\/hubertpietka.bialystok.pl\/index.php?rest_route=\/wp\/v2\/pages"}],"about":[{"href":"https:\/\/hubertpietka.bialystok.pl\/index.php?rest_route=\/wp\/v2\/types\/page"}],"author":[{"embeddable":true,"href":"https:\/\/hubertpietka.bialystok.pl\/index.php?rest_route=\/wp\/v2\/users\/1"}],"replies":[{"embeddable":true,"href":"https:\/\/hubertpietka.bialystok.pl\/index.php?rest_route=%2Fwp%2Fv2%2Fcomments&post=658"}],"version-history":[{"count":1,"href":"https:\/\/hubertpietka.bialystok.pl\/index.php?rest_route=\/wp\/v2\/pages\/658\/revisions"}],"predecessor-version":[{"id":659,"href":"https:\/\/hubertpietka.bialystok.pl\/index.php?rest_route=\/wp\/v2\/pages\/658\/revisions\/659"}],"wp:attachment":[{"href":"https:\/\/hubertpietka.bialystok.pl\/index.php?rest_route=%2Fwp%2Fv2%2Fmedia&parent=658"}],"curies":[{"name":"wp","href":"https:\/\/api.w.org\/{rel}","templated":true}]}}