{"id":6597,"date":"2022-12-11T14:37:30","date_gmt":"2022-12-11T14:37:30","guid":{"rendered":"http:\/\/hubertpietka.bialystok.pl\/?page_id=6597"},"modified":"2022-12-11T22:13:08","modified_gmt":"2022-12-11T22:13:08","slug":"czy-tylko-ja-prawa-nie-mam-do-zaloby","status":"publish","type":"page","link":"https:\/\/hubertpietka.bialystok.pl\/?page_id=6597","title":{"rendered":"Czy tylko ja \/ prawa nie mam do \u017ca\u0142o\u015bci + Dodatek \/ Post Factum"},"content":{"rendered":"<p style=\"text-align: center;\"><em><strong>Czy tylko ja \/ prawa nie mam do \u017ca\u0142o\u015bci + Dodatek \/ Post Factum\u00a0<\/strong><\/em><\/p>\n<p>Macki z\u0142a mog\u0105 si\u0119ga\u0107 daleko<br \/>\nZaskakuj\u0105ce s\u0105 ich d\u0105\u017cenia<br \/>\nDo zbrodni na nas naszych<br \/>\nDlaczego oni to przede mn\u0105<br \/>\nKoniecznie ukrywaj\u0105<\/p>\n<p>Bo czy\u017c nie w tym akurat czasie<br \/>\nUroczysto\u015bci pogrzebowe pewnej osoby<br \/>\nA potem kolejnej i kolejnej<br \/>\nI co dalej mo\u017ce<br \/>\nWiem o tym bo oni byli u mnie odmienieni<\/p>\n<p><a href=\"http:\/\/hubertpietka.bialystok.pl\/wp-content\/uploads\/2022\/12\/IMG_20221211_151739.jpg\"><img loading=\"lazy\" decoding=\"async\" class=\"alignnone size-thumbnail wp-image-6598\" src=\"http:\/\/hubertpietka.bialystok.pl\/wp-content\/uploads\/2022\/12\/IMG_20221211_151739-150x150.jpg\" alt=\"\" width=\"150\" height=\"150\" srcset=\"https:\/\/hubertpietka.bialystok.pl\/wp-content\/uploads\/2022\/12\/IMG_20221211_151739-150x150.jpg 150w, https:\/\/hubertpietka.bialystok.pl\/wp-content\/uploads\/2022\/12\/IMG_20221211_151739-75x75.jpg 75w\" sizes=\"auto, (max-width: 150px) 100vw, 150px\" \/><\/a><\/p>\n<p><strong>Na zdj. Jagiello\u0144ska pszcz\u00f3\u0142ka w kolorach fioletu<\/strong><br \/>\n<strong> Na przeciwko Jagiello\u0144skich Apartament\u00f3w<\/strong><br \/>\n<strong> Na Jurowieckiej w Bia\u0142ymstoku<\/strong><br \/>\n<strong> Chcia\u0142 tam mieszka\u0107<\/strong><br \/>\n<strong> Kocha\u0142 futbol<\/strong><br \/>\n<strong> Nie mia\u0142a chyba Jagiellonia<\/strong><br \/>\n<strong> Wierniejszego kibica z odleg\u0142o\u015bci<\/strong><br \/>\n<strong> Kocha\u0142 Bia\u0142ystok<\/strong><br \/>\n<strong> Cho\u0107 nigdy tu nie mieszka\u0142<\/strong><\/p>\n<p><strong>Mia\u0142 c\u00f3rk\u0119<\/strong><br \/>\n<strong> Dla niej by zrobi\u0142 wszystko<\/strong><br \/>\n<strong> By j\u0105 uchroni\u0107 przed tym<\/strong><br \/>\n<strong> Czego los mu nie szcz\u0119dzi\u0142<\/strong><br \/>\n<strong> Potrafi\u0142 kocha\u0107 a to najwa\u017cniejsze<\/strong><\/p>\n<p style=\"text-align: center;\"><a href=\"https:\/\/youtu.be\/b8gbdeGUnR0\"><em><strong>GrubSon \/ Narodowa Orkiestra D\u0119ta &#8211; Na szczycie\u00a0<\/strong><\/em><\/a><\/p>\n<p style=\"text-align: center;\">\/<\/p>\n<p><strong>+ Dodatek \/ Post Factum<\/strong><\/p>\n<p><em>Bogu dzi\u0119ki<\/em><br \/>\n<em> W tym przypadku alarm przedwczesny<\/em><br \/>\n<em> Ale jednak niech to zostanie<\/em><br \/>\n<em> Wol\u0119 chucha\u0107 na zimne<\/em><br \/>\n<em> (A propos cho\u0107by surowej aury)<\/em><br \/>\n<em> Mam jednak wra\u017cenie<\/em><br \/>\n<em> \u017be co\u015b tam przede mn\u0105 jednak ukrywa si\u0119<\/em><br \/>\n<em> I senne zmory mog\u0105 s\u0142u\u017cy\u0107<\/em><br \/>\n<em> R\u00f3\u017cnym sprawom Bo\u017cym<\/em><br \/>\n<em> A pie\u015b\u0144 ta niech b\u0119dzie<\/em><br \/>\n<em> Dla tych co odeszli<\/em><br \/>\n<em> A o kt\u00f3rych jednak mo\u017ce nie wiem<\/em><\/p>\n","protected":false},"excerpt":{"rendered":"<p>Czy tylko ja \/ prawa nie mam do \u017ca\u0142o\u015bci + Dodatek \/ Post Factum\u00a0 Macki z\u0142a mog\u0105 si\u0119ga\u0107 daleko Zaskakuj\u0105ce s\u0105 ich d\u0105\u017cenia Do zbrodni&hellip; <\/p>\n","protected":false},"author":1,"featured_media":0,"parent":0,"menu_order":0,"comment_status":"closed","ping_status":"closed","template":"","meta":{"footnotes":""},"class_list":["post-6597","page","type-page","status-publish","hentry"],"_links":{"self":[{"href":"https:\/\/hubertpietka.bialystok.pl\/index.php?rest_route=\/wp\/v2\/pages\/6597","targetHints":{"allow":["GET"]}}],"collection":[{"href":"https:\/\/hubertpietka.bialystok.pl\/index.php?rest_route=\/wp\/v2\/pages"}],"about":[{"href":"https:\/\/hubertpietka.bialystok.pl\/index.php?rest_route=\/wp\/v2\/types\/page"}],"author":[{"embeddable":true,"href":"https:\/\/hubertpietka.bialystok.pl\/index.php?rest_route=\/wp\/v2\/users\/1"}],"replies":[{"embeddable":true,"href":"https:\/\/hubertpietka.bialystok.pl\/index.php?rest_route=%2Fwp%2Fv2%2Fcomments&post=6597"}],"version-history":[{"count":3,"href":"https:\/\/hubertpietka.bialystok.pl\/index.php?rest_route=\/wp\/v2\/pages\/6597\/revisions"}],"predecessor-version":[{"id":6603,"href":"https:\/\/hubertpietka.bialystok.pl\/index.php?rest_route=\/wp\/v2\/pages\/6597\/revisions\/6603"}],"wp:attachment":[{"href":"https:\/\/hubertpietka.bialystok.pl\/index.php?rest_route=%2Fwp%2Fv2%2Fmedia&parent=6597"}],"curies":[{"name":"wp","href":"https:\/\/api.w.org\/{rel}","templated":true}]}}