{"id":6618,"date":"2022-12-14T22:03:04","date_gmt":"2022-12-14T22:03:04","guid":{"rendered":"http:\/\/hubertpietka.bialystok.pl\/?page_id=6618"},"modified":"2022-12-14T22:03:04","modified_gmt":"2022-12-14T22:03:04","slug":"sluza-swieci-potrzebom-naszym-zawsze","status":"publish","type":"page","link":"https:\/\/hubertpietka.bialystok.pl\/?page_id=6618","title":{"rendered":"S\u0142u\u017c\u0105 \u015bwi\u0119ci \/ potrzebom naszym zawsze"},"content":{"rendered":"<p><em><strong>S\u0142u\u017c\u0105 \u015bwi\u0119ci<\/strong><\/em> \/ <em>potrzebom naszym<\/em>\u00a0<em>zawsze<\/em><\/p>\n<p><strong>Wszyscy \u015bwi\u0119ci nasi s\u0105<\/strong><br \/>\n<strong> Na ka\u017cdy dzie\u0144<\/strong><\/p>\n<p>Dzi\u015b wspominany pono\u0107 \u015bw. *We-na-nc-jausz*<br \/>\nWszyscy \u015bwi\u0119ci s\u0105 nasi zawsze<br \/>\nPrzy takiej czy innej okazji<\/p>\n<p>*W ni\u0105 na ni\u0105 ju\u017c* zaraz czy mo\u017ce dalej<br \/>\n*W ni\u0105 w nas ju\u017c* w naszych nasze<br \/>\nA mo\u017ce troch\u0119 dalej<br \/>\n*W-* domu *na-* dworze ju\u017c<br \/>\nNam co\u015b maj\u0105 przyj\u015b\u0107<br \/>\nCzy mo\u017ce troch\u0119 potem<br \/>\n*We-* \u015bnie *na-* czuwaniu ju\u017c<br \/>\nCzy troch\u0119 dalej<\/p>\n<p>Ale *Wenancjusz* Fortunat przecie\u017c<br \/>\nNiech nam sprzyja *fortuna* losu<br \/>\nWed\u0142ug ufno\u015bci Bo\u017cej Opatrzno\u015bci<br \/>\nI by\u015bmy robili co mamy robi\u0107 w Bogu<\/p>\n<p><a href=\"http:\/\/hubertpietka.bialystok.pl\/wp-content\/uploads\/2022\/12\/IMG_20221214_222828.jpg\"><img loading=\"lazy\" decoding=\"async\" class=\"alignnone size-thumbnail wp-image-6619\" src=\"http:\/\/hubertpietka.bialystok.pl\/wp-content\/uploads\/2022\/12\/IMG_20221214_222828-150x150.jpg\" alt=\"\" width=\"150\" height=\"150\" srcset=\"https:\/\/hubertpietka.bialystok.pl\/wp-content\/uploads\/2022\/12\/IMG_20221214_222828-150x150.jpg 150w, https:\/\/hubertpietka.bialystok.pl\/wp-content\/uploads\/2022\/12\/IMG_20221214_222828-75x75.jpg 75w\" sizes=\"auto, (max-width: 150px) 100vw, 150px\" \/><\/a><\/p>\n<p><em>Na zdj. Bia\u0142a owieczka w folii<\/em><br \/>\n<em> I ba\u0142wanek zielony<\/em><br \/>\n<em> W pewnym \u0142om\u017cy\u0144skim domu<\/em><br \/>\n<em> Powinna by\u0107 chroniona czysto\u015b\u0107<\/em><br \/>\n<em> A nadzieja i zim\u0119 rozgrzewa ducha powiewem<\/em><\/p>\n<p style=\"text-align: center;\"><a href=\"https:\/\/youtu.be\/XBn_oqO1KlE\"><strong><em>Jan Pietrzak &#8211; Nadzieja\u00a0<\/em><\/strong><\/a><\/p>\n","protected":false},"excerpt":{"rendered":"<p>S\u0142u\u017c\u0105 \u015bwi\u0119ci \/ potrzebom naszym\u00a0zawsze Wszyscy \u015bwi\u0119ci nasi s\u0105 Na ka\u017cdy dzie\u0144 Dzi\u015b wspominany pono\u0107 \u015bw. *We-na-nc-jausz* Wszyscy \u015bwi\u0119ci s\u0105 nasi zawsze Przy takiej czy&hellip; <\/p>\n","protected":false},"author":1,"featured_media":0,"parent":0,"menu_order":0,"comment_status":"closed","ping_status":"closed","template":"","meta":{"footnotes":""},"class_list":["post-6618","page","type-page","status-publish","hentry"],"_links":{"self":[{"href":"https:\/\/hubertpietka.bialystok.pl\/index.php?rest_route=\/wp\/v2\/pages\/6618","targetHints":{"allow":["GET"]}}],"collection":[{"href":"https:\/\/hubertpietka.bialystok.pl\/index.php?rest_route=\/wp\/v2\/pages"}],"about":[{"href":"https:\/\/hubertpietka.bialystok.pl\/index.php?rest_route=\/wp\/v2\/types\/page"}],"author":[{"embeddable":true,"href":"https:\/\/hubertpietka.bialystok.pl\/index.php?rest_route=\/wp\/v2\/users\/1"}],"replies":[{"embeddable":true,"href":"https:\/\/hubertpietka.bialystok.pl\/index.php?rest_route=%2Fwp%2Fv2%2Fcomments&post=6618"}],"version-history":[{"count":1,"href":"https:\/\/hubertpietka.bialystok.pl\/index.php?rest_route=\/wp\/v2\/pages\/6618\/revisions"}],"predecessor-version":[{"id":6620,"href":"https:\/\/hubertpietka.bialystok.pl\/index.php?rest_route=\/wp\/v2\/pages\/6618\/revisions\/6620"}],"wp:attachment":[{"href":"https:\/\/hubertpietka.bialystok.pl\/index.php?rest_route=%2Fwp%2Fv2%2Fmedia&parent=6618"}],"curies":[{"name":"wp","href":"https:\/\/api.w.org\/{rel}","templated":true}]}}