{"id":6624,"date":"2022-12-15T09:34:26","date_gmt":"2022-12-15T09:34:26","guid":{"rendered":"http:\/\/hubertpietka.bialystok.pl\/?page_id=6624"},"modified":"2022-12-15T09:34:41","modified_gmt":"2022-12-15T09:34:41","slug":"do-mena-priorytetowa","status":"publish","type":"page","link":"https:\/\/hubertpietka.bialystok.pl\/?page_id=6624","title":{"rendered":"*Do mena* \/ priorytetowo"},"content":{"rendered":"<p><em><strong>*Do mena* \/ priorytetowo<\/strong><\/em><\/p>\n<p>Bezczelnie i na hama<br \/>\nTo *do-mena* ich dzia\u0142ania<br \/>\nKiedy ju\u017c dzia\u0142aj\u0105 jawnie<br \/>\nBo lubi\u0105 te\u017c robi\u0107 skrycie<br \/>\nR\u00f3\u017cne takie tam rzeczy<\/p>\n<p>*Do <em>mena<\/em>* przyj\u015b\u0107 maj\u0105<br \/>\nNa na na na<br \/>\nBezczelnie i na hama<br \/>\n*Dom <em>mena<\/em>* to przecie\u017c nie jego domena<br \/>\nNa na na<br \/>\nNa dworze gdziekolwiek<br \/>\nNa na na dworze<br \/>\nKt\u00f3\u017c im zabroni<\/p>\n<p>A skrycie w nasze \u017cycie<br \/>\nI w naszych nasze<br \/>\nTak czy inaczej<br \/>\nDowolno\u015b\u0107 \u015brodk\u00f3w<br \/>\nIch domen\u0105 priorytetow\u0105<\/p>\n<p>A na ka\u017cdy *priorytet*<br \/>\nTo przecie\u017c oni maj\u0105 *parytet*<\/p>\n<p>Oni ich ponad wszystko<br \/>\nWed\u0142ug ich zdania<br \/>\nWszystko ma by\u0107 podporz\u0105dkowane<br \/>\nA co si\u0119 z tym nie zgadza<br \/>\nWyeliminowane na na na<\/p>\n<p><a href=\"http:\/\/hubertpietka.bialystok.pl\/wp-content\/uploads\/2022\/12\/IMG_20221215_093914.jpg\"><img loading=\"lazy\" decoding=\"async\" class=\"alignnone size-thumbnail wp-image-6625\" src=\"http:\/\/hubertpietka.bialystok.pl\/wp-content\/uploads\/2022\/12\/IMG_20221215_093914-150x150.jpg\" alt=\"\" width=\"150\" height=\"150\" srcset=\"https:\/\/hubertpietka.bialystok.pl\/wp-content\/uploads\/2022\/12\/IMG_20221215_093914-150x150.jpg 150w, https:\/\/hubertpietka.bialystok.pl\/wp-content\/uploads\/2022\/12\/IMG_20221215_093914-75x75.jpg 75w\" sizes=\"auto, (max-width: 150px) 100vw, 150px\" \/><\/a><\/p>\n<p><strong>Na zdj. *<em>Music moment<\/em>s*<\/strong><br \/>\n<strong> Muzyka w wierszu<\/strong><br \/>\n<strong> Mo\u017ce by\u0107 na r\u00f3\u017cnych poziomach<\/strong><br \/>\n<strong> Ale to trzeba umie\u0107 odczyta\u0107<\/strong><br \/>\n<strong> Bo wiersz jest metaj\u0119zykiem<\/strong><br \/>\n<strong> Ma te\u017c swe odniesienia<\/strong><br \/>\n<strong> Nie tylko bezpo\u015brednie<\/strong><br \/>\n<strong> Jak w prozie<\/strong><br \/>\n<strong> Kto czyta niech rozumie dobrze<\/strong><\/p>\n<p><em>Na na na<\/em><br \/>\n<em> I je\u015bli cokolwieczuniek na na na-wet<\/em><br \/>\n<em> Na na na<\/em><br \/>\n<em> Przyjd\u017a a oni nie<\/em><br \/>\n<em> I niech nie zak\u0142\u00f3caj\u0105<\/em><br \/>\n<em> Miru domowego naszego naszych<\/em><br \/>\n<em> I pokoju serc<\/em><br \/>\n<em> Wszystkich cz\u0142onk\u00f3w rodziny tej<\/em><br \/>\n<em> Na na na<\/em><br \/>\n<em> Nie<\/em><\/p>\n<p><a href=\"https:\/\/youtu.be\/3IF6E3LVEIY\"><strong><em>Jestem sobie przedszkolaczek &#8211; Smok Edzio &#8211; Piosenka dla dzieci<\/em><\/strong><\/a><\/p>\n<p style=\"text-align: center;\">\/<\/p>\n<p style=\"text-align: right;\"><a href=\"https:\/\/youtu.be\/UzzNgNdgFdg\"><em><strong>Kapela &#8211; \u015apiewanki.pl \/ piosenki dla dzieci\u00a0<\/strong><\/em><\/a><\/p>\n","protected":false},"excerpt":{"rendered":"<p>*Do mena* \/ priorytetowo Bezczelnie i na hama To *do-mena* ich dzia\u0142ania Kiedy ju\u017c dzia\u0142aj\u0105 jawnie Bo lubi\u0105 te\u017c robi\u0107 skrycie R\u00f3\u017cne takie tam rzeczy&hellip; <\/p>\n","protected":false},"author":1,"featured_media":0,"parent":0,"menu_order":0,"comment_status":"closed","ping_status":"closed","template":"","meta":{"footnotes":""},"class_list":["post-6624","page","type-page","status-publish","hentry"],"_links":{"self":[{"href":"https:\/\/hubertpietka.bialystok.pl\/index.php?rest_route=\/wp\/v2\/pages\/6624","targetHints":{"allow":["GET"]}}],"collection":[{"href":"https:\/\/hubertpietka.bialystok.pl\/index.php?rest_route=\/wp\/v2\/pages"}],"about":[{"href":"https:\/\/hubertpietka.bialystok.pl\/index.php?rest_route=\/wp\/v2\/types\/page"}],"author":[{"embeddable":true,"href":"https:\/\/hubertpietka.bialystok.pl\/index.php?rest_route=\/wp\/v2\/users\/1"}],"replies":[{"embeddable":true,"href":"https:\/\/hubertpietka.bialystok.pl\/index.php?rest_route=%2Fwp%2Fv2%2Fcomments&post=6624"}],"version-history":[{"count":2,"href":"https:\/\/hubertpietka.bialystok.pl\/index.php?rest_route=\/wp\/v2\/pages\/6624\/revisions"}],"predecessor-version":[{"id":6627,"href":"https:\/\/hubertpietka.bialystok.pl\/index.php?rest_route=\/wp\/v2\/pages\/6624\/revisions\/6627"}],"wp:attachment":[{"href":"https:\/\/hubertpietka.bialystok.pl\/index.php?rest_route=%2Fwp%2Fv2%2Fmedia&parent=6624"}],"curies":[{"name":"wp","href":"https:\/\/api.w.org\/{rel}","templated":true}]}}