{"id":6631,"date":"2022-12-16T22:22:35","date_gmt":"2022-12-16T22:22:35","guid":{"rendered":"http:\/\/hubertpietka.bialystok.pl\/?page_id=6631"},"modified":"2022-12-16T22:22:35","modified_gmt":"2022-12-16T22:22:35","slug":"prywatnosc-choroby-jest-prawem-podstawowym","status":"publish","type":"page","link":"https:\/\/hubertpietka.bialystok.pl\/?page_id=6631","title":{"rendered":"Prywatno\u015b\u0107 choroby \/ jest prawem podstawowym"},"content":{"rendered":"<p><em><strong>Prywatno\u015b\u0107 choroby \/ jest prawem podstawowym<\/strong><\/em><\/p>\n<p>Prawo do prywatno\u015bci choroby<br \/>\nJest prawem cz\u0142owieka podstawowym<br \/>\nTo znaczy \u017ce nie mo\u017cna<br \/>\nO chorobach cz\u0142owieka<br \/>\nM\u00f3wi\u0107 wobec postronnych os\u00f3b<br \/>\nBo w ten spos\u00f3b<br \/>\nSi\u0119 go wobec nich stygmatyzuje<br \/>\nDotyczy to zreszt\u0105 chor\u00f3b wszelkich<\/p>\n<p>A oni co z tym robi\u0105 zrobili<br \/>\nRozgrywk\u0119 z tego uczynili<br \/>\nKt\u00f3ra ma uderza\u0107<br \/>\nW tego<br \/>\nKt\u00f3ry si\u0119 z tym mierzy<br \/>\n\u017b\u0105daj\u0105 praw przestrzegania<br \/>\nMno\u017conych niepomiernie<br \/>\nA nie przestrzegaj\u0105<br \/>\nPodstawowych najpierwszych praw cz\u0142owieka<\/p>\n<p><a href=\"http:\/\/hubertpietka.bialystok.pl\/wp-content\/uploads\/2022\/12\/IMG_20221216_225331.jpg\"><img loading=\"lazy\" decoding=\"async\" class=\"alignnone size-thumbnail wp-image-6632\" src=\"http:\/\/hubertpietka.bialystok.pl\/wp-content\/uploads\/2022\/12\/IMG_20221216_225331-150x150.jpg\" alt=\"\" width=\"150\" height=\"150\" srcset=\"https:\/\/hubertpietka.bialystok.pl\/wp-content\/uploads\/2022\/12\/IMG_20221216_225331-150x150.jpg 150w, https:\/\/hubertpietka.bialystok.pl\/wp-content\/uploads\/2022\/12\/IMG_20221216_225331-75x75.jpg 75w\" sizes=\"auto, (max-width: 150px) 100vw, 150px\" \/><\/a><\/p>\n<p><strong>Na zdj. Maryja z go\u0142\u0105bkiem pokoju<\/strong><br \/>\n<strong> Ja mam go pokoju<\/strong><br \/>\n<strong> W sercu du\u017co<\/strong><br \/>\n<strong> Ale musz\u0119 si\u0119 broni\u0107<\/strong><br \/>\n<strong> Przed tym co uderza<\/strong><br \/>\n<strong> Nie tylko we mnie<\/strong><br \/>\n<strong> Ale w prawa cz\u0142owieka fundamentalne<\/strong><\/p>\n<p><em>Dzie\u0144 dzisiejszy jako\u015b chyba zwi\u0105zany<\/em><br \/>\n<em> Z b\u0142. Honoratem<\/em><br \/>\n<em> To jest te\u017c honoru sprawa<\/em><br \/>\n<em> Bo w ten spos\u00f3b mo\u017cna<\/em><br \/>\n<em> Pomniejsza\u0107 zawsze<\/em><br \/>\n<em> Epatuj\u0105c chorobami cz\u0142owieka<\/em><br \/>\n<em> Do czego nikt tak naprawd\u0119<\/em><br \/>\n<em> Nie ma prawa<\/em><br \/>\n<em> Aby upublicznia\u0107 choroby kogokolwiek<\/em><br \/>\n<em> Czy oni by tak robili<\/em><br \/>\n<em> Je\u015bli by chodzi\u0142o o nich<\/em><br \/>\n<em> Nie ka\u017cdy si\u0119 chroni<\/em><br \/>\n<em> To dlaczego czyni\u0105 tak<\/em><br \/>\n<em> Z maluczkimi bezbronnymi<\/em><\/p>\n","protected":false},"excerpt":{"rendered":"<p>Prywatno\u015b\u0107 choroby \/ jest prawem podstawowym Prawo do prywatno\u015bci choroby Jest prawem cz\u0142owieka podstawowym To znaczy \u017ce nie mo\u017cna O chorobach cz\u0142owieka M\u00f3wi\u0107 wobec postronnych&hellip; <\/p>\n","protected":false},"author":1,"featured_media":0,"parent":0,"menu_order":0,"comment_status":"closed","ping_status":"closed","template":"","meta":{"footnotes":""},"class_list":["post-6631","page","type-page","status-publish","hentry"],"_links":{"self":[{"href":"https:\/\/hubertpietka.bialystok.pl\/index.php?rest_route=\/wp\/v2\/pages\/6631","targetHints":{"allow":["GET"]}}],"collection":[{"href":"https:\/\/hubertpietka.bialystok.pl\/index.php?rest_route=\/wp\/v2\/pages"}],"about":[{"href":"https:\/\/hubertpietka.bialystok.pl\/index.php?rest_route=\/wp\/v2\/types\/page"}],"author":[{"embeddable":true,"href":"https:\/\/hubertpietka.bialystok.pl\/index.php?rest_route=\/wp\/v2\/users\/1"}],"replies":[{"embeddable":true,"href":"https:\/\/hubertpietka.bialystok.pl\/index.php?rest_route=%2Fwp%2Fv2%2Fcomments&post=6631"}],"version-history":[{"count":1,"href":"https:\/\/hubertpietka.bialystok.pl\/index.php?rest_route=\/wp\/v2\/pages\/6631\/revisions"}],"predecessor-version":[{"id":6633,"href":"https:\/\/hubertpietka.bialystok.pl\/index.php?rest_route=\/wp\/v2\/pages\/6631\/revisions\/6633"}],"wp:attachment":[{"href":"https:\/\/hubertpietka.bialystok.pl\/index.php?rest_route=%2Fwp%2Fv2%2Fmedia&parent=6631"}],"curies":[{"name":"wp","href":"https:\/\/api.w.org\/{rel}","templated":true}]}}