{"id":6638,"date":"2022-12-17T14:44:44","date_gmt":"2022-12-17T14:44:44","guid":{"rendered":"http:\/\/hubertpietka.bialystok.pl\/?page_id=6638"},"modified":"2022-12-17T14:44:44","modified_gmt":"2022-12-17T14:44:44","slug":"prawo-czlowieka-podstawowe-do-intymnego-przezywania-wlasnej-choroby","status":"publish","type":"page","link":"https:\/\/hubertpietka.bialystok.pl\/?page_id=6638","title":{"rendered":"Prawo cz\u0142owieka podstawowe \/ do intymnego prze\u017cywania w\u0142asnej choroby"},"content":{"rendered":"<p><em><strong>Prawo cz\u0142owieka podstawowe \/ do intymnego prze\u017cywania w\u0142asnej choroby\u00a0<\/strong><\/em><\/p>\n<p><em>Dzi\u015b pono\u0107 \u015bw. Modesta<\/em><br \/>\n<em> Temat prywatno\u015bci choroby<\/em><br \/>\n<em> Wymaga te\u017c pewnej modyfikacji<\/em><br \/>\n<em> W tym przypadku<\/em><\/p>\n<p>Nie \u017cycz\u0119 sobie<br \/>\nChyba nikt by sobie tego nie \u017cyczy\u0142<br \/>\nAby epatowano naszymi chorobami<br \/>\nRealnymi potencjalnymi czy urojonymi<br \/>\nI w ten spos\u00f3b nas stygmatyzowano<br \/>\nNie m\u00f3wi\u0105c ju\u017c nawet<br \/>\nO takich czy innych insynuacjach<br \/>\nDotyczy to wszystkich<br \/>\nOd rodziny po znajomych<br \/>\nCzy wreszcie kogokolwiek<br \/>\nPrawo do intymnego prze\u017cywania choroby<br \/>\nJest prawem cz\u0142owieka podstawowym<br \/>\nNie chc\u0119 aby na nas patrzono<br \/>\nTylko w ten spos\u00f3b<br \/>\nPrzez pryzmat wykrzywiony celowo<\/p>\n<p><em>Dzi\u015b te\u017c podobno \u015bw. *Wi-winy*<\/em><br \/>\n<em> *Wy winni* to ich wina<\/em><br \/>\n<em> Ale ju\u017c wystarczy<\/em><br \/>\n<em> Patrzenia na nas fa\u0142szywie<\/em><br \/>\n<em> Jak w pop\u0119kanym zwierciadle<\/em><\/p>\n<p><em><a href=\"http:\/\/hubertpietka.bialystok.pl\/wp-content\/uploads\/2022\/12\/IMG_20221217_152820.jpg\"><img loading=\"lazy\" decoding=\"async\" class=\"alignnone size-thumbnail wp-image-6639\" src=\"http:\/\/hubertpietka.bialystok.pl\/wp-content\/uploads\/2022\/12\/IMG_20221217_152820-150x150.jpg\" alt=\"\" width=\"150\" height=\"150\" srcset=\"https:\/\/hubertpietka.bialystok.pl\/wp-content\/uploads\/2022\/12\/IMG_20221217_152820-150x150.jpg 150w, https:\/\/hubertpietka.bialystok.pl\/wp-content\/uploads\/2022\/12\/IMG_20221217_152820-75x75.jpg 75w\" sizes=\"auto, (max-width: 150px) 100vw, 150px\" \/><\/a><\/em><\/p>\n<p><strong>Na zdj. Figura mural<\/strong><br \/>\n<strong> Kt\u00f3ra przypomina go\u0142\u0105bka pokoju<\/strong><br \/>\n<strong> W geometrycznym uj\u0119ciu<\/strong><br \/>\n<strong> Pok\u00f3j serca te\u017c mo\u017ce mie\u0107<\/strong><br \/>\n<strong> Podobny wyraz<\/strong><br \/>\n<strong> Kiedy inni w r\u00f3\u017cne ramy<\/strong><br \/>\n<strong> Pr\u00f3buj\u0105 go zamkn\u0105\u0107<\/strong><br \/>\n<strong> Co nie przeczy jego istocie<\/strong><\/p>\n<p>Ka\u017cdy ma prawo si\u0119 broni\u0107<br \/>\nSzczeg\u00f3lnie przed jawn\u0105 niesprawiedliwo\u015bci\u0105<br \/>\nPrzyjd\u017a a oni nie<br \/>\nTak\u017ce pod pozorem choroby<br \/>\nTakiej czy innej<br \/>\nI je\u015bli cokolwieczuniek<br \/>\nJezu ufam Tobie<\/p>\n<p>Ps. Nie mamy chor\u00f3b wypisanych<br \/>\nNa naszych czo\u0142ach<br \/>\nNie chcemy dlatego wi\u0119c<br \/>\nBy o nich m\u00f3wiono<br \/>\nWszem i wobec<br \/>\nChoroba nie definiuje finalnie cz\u0142owieka<br \/>\nIstota cz\u0142owiecze\u0144stwa<br \/>\nNa czym\u015b innym<br \/>\nChyba jednak powinna polega\u0107<\/p>\n<p>Etc.<\/p>\n","protected":false},"excerpt":{"rendered":"<p>Prawo cz\u0142owieka podstawowe \/ do intymnego prze\u017cywania w\u0142asnej choroby\u00a0 Dzi\u015b pono\u0107 \u015bw. Modesta Temat prywatno\u015bci choroby Wymaga te\u017c pewnej modyfikacji W tym przypadku Nie \u017cycz\u0119&hellip; <\/p>\n","protected":false},"author":1,"featured_media":0,"parent":0,"menu_order":0,"comment_status":"closed","ping_status":"closed","template":"","meta":{"footnotes":""},"class_list":["post-6638","page","type-page","status-publish","hentry"],"_links":{"self":[{"href":"https:\/\/hubertpietka.bialystok.pl\/index.php?rest_route=\/wp\/v2\/pages\/6638","targetHints":{"allow":["GET"]}}],"collection":[{"href":"https:\/\/hubertpietka.bialystok.pl\/index.php?rest_route=\/wp\/v2\/pages"}],"about":[{"href":"https:\/\/hubertpietka.bialystok.pl\/index.php?rest_route=\/wp\/v2\/types\/page"}],"author":[{"embeddable":true,"href":"https:\/\/hubertpietka.bialystok.pl\/index.php?rest_route=\/wp\/v2\/users\/1"}],"replies":[{"embeddable":true,"href":"https:\/\/hubertpietka.bialystok.pl\/index.php?rest_route=%2Fwp%2Fv2%2Fcomments&post=6638"}],"version-history":[{"count":1,"href":"https:\/\/hubertpietka.bialystok.pl\/index.php?rest_route=\/wp\/v2\/pages\/6638\/revisions"}],"predecessor-version":[{"id":6640,"href":"https:\/\/hubertpietka.bialystok.pl\/index.php?rest_route=\/wp\/v2\/pages\/6638\/revisions\/6640"}],"wp:attachment":[{"href":"https:\/\/hubertpietka.bialystok.pl\/index.php?rest_route=%2Fwp%2Fv2%2Fmedia&parent=6638"}],"curies":[{"name":"wp","href":"https:\/\/api.w.org\/{rel}","templated":true}]}}