{"id":6656,"date":"2022-12-19T10:22:22","date_gmt":"2022-12-19T10:22:22","guid":{"rendered":"http:\/\/hubertpietka.bialystok.pl\/?page_id=6656"},"modified":"2022-12-19T10:31:55","modified_gmt":"2022-12-19T10:31:55","slug":"dzungla-miasta","status":"publish","type":"page","link":"https:\/\/hubertpietka.bialystok.pl\/?page_id=6656","title":{"rendered":"D\u017cungla \/ miasta"},"content":{"rendered":"<p><em><strong>D\u017cungla<\/strong><\/em> \/ miasta<\/p>\n<p>Zawsze si\u0119 trzeba stara\u0107<br \/>\nRozkwita\u0107 dobrem i pokor\u0105<br \/>\nBo to w parze idzie<br \/>\nW r\u00f3\u017cnym to mo\u017ce by\u0107 czasie \u017cycia<br \/>\nBy pi\u0119knie rozkwita\u0107<\/p>\n<p>Trzeba w ludzi wierzy\u0107<br \/>\nJak ja wierz\u0119\u00a0cho\u0107by w m\u0105 \u017con\u0119<br \/>\nI naszych bliskich<br \/>\n\u017be moment ich ju\u017c jest<br \/>\nI jeszcze przyjdzie<\/p>\n<p><em> A dzi\u015b pono\u0107 wspominana jest \u015bw. *E-ia*<\/em><br \/>\n<em> *I ja* niech te\u017c spe\u0142niam<\/em><br \/>\n<em> Co nale\u017cy do mnie<\/em><\/p>\n<p>Cho\u0107 nie jest to \u0142atwe<br \/>\nCzasem w d\u017cungli miejskiej<br \/>\nGdzie niekt\u00f3rzy<br \/>\nBynajmniej nie dobro<br \/>\nChc\u0105 nam i nie tylko<br \/>\nStale czyni\u0107<br \/>\nOby bez skutku<br \/>\nZreszt\u0105 i nie tylko tutaj<\/p>\n<p><em>Dzi\u015b te\u017c podobno \u015bw. Urbana<\/em><br \/>\n<em> Jego imi\u0119 okre\u015bla przestrze\u0144 miasta<\/em><br \/>\n<em> Ale Wilhelm mia\u0142 on na imi\u0119 wcze\u015bniej<\/em><br \/>\n<em> Niech B\u00f3g udziela nam schronienia<\/em><br \/>\n<em> Wedle idei tego imienia<\/em><br \/>\n<em> Nam naszemu i naszym<\/em><\/p>\n<p>A oni niech nie zak\u0142\u00f3caj\u0105<br \/>\nJu\u017c nawet poza tym co chc\u0105 zrobi\u0107<br \/>\nDo czego d\u0105\u017c\u0105 usilnie<br \/>\nBynajmniej nie ku dobru naszemu<br \/>\nNiech nie zak\u0142\u00f3caj\u0105 serc pokoju<br \/>\nI naszego naszych miru domowego<br \/>\nPrzyjd\u017a a oni nie<br \/>\nI je\u015bli cokolwieczuniek<\/p>\n<p><a href=\"http:\/\/hubertpietka.bialystok.pl\/wp-content\/uploads\/2022\/12\/IMG_20221219_105454.jpg\"><img loading=\"lazy\" decoding=\"async\" class=\"alignnone size-thumbnail wp-image-6657\" src=\"http:\/\/hubertpietka.bialystok.pl\/wp-content\/uploads\/2022\/12\/IMG_20221219_105454-150x150.jpg\" alt=\"\" width=\"150\" height=\"150\" srcset=\"https:\/\/hubertpietka.bialystok.pl\/wp-content\/uploads\/2022\/12\/IMG_20221219_105454-150x150.jpg 150w, https:\/\/hubertpietka.bialystok.pl\/wp-content\/uploads\/2022\/12\/IMG_20221219_105454-75x75.jpg 75w\" sizes=\"auto, (max-width: 150px) 100vw, 150px\" \/><\/a><\/p>\n<p><strong>Na zdj. A mo\u017ce pora na wakacje<\/strong><br \/>\n<strong> Bo co\u015b si\u0119 chyba s\u0142usznie zreszt\u0105 obawiam<\/strong><br \/>\n<strong> \u017be oni nam tu spokojnie \u017cy\u0107 nie dadz\u0105<\/strong><br \/>\n<strong> I troch\u0119 si\u0119 boje<\/strong><br \/>\n<strong> \u017be spe\u0142ni\u0105 z\u0142e zamys\u0142y swoje<\/strong><br \/>\n<strong> Ze skutkiem prostym<\/strong><br \/>\n<strong> Nie tylko dla nas<\/strong><br \/>\n<strong> Bo to dotyczy ca\u0142ego \u015bwiata<\/strong><br \/>\n<strong> Ave Maria<\/strong><\/p>\n","protected":false},"excerpt":{"rendered":"<p>D\u017cungla \/ miasta Zawsze si\u0119 trzeba stara\u0107 Rozkwita\u0107 dobrem i pokor\u0105 Bo to w parze idzie W r\u00f3\u017cnym to mo\u017ce by\u0107 czasie \u017cycia By pi\u0119knie&hellip; <\/p>\n","protected":false},"author":1,"featured_media":0,"parent":0,"menu_order":0,"comment_status":"closed","ping_status":"closed","template":"","meta":{"footnotes":""},"class_list":["post-6656","page","type-page","status-publish","hentry"],"_links":{"self":[{"href":"https:\/\/hubertpietka.bialystok.pl\/index.php?rest_route=\/wp\/v2\/pages\/6656","targetHints":{"allow":["GET"]}}],"collection":[{"href":"https:\/\/hubertpietka.bialystok.pl\/index.php?rest_route=\/wp\/v2\/pages"}],"about":[{"href":"https:\/\/hubertpietka.bialystok.pl\/index.php?rest_route=\/wp\/v2\/types\/page"}],"author":[{"embeddable":true,"href":"https:\/\/hubertpietka.bialystok.pl\/index.php?rest_route=\/wp\/v2\/users\/1"}],"replies":[{"embeddable":true,"href":"https:\/\/hubertpietka.bialystok.pl\/index.php?rest_route=%2Fwp%2Fv2%2Fcomments&post=6656"}],"version-history":[{"count":2,"href":"https:\/\/hubertpietka.bialystok.pl\/index.php?rest_route=\/wp\/v2\/pages\/6656\/revisions"}],"predecessor-version":[{"id":6660,"href":"https:\/\/hubertpietka.bialystok.pl\/index.php?rest_route=\/wp\/v2\/pages\/6656\/revisions\/6660"}],"wp:attachment":[{"href":"https:\/\/hubertpietka.bialystok.pl\/index.php?rest_route=%2Fwp%2Fv2%2Fmedia&parent=6656"}],"curies":[{"name":"wp","href":"https:\/\/api.w.org\/{rel}","templated":true}]}}