{"id":6662,"date":"2022-12-20T22:34:10","date_gmt":"2022-12-20T22:34:10","guid":{"rendered":"http:\/\/hubertpietka.bialystok.pl\/?page_id=6662"},"modified":"2022-12-20T22:34:10","modified_gmt":"2022-12-20T22:34:10","slug":"tchnieniem-ducha-swietego","status":"publish","type":"page","link":"https:\/\/hubertpietka.bialystok.pl\/?page_id=6662","title":{"rendered":"Tchnieniem \/ Ducha \u015awi\u0119tego"},"content":{"rendered":"<p><em><strong>Tchnieniem \/ Ducha \u015awi\u0119tego\u00a0<\/strong><\/em><\/p>\n<p>Jak pokona\u0107 lodowe g\u00f3ry<br \/>\nTrudnych do zdobycia serc ludzkich<br \/>\nTrzeba pr\u00f3bowa\u0107<br \/>\nJak nie z tej to z tamtej strony<br \/>\nI si\u0119 nie za\u0142amywa\u0107 \u017cadn\u0105 aur\u0105 trudn\u0105<\/p>\n<p>Dzi\u015b wspominany jest \u015bw. Dominik z *<em>Si<\/em>-los*<br \/>\nDroga Pa\u0144ska nie jest \u0142atwa<br \/>\nMo\u017cna narzeka\u0107 c\u00f3\u017c *taki los*<br \/>\nAle bardziej nie trzeba nigdy poddawa\u0107 si\u0119<br \/>\nMimo \u017ce czasem bez szans si\u0119 wydaje<br \/>\nBo mo\u017ce \u015bw. Zefirek<br \/>\nWspominany te\u017c pono\u0107 dzi\u015b<br \/>\nTchnie w \u017cagle lekki wiaterek<br \/>\nNa zasadzie Ducha \u015awi\u0119tego tchnienia<br \/>\nWe wszystkich potrzebach<\/p>\n<p><a href=\"http:\/\/hubertpietka.bialystok.pl\/wp-content\/uploads\/2022\/12\/IMG_20221220_230503.jpg\"><img loading=\"lazy\" decoding=\"async\" class=\"alignnone size-thumbnail wp-image-6663\" src=\"http:\/\/hubertpietka.bialystok.pl\/wp-content\/uploads\/2022\/12\/IMG_20221220_230503-150x150.jpg\" alt=\"\" width=\"150\" height=\"150\" srcset=\"https:\/\/hubertpietka.bialystok.pl\/wp-content\/uploads\/2022\/12\/IMG_20221220_230503-150x150.jpg 150w, https:\/\/hubertpietka.bialystok.pl\/wp-content\/uploads\/2022\/12\/IMG_20221220_230503-75x75.jpg 75w\" sizes=\"auto, (max-width: 150px) 100vw, 150px\" \/><\/a><\/p>\n<p><strong>Na zdj. Ko\u015bci\u00f3\u0142 \u015awi\u0119tej Rodziny na Ogrodowej<\/strong><br \/>\n<strong> Niech Rodzina rozkwita jak ogr\u00f3d<\/strong><br \/>\n<strong> Z jednej strony Jezus Mi\u0142osierny<\/strong><br \/>\n<strong> A po drugiej Ostrobramska Pani<\/strong><br \/>\n<strong> Wyznacza drogi<\/strong><br \/>\n<strong> I mo\u017ce nie trzeba wakacji<\/strong><br \/>\n<strong> Lecz pracy odpowiedniej<\/strong><br \/>\n<strong> Nawet nie\u0142atwej<\/strong><br \/>\n<strong> A wszystko inne te\u017c si\u0119 i mo\u017ce<\/strong><br \/>\n<strong> Powoli odnajdzie<\/strong><\/p>\n<p><a href=\"https:\/\/youtu.be\/d50BFVVRDmY\"><em><strong>Ruah &#8211; Nie si\u0142a, nie moc\u0105 nasz\u0105<\/strong><\/em><\/a><\/p>\n<p style=\"text-align: center;\">\/<\/p>\n<p style=\"text-align: right;\"><a href=\"https:\/\/youtu.be\/DHufaiG7VK4\"><em><strong>Kraina Lodu &#8211; Mam t\u0119 moc (Disney Filmy)<\/strong><\/em><\/a>\u00a0\ud83d\ude09<\/p>\n","protected":false},"excerpt":{"rendered":"<p>Tchnieniem \/ Ducha \u015awi\u0119tego\u00a0 Jak pokona\u0107 lodowe g\u00f3ry Trudnych do zdobycia serc ludzkich Trzeba pr\u00f3bowa\u0107 Jak nie z tej to z tamtej strony I si\u0119&hellip; <\/p>\n","protected":false},"author":1,"featured_media":0,"parent":0,"menu_order":0,"comment_status":"closed","ping_status":"closed","template":"","meta":{"footnotes":""},"class_list":["post-6662","page","type-page","status-publish","hentry"],"_links":{"self":[{"href":"https:\/\/hubertpietka.bialystok.pl\/index.php?rest_route=\/wp\/v2\/pages\/6662","targetHints":{"allow":["GET"]}}],"collection":[{"href":"https:\/\/hubertpietka.bialystok.pl\/index.php?rest_route=\/wp\/v2\/pages"}],"about":[{"href":"https:\/\/hubertpietka.bialystok.pl\/index.php?rest_route=\/wp\/v2\/types\/page"}],"author":[{"embeddable":true,"href":"https:\/\/hubertpietka.bialystok.pl\/index.php?rest_route=\/wp\/v2\/users\/1"}],"replies":[{"embeddable":true,"href":"https:\/\/hubertpietka.bialystok.pl\/index.php?rest_route=%2Fwp%2Fv2%2Fcomments&post=6662"}],"version-history":[{"count":1,"href":"https:\/\/hubertpietka.bialystok.pl\/index.php?rest_route=\/wp\/v2\/pages\/6662\/revisions"}],"predecessor-version":[{"id":6664,"href":"https:\/\/hubertpietka.bialystok.pl\/index.php?rest_route=\/wp\/v2\/pages\/6662\/revisions\/6664"}],"wp:attachment":[{"href":"https:\/\/hubertpietka.bialystok.pl\/index.php?rest_route=%2Fwp%2Fv2%2Fmedia&parent=6662"}],"curies":[{"name":"wp","href":"https:\/\/api.w.org\/{rel}","templated":true}]}}