{"id":6672,"date":"2022-12-23T16:48:06","date_gmt":"2022-12-23T16:48:06","guid":{"rendered":"http:\/\/hubertpietka.bialystok.pl\/?page_id=6672"},"modified":"2022-12-23T16:48:06","modified_gmt":"2022-12-23T16:48:06","slug":"sprawiedliwi-w-oczach-bozych","status":"publish","type":"page","link":"https:\/\/hubertpietka.bialystok.pl\/?page_id=6672","title":{"rendered":"Sprawiedliwi \/ w oczach Bo\u017cych"},"content":{"rendered":"<p><em><strong>Sprawiedliwi \/ w oczach Bo\u017cych\u00a0<\/strong><\/em><\/p>\n<p><em>Krew sprawiedliwych zawsze do Boga<\/em><br \/>\n<em> Wo\u0142a g\u0142o\u015bno<\/em><br \/>\nA niesprawiedliwe s\u0105 prawa<br \/>\nKt\u00f3re s\u0142u\u017c\u0105 r\u00f3\u017cnym nieprawo\u015bciom<\/p>\n<p>Ja sobie nic nie przydaj\u0119<br \/>\nZ tego co zosta\u0142o mi tu dane<br \/>\nTo nie zas\u0142uga moja<br \/>\nLecz wola Bo\u017ca<\/p>\n<p><em>Krew sprawiedliwych g\u0142o\u015bno wo\u0142a<\/em><br \/>\nA moja mo\u017ce tym bardziej<br \/>\nBo to rzecz jawna<br \/>\nCo z tego \u017ce kto\u015b<br \/>\nDostanie nawet worek z\u0142ota<br \/>\nJak za trzy dni ten \u015bwiat si\u0119 sko\u0144czy potem<br \/>\nAch macie swoje objawienia<br \/>\nTymczasem nie ma innych<br \/>\nPoza Pismem \u015awi\u0119tym<br \/>\nChcecie sprawd\u017acie<\/p>\n<p><a href=\"http:\/\/hubertpietka.bialystok.pl\/wp-content\/uploads\/2022\/12\/IMG_20221223_174451.jpg\"><img loading=\"lazy\" decoding=\"async\" class=\"alignnone size-thumbnail wp-image-6673\" src=\"http:\/\/hubertpietka.bialystok.pl\/wp-content\/uploads\/2022\/12\/IMG_20221223_174451-150x150.jpg\" alt=\"\" width=\"150\" height=\"150\" srcset=\"https:\/\/hubertpietka.bialystok.pl\/wp-content\/uploads\/2022\/12\/IMG_20221223_174451-150x150.jpg 150w, https:\/\/hubertpietka.bialystok.pl\/wp-content\/uploads\/2022\/12\/IMG_20221223_174451-75x75.jpg 75w\" sizes=\"auto, (max-width: 150px) 100vw, 150px\" \/><\/a><\/p>\n<p><strong>Na zdj. Przy skwerze Bohater\u00f3w Getta<\/strong><br \/>\n<strong> Obraz Chagalla i odtworzony przez szkolne dziecko<\/strong><br \/>\n<strong> To dotyczy mojej \u017cony te\u017c<\/strong><br \/>\n<strong> Ufam \u017ce j\u0105 przenios\u0119 z Bo\u017c\u0105 pomoc\u0105<\/strong><br \/>\n<strong> Nie tylko nad tym miastem<\/strong><\/p>\n<p><strong>I je\u015bli cokolwieczuniek nawet<\/strong><br \/>\n<strong> Tak\u017ce z naszymi bliskimi naszym<\/strong><br \/>\n<strong> B\u00f3g wszystko widzi<\/strong><br \/>\n<strong> Przyjd\u017a a oni nie<\/strong><\/p>\n","protected":false},"excerpt":{"rendered":"<p>Sprawiedliwi \/ w oczach Bo\u017cych\u00a0 Krew sprawiedliwych zawsze do Boga Wo\u0142a g\u0142o\u015bno A niesprawiedliwe s\u0105 prawa Kt\u00f3re s\u0142u\u017c\u0105 r\u00f3\u017cnym nieprawo\u015bciom Ja sobie nic nie przydaj\u0119&hellip; <\/p>\n","protected":false},"author":1,"featured_media":0,"parent":0,"menu_order":0,"comment_status":"closed","ping_status":"closed","template":"","meta":{"footnotes":""},"class_list":["post-6672","page","type-page","status-publish","hentry"],"_links":{"self":[{"href":"https:\/\/hubertpietka.bialystok.pl\/index.php?rest_route=\/wp\/v2\/pages\/6672","targetHints":{"allow":["GET"]}}],"collection":[{"href":"https:\/\/hubertpietka.bialystok.pl\/index.php?rest_route=\/wp\/v2\/pages"}],"about":[{"href":"https:\/\/hubertpietka.bialystok.pl\/index.php?rest_route=\/wp\/v2\/types\/page"}],"author":[{"embeddable":true,"href":"https:\/\/hubertpietka.bialystok.pl\/index.php?rest_route=\/wp\/v2\/users\/1"}],"replies":[{"embeddable":true,"href":"https:\/\/hubertpietka.bialystok.pl\/index.php?rest_route=%2Fwp%2Fv2%2Fcomments&post=6672"}],"version-history":[{"count":1,"href":"https:\/\/hubertpietka.bialystok.pl\/index.php?rest_route=\/wp\/v2\/pages\/6672\/revisions"}],"predecessor-version":[{"id":6674,"href":"https:\/\/hubertpietka.bialystok.pl\/index.php?rest_route=\/wp\/v2\/pages\/6672\/revisions\/6674"}],"wp:attachment":[{"href":"https:\/\/hubertpietka.bialystok.pl\/index.php?rest_route=%2Fwp%2Fv2%2Fmedia&parent=6672"}],"curies":[{"name":"wp","href":"https:\/\/api.w.org\/{rel}","templated":true}]}}