{"id":6693,"date":"2022-12-26T22:31:00","date_gmt":"2022-12-26T22:31:00","guid":{"rendered":"http:\/\/hubertpietka.bialystok.pl\/?page_id=6693"},"modified":"2022-12-26T22:31:00","modified_gmt":"2022-12-26T22:31:00","slug":"rodzin-rodzina-konkretna","status":"publish","type":"page","link":"https:\/\/hubertpietka.bialystok.pl\/?page_id=6693","title":{"rendered":"Rodzin rodzina \/ konkretna"},"content":{"rendered":"<p><em><strong>Rodzin rodzina \/ konkretna\u00a0<\/strong><\/em><\/p>\n<p>Matka Bo\u017ca z Fatimy powiedzia\u0142a<br \/>\n<em>\u017be ostateczny b\u00f3j<\/em><br \/>\n<em> Kr\u00f3lestwa szatana z dzie\u0107mi Bo\u017cymi<\/em><br \/>\n<em> B\u0119dzie si\u0119 toczy\u0142 o rodzin\u0119<\/em><br \/>\nA je\u015bli tu nie chodzi o abstrakcyjny model<br \/>\nMimo r\u00f3\u017cnych nacisk\u00f3w ideologicznych<br \/>\nLecz o konkretn\u0105 rodzin\u0119<br \/>\nI wszystkich jej cz\u0142onk\u00f3w<br \/>\nA raczej rodzin\u0119 rodzin<br \/>\nWok\u00f3\u0142 \u015bwiecznika Pa\u0144skiego<br \/>\nKto czyta niech rozumie<br \/>\n\u017be tu o t\u0105 rodzin\u0119 mo\u017ce chodzi\u0107<\/p>\n<p>A oni nam tu ostatnio<br \/>\nFunduj\u0105 zaciemnienie ca\u0142kowite<br \/>\nO przepraszam to przypadek<br \/>\nTak czy inaczej<br \/>\nKomu to mo\u017ce s\u0142u\u017cy\u0107<br \/>\nI co mo\u017cna zrobi\u0107<br \/>\nPod takich ciemno\u015bci zas\u0142on\u0105<br \/>\nA kogo domen\u0105 jest ciemno\u015b\u0107<br \/>\nW przeciwie\u0144stwie do Kr\u00f3lestwa \u015awiat\u0142a<br \/>\nI kto lubi tak dzia\u0142a\u0107<\/p>\n<p><a href=\"http:\/\/hubertpietka.bialystok.pl\/wp-content\/uploads\/2022\/12\/IMG_20221226_232639.jpg\"><img loading=\"lazy\" decoding=\"async\" class=\"alignnone size-thumbnail wp-image-6694\" src=\"http:\/\/hubertpietka.bialystok.pl\/wp-content\/uploads\/2022\/12\/IMG_20221226_232639-150x150.jpg\" alt=\"\" width=\"150\" height=\"150\" srcset=\"https:\/\/hubertpietka.bialystok.pl\/wp-content\/uploads\/2022\/12\/IMG_20221226_232639-150x150.jpg 150w, https:\/\/hubertpietka.bialystok.pl\/wp-content\/uploads\/2022\/12\/IMG_20221226_232639-75x75.jpg 75w\" sizes=\"auto, (max-width: 150px) 100vw, 150px\" \/><\/a><\/p>\n<p><strong>Na zdj. Jesus Mi\u0142osierny w ko\u015bciele \u015awi\u0119tej Rodziny<\/strong><br \/>\n<strong> To konkretna Rodzina<\/strong><br \/>\n<strong> Nie jaki\u015b model abstrakcyjny<\/strong><br \/>\n<strong> Je\u015bli \u015bwiat tego nie zrozumie<\/strong><br \/>\n<strong> I do Mi\u0142osierdzia Bo\u017cego si\u0119 nie zwr\u00f3ci<\/strong><br \/>\n<strong> Mo\u017ce by\u0107 ju\u017c za p\u00f3\u017ano<\/strong><br \/>\n<strong> Gdy si\u0119 wreszcie obudzi<\/strong><br \/>\n<strong> Spotka go Bo\u017ca sprawiedliwo\u015b\u0107<\/strong><br \/>\n<strong> Je\u015bli do Mi\u0142osierdzia Bo\u017cego<\/strong><br \/>\n<strong> Nie zwr\u00f3ci si\u0119 w prawdzie<\/strong><\/p>\n","protected":false},"excerpt":{"rendered":"<p>Rodzin rodzina \/ konkretna\u00a0 Matka Bo\u017ca z Fatimy powiedzia\u0142a \u017be ostateczny b\u00f3j Kr\u00f3lestwa szatana z dzie\u0107mi Bo\u017cymi B\u0119dzie si\u0119 toczy\u0142 o rodzin\u0119 A je\u015bli tu&hellip; <\/p>\n","protected":false},"author":1,"featured_media":0,"parent":0,"menu_order":0,"comment_status":"closed","ping_status":"closed","template":"","meta":{"footnotes":""},"class_list":["post-6693","page","type-page","status-publish","hentry"],"_links":{"self":[{"href":"https:\/\/hubertpietka.bialystok.pl\/index.php?rest_route=\/wp\/v2\/pages\/6693","targetHints":{"allow":["GET"]}}],"collection":[{"href":"https:\/\/hubertpietka.bialystok.pl\/index.php?rest_route=\/wp\/v2\/pages"}],"about":[{"href":"https:\/\/hubertpietka.bialystok.pl\/index.php?rest_route=\/wp\/v2\/types\/page"}],"author":[{"embeddable":true,"href":"https:\/\/hubertpietka.bialystok.pl\/index.php?rest_route=\/wp\/v2\/users\/1"}],"replies":[{"embeddable":true,"href":"https:\/\/hubertpietka.bialystok.pl\/index.php?rest_route=%2Fwp%2Fv2%2Fcomments&post=6693"}],"version-history":[{"count":1,"href":"https:\/\/hubertpietka.bialystok.pl\/index.php?rest_route=\/wp\/v2\/pages\/6693\/revisions"}],"predecessor-version":[{"id":6695,"href":"https:\/\/hubertpietka.bialystok.pl\/index.php?rest_route=\/wp\/v2\/pages\/6693\/revisions\/6695"}],"wp:attachment":[{"href":"https:\/\/hubertpietka.bialystok.pl\/index.php?rest_route=%2Fwp%2Fv2%2Fmedia&parent=6693"}],"curies":[{"name":"wp","href":"https:\/\/api.w.org\/{rel}","templated":true}]}}