{"id":6713,"date":"2023-01-01T18:25:30","date_gmt":"2023-01-01T18:25:30","guid":{"rendered":"http:\/\/hubertpietka.bialystok.pl\/?page_id=6713"},"modified":"2023-01-01T18:25:30","modified_gmt":"2023-01-01T18:25:30","slug":"bezwzgledne-zapedy-ku-smierci","status":"publish","type":"page","link":"https:\/\/hubertpietka.bialystok.pl\/?page_id=6713","title":{"rendered":"Bezwzgl\u0119dne zap\u0119dy \/ ku \u015bmierci"},"content":{"rendered":"<p><em><strong>Bezwzgl\u0119dne zap\u0119dy \/ ku \u015bmierci\u00a0<\/strong><\/em><\/p>\n<p>Je\u015bli my\u015blicie<br \/>\n\u017be ja si\u0119 pogodz\u0119<br \/>\nZe \u015bmierci\u0105 mojej \u017cony<br \/>\nCzy kogokolwiek z bliskich<br \/>\nTo jeste\u015bcie w wielkim b\u0142\u0119dzie<\/p>\n<p>A czy\u017c nie ma si\u0119 tak sta\u0107<br \/>\nA mo\u017ce ju\u017c tak si\u0119 to dzieje<br \/>\nNigdy si\u0119 nie pogodz\u0119<br \/>\nZ ra\u017c\u0105c\u0105 niesprawiedliwo\u015bci\u0105<br \/>\nKiedy niby w \u015bwietle prawa<br \/>\n\u015amier\u0107 si\u0119 niewinnym zadaje<br \/>\nTak naprawd\u0119 spe\u0142niaj\u0105c zap\u0119dy nieprawe<\/p>\n<p>Ju\u017c raz prze\u017cy\u0142em odej\u015bcie<br \/>\nOsoby kt\u00f3r\u0105 kocha\u0142em bardzo<br \/>\nI to nie by\u0142a \u015bmier\u0107 w tym przypadku<br \/>\nNie pozwol\u0119 sobie<br \/>\nNa prze\u017cywanie rzeczy podobnych<br \/>\nPo raz drugi<br \/>\nNie sta\u0107 mnie ju\u017c na taki wysi\u0142ek<\/p>\n<p><em>Dzi\u015b pono\u0107 \u015bw. *Fulge-nciusza*<\/em><br \/>\n<em> &#8222;Folgowa\u0107&#8221; mo\u017cna w ma\u0142ych rzeczach<\/em><br \/>\n<em> Je\u015bli my\u015blicie \u017ce ja to \u0142atwo \u0142ykn\u0119<\/em><br \/>\n<em> To si\u0119 mylicie<\/em><br \/>\n<em> Nie b\u0119d\u0119 prze\u017cywa\u0142 po raz drugi czego\u015b<\/em><br \/>\n<em> Co nie da si\u0119 prze\u017cy\u0107<\/em><br \/>\n<em> A czy\u017c i z tej cho\u0107by przyczyny<\/em><br \/>\n<em> To czy tamto si\u0119 przede mn\u0105 ukrywa\u00a0<\/em><\/p>\n<p><a href=\"http:\/\/hubertpietka.bialystok.pl\/wp-content\/uploads\/2023\/01\/IMG_20230101_191823.jpg\"><img loading=\"lazy\" decoding=\"async\" class=\"alignnone size-thumbnail wp-image-6714\" src=\"http:\/\/hubertpietka.bialystok.pl\/wp-content\/uploads\/2023\/01\/IMG_20230101_191823-150x150.jpg\" alt=\"\" width=\"150\" height=\"150\" srcset=\"https:\/\/hubertpietka.bialystok.pl\/wp-content\/uploads\/2023\/01\/IMG_20230101_191823-150x150.jpg 150w, https:\/\/hubertpietka.bialystok.pl\/wp-content\/uploads\/2023\/01\/IMG_20230101_191823-75x75.jpg 75w\" sizes=\"auto, (max-width: 150px) 100vw, 150px\" \/><\/a><\/p>\n<p><strong>Na zdj. \u015awi\u0119ta Bo\u017ca Rodzicielka<\/strong><br \/>\n<strong> Dzi\u015b jest jej \u015bwi\u0119to<\/strong><br \/>\n<strong> Matko Jezusa ka\u017cde \u017cycie wspieraj<\/strong><br \/>\n<strong> Szczeg\u00f3lnie te zagro\u017cone przez zap\u0119dy<\/strong><br \/>\n<strong> Bynajmniej nie od Boga pochodz\u0105ce<\/strong><\/p>\n<p><em>I je\u015bli cokolwieczunio<\/em><\/p>\n","protected":false},"excerpt":{"rendered":"<p>Bezwzgl\u0119dne zap\u0119dy \/ ku \u015bmierci\u00a0 Je\u015bli my\u015blicie \u017be ja si\u0119 pogodz\u0119 Ze \u015bmierci\u0105 mojej \u017cony Czy kogokolwiek z bliskich To jeste\u015bcie w wielkim b\u0142\u0119dzie A&hellip; <\/p>\n","protected":false},"author":1,"featured_media":0,"parent":0,"menu_order":0,"comment_status":"closed","ping_status":"closed","template":"","meta":{"footnotes":""},"class_list":["post-6713","page","type-page","status-publish","hentry"],"_links":{"self":[{"href":"https:\/\/hubertpietka.bialystok.pl\/index.php?rest_route=\/wp\/v2\/pages\/6713","targetHints":{"allow":["GET"]}}],"collection":[{"href":"https:\/\/hubertpietka.bialystok.pl\/index.php?rest_route=\/wp\/v2\/pages"}],"about":[{"href":"https:\/\/hubertpietka.bialystok.pl\/index.php?rest_route=\/wp\/v2\/types\/page"}],"author":[{"embeddable":true,"href":"https:\/\/hubertpietka.bialystok.pl\/index.php?rest_route=\/wp\/v2\/users\/1"}],"replies":[{"embeddable":true,"href":"https:\/\/hubertpietka.bialystok.pl\/index.php?rest_route=%2Fwp%2Fv2%2Fcomments&post=6713"}],"version-history":[{"count":1,"href":"https:\/\/hubertpietka.bialystok.pl\/index.php?rest_route=\/wp\/v2\/pages\/6713\/revisions"}],"predecessor-version":[{"id":6715,"href":"https:\/\/hubertpietka.bialystok.pl\/index.php?rest_route=\/wp\/v2\/pages\/6713\/revisions\/6715"}],"wp:attachment":[{"href":"https:\/\/hubertpietka.bialystok.pl\/index.php?rest_route=%2Fwp%2Fv2%2Fmedia&parent=6713"}],"curies":[{"name":"wp","href":"https:\/\/api.w.org\/{rel}","templated":true}]}}