{"id":6725,"date":"2023-01-04T08:03:34","date_gmt":"2023-01-04T08:03:34","guid":{"rendered":"http:\/\/hubertpietka.bialystok.pl\/?page_id=6725"},"modified":"2023-01-04T08:03:34","modified_gmt":"2023-01-04T08:03:34","slug":"modlitwa-pokutna-pokornych-duchem","status":"publish","type":"page","link":"https:\/\/hubertpietka.bialystok.pl\/?page_id=6725","title":{"rendered":"Modlitwa pokutna \/ pokornych duchem"},"content":{"rendered":"<p><em><strong>Modlitwa pokutna \/ pokornych duchem\u00a0<\/strong><\/em><\/p>\n<p><strong>Ja wiem Panie<\/strong><br \/>\n<strong> \u017be jestem n\u0119dzny i marny i ma\u0142y<\/strong><br \/>\n<strong> My ludzie jeste\u015bmy z natury<\/strong><br \/>\n<strong> Zas\u0142uguj\u0105cymi na gniew Bo\u017cy<\/strong><br \/>\n<strong> Kiedy upadn\u0119 prowad\u017a mnie<\/strong><br \/>\n<strong> Do skruchy serca Panie<\/strong><br \/>\n<strong> Gdyby nie Twoje mi\u0142osierdzie<\/strong><br \/>\n<strong> Byliby\u015bmy wystawieni na pal\u0105c\u0105 sprawiedliwo\u015b\u0107<\/strong><br \/>\n<strong> Bo Ty jeste\u015b Bogiem czystym<\/strong><br \/>\n<strong> A jednak Panie<\/strong><br \/>\n<strong> Kochasz to ludzkie plemi\u0119<\/strong><br \/>\n<strong> Oka\u017c nam swe mi\u0142osierdzie<\/strong><br \/>\n<strong> By serca ma\u0142e<\/strong><br \/>\n<strong> W pokorze przed Tob\u0105 trwa\u0142y<\/strong><br \/>\n<strong> Bo Ty jeste\u015b Bogiem<\/strong><br \/>\n<strong> A my lud\u017ami<\/strong><br \/>\n<strong> Ca\u0142kowicie od Ciebie zale\u017cnymi<\/strong><\/p>\n<p><a href=\"http:\/\/hubertpietka.bialystok.pl\/wp-content\/uploads\/2023\/01\/IMG_20230104_085051.jpg\"><img loading=\"lazy\" decoding=\"async\" class=\"alignnone size-thumbnail wp-image-6726\" src=\"http:\/\/hubertpietka.bialystok.pl\/wp-content\/uploads\/2023\/01\/IMG_20230104_085051-150x150.jpg\" alt=\"\" width=\"150\" height=\"150\" srcset=\"https:\/\/hubertpietka.bialystok.pl\/wp-content\/uploads\/2023\/01\/IMG_20230104_085051-150x150.jpg 150w, https:\/\/hubertpietka.bialystok.pl\/wp-content\/uploads\/2023\/01\/IMG_20230104_085051-75x75.jpg 75w\" sizes=\"auto, (max-width: 150px) 100vw, 150px\" \/><\/a><\/p>\n<p><em>Na zdj. Sanktuarium mi\u0142osierdzia Bo\u017cego w Bielsku<\/em><br \/>\n<em> Dzi\u0119ki Ci Panie<\/em><br \/>\n<em> Niech to co jest w nas czarne<\/em><br \/>\n<em> Czyni si\u0119 bia\u0142ym<\/em><br \/>\n<em> W pokorze i uni\u017ceniu serca<\/em><br \/>\n<em> Wobec majestatu Twojego<\/em><br \/>\n<em> By cz\u0142owiek odnajdywa\u0142 w\u0142a\u015bciwe miejsce<\/em><br \/>\n<em> W perspektywie nieba<\/em><br \/>\n<em> I wszystkich sprawach ziemskich<\/em><\/p>\n<p style=\"text-align: center;\"><a href=\"https:\/\/youtu.be\/3rduXRZ4RQM\"><strong><em>Panie przebacz nam &#8211; Roman Rzadkosz\u00a0<\/em><\/strong><\/a><\/p>\n","protected":false},"excerpt":{"rendered":"<p>Modlitwa pokutna \/ pokornych duchem\u00a0 Ja wiem Panie \u017be jestem n\u0119dzny i marny i ma\u0142y My ludzie jeste\u015bmy z natury Zas\u0142uguj\u0105cymi na gniew Bo\u017cy Kiedy&hellip; <\/p>\n","protected":false},"author":1,"featured_media":0,"parent":0,"menu_order":0,"comment_status":"closed","ping_status":"closed","template":"","meta":{"footnotes":""},"class_list":["post-6725","page","type-page","status-publish","hentry"],"_links":{"self":[{"href":"https:\/\/hubertpietka.bialystok.pl\/index.php?rest_route=\/wp\/v2\/pages\/6725","targetHints":{"allow":["GET"]}}],"collection":[{"href":"https:\/\/hubertpietka.bialystok.pl\/index.php?rest_route=\/wp\/v2\/pages"}],"about":[{"href":"https:\/\/hubertpietka.bialystok.pl\/index.php?rest_route=\/wp\/v2\/types\/page"}],"author":[{"embeddable":true,"href":"https:\/\/hubertpietka.bialystok.pl\/index.php?rest_route=\/wp\/v2\/users\/1"}],"replies":[{"embeddable":true,"href":"https:\/\/hubertpietka.bialystok.pl\/index.php?rest_route=%2Fwp%2Fv2%2Fcomments&post=6725"}],"version-history":[{"count":1,"href":"https:\/\/hubertpietka.bialystok.pl\/index.php?rest_route=\/wp\/v2\/pages\/6725\/revisions"}],"predecessor-version":[{"id":6727,"href":"https:\/\/hubertpietka.bialystok.pl\/index.php?rest_route=\/wp\/v2\/pages\/6725\/revisions\/6727"}],"wp:attachment":[{"href":"https:\/\/hubertpietka.bialystok.pl\/index.php?rest_route=%2Fwp%2Fv2%2Fmedia&parent=6725"}],"curies":[{"name":"wp","href":"https:\/\/api.w.org\/{rel}","templated":true}]}}