{"id":6730,"date":"2023-01-06T10:32:03","date_gmt":"2023-01-06T10:32:03","guid":{"rendered":"http:\/\/hubertpietka.bialystok.pl\/?page_id=6730"},"modified":"2023-01-06T10:32:03","modified_gmt":"2023-01-06T10:32:03","slug":"zwykli-prosci-epifani-swiadkowie","status":"publish","type":"page","link":"https:\/\/hubertpietka.bialystok.pl\/?page_id=6730","title":{"rendered":"Zwykli pro\u015bci \/ Epifani \u015bwiadkowie"},"content":{"rendered":"<p><em><strong>Zwykli pro\u015bci \/ Epifani \u015bwiadkowie<\/strong><\/em><\/p>\n<p>Ja Kacper Melchior i Baltazar<br \/>\nOfiarowuj\u0119 Bogu<br \/>\nBo do\u015bwiadczy\u0142em Jego Epifani<br \/>\nW swoim \u017cyciu<br \/>\nI jeszcze do\u015bwiadcz\u0119<\/p>\n<p>Ofiarowuj\u0119 *z\u0142o-to* *kadzi-d\u0142o* i *mir-r\u0119*<br \/>\nTo co mam najcenniejsze<br \/>\nNas nasze swoich<br \/>\nI te\u017c *z\u0142o to* kt\u00f3re<br \/>\nNas do\u015bwiadcza\u0107 pr\u00f3buje<br \/>\n*Kadzenie mod\u0142ami* ofiarowuj\u0119<br \/>\n*Mir re* znowu pragnienie pokoju<br \/>\nOpartego na prawdzie i dobru<br \/>\nOfiarowuj\u0119 swemu Bogu<\/p>\n<p>I przyjd\u017a a oni niech nie przychodz\u0105<br \/>\nNiech nie zak\u0142\u00f3caj\u0105 pokoju naszego i bliskich<br \/>\nBo nasz pok\u00f3j jest wsp\u00f3lny<br \/>\nI jednocze\u015bnie dzieli si\u0119 i na innych<br \/>\nI je\u015bli cokolwieczuniek<\/p>\n<p>Czy\u017c Trzej Kr\u00f3lowie<br \/>\nNie ofiarowali Bogu tego<br \/>\nCo mieli najcenniejsze<br \/>\nCzy\u017c patrzyli \u017ce chatka uboga<br \/>\nRodzice nieporadni mo\u017ce<br \/>\nCzy\u017c nie dali bliskim Dzieci\u0105tka<br \/>\nTego co mogli tylko<br \/>\nW Jego zast\u0119pstwie<br \/>\nZ\u0142o\u017cyli dla Niego to przecie\u017c<br \/>\nW ich r\u0119ce<\/p>\n<p><a href=\"http:\/\/hubertpietka.bialystok.pl\/wp-content\/uploads\/2023\/01\/IMG_20230106_111541.jpg\"><img loading=\"lazy\" decoding=\"async\" class=\"alignnone size-thumbnail wp-image-6731\" src=\"http:\/\/hubertpietka.bialystok.pl\/wp-content\/uploads\/2023\/01\/IMG_20230106_111541-150x150.jpg\" alt=\"\" width=\"150\" height=\"150\" srcset=\"https:\/\/hubertpietka.bialystok.pl\/wp-content\/uploads\/2023\/01\/IMG_20230106_111541-150x150.jpg 150w, https:\/\/hubertpietka.bialystok.pl\/wp-content\/uploads\/2023\/01\/IMG_20230106_111541-75x75.jpg 75w\" sizes=\"auto, (max-width: 150px) 100vw, 150px\" \/><\/a><\/p>\n<p><em>Na zdj. Dwa go\u0142\u0105bki pe\u0142ne pokoju<\/em><br \/>\n<em> Wobec siebie nawzajem<\/em><br \/>\n<em> I chc\u0105ce tym pokojem<\/em><br \/>\n<em> Dzieli\u0107 si\u0119 ze \u015bwiatem<\/em><br \/>\n<em> Cho\u0107 czasy nie\u0142atwe<\/em><br \/>\n<em> Jest to rysunek go\u0142\u0105bki mojej<\/em><br \/>\n<em> Mog\u0105cy by\u0107 dosy\u0107 wymowny<\/em><\/p>\n<p><em>Nie jeste\u015bmy doskonali<\/em><br \/>\n<em> Kto\u015b mo\u017ce narysowa\u0142by to lepiej<\/em><br \/>\n<em> Lepiej mo\u017ce i opisa\u0142<\/em><br \/>\n<em> Ale to jest nasze \u017cycie<\/em><br \/>\n<em> Do kt\u00f3rego prawo mamy<\/em><br \/>\n<em> Wed\u0142ug paradygmatu czystej mi\u0142o\u015bci<\/em><br \/>\n<em> Trwaj\u0105cej w Bogu<\/em><br \/>\n<em> Mimo nawet s\u0142abo\u015bci r\u00f3\u017cnych<\/em><\/p>\n<p style=\"text-align: left;\"><a href=\"https:\/\/youtu.be\/eLYS03DeyCA\"><strong><em>Romantycy Lekkich Obyczaj\u00f3w &#8211; Poznajmy si\u0119\u00a0<\/em><\/strong><\/a><\/p>\n<p style=\"text-align: left;\"><a href=\"https:\/\/youtu.be\/prVI0LiNrnU\"><em><strong>Romantycy Lekkich Obyczaj\u00f3w &#8211; Gwiazdy spadaj\u0105\u00a0<\/strong><\/em><\/a><\/p>\n","protected":false},"excerpt":{"rendered":"<p>Zwykli pro\u015bci \/ Epifani \u015bwiadkowie Ja Kacper Melchior i Baltazar Ofiarowuj\u0119 Bogu Bo do\u015bwiadczy\u0142em Jego Epifani W swoim \u017cyciu I jeszcze do\u015bwiadcz\u0119 Ofiarowuj\u0119 *z\u0142o-to* *kadzi-d\u0142o*&hellip; <\/p>\n","protected":false},"author":1,"featured_media":0,"parent":0,"menu_order":0,"comment_status":"closed","ping_status":"closed","template":"","meta":{"footnotes":""},"class_list":["post-6730","page","type-page","status-publish","hentry"],"_links":{"self":[{"href":"https:\/\/hubertpietka.bialystok.pl\/index.php?rest_route=\/wp\/v2\/pages\/6730","targetHints":{"allow":["GET"]}}],"collection":[{"href":"https:\/\/hubertpietka.bialystok.pl\/index.php?rest_route=\/wp\/v2\/pages"}],"about":[{"href":"https:\/\/hubertpietka.bialystok.pl\/index.php?rest_route=\/wp\/v2\/types\/page"}],"author":[{"embeddable":true,"href":"https:\/\/hubertpietka.bialystok.pl\/index.php?rest_route=\/wp\/v2\/users\/1"}],"replies":[{"embeddable":true,"href":"https:\/\/hubertpietka.bialystok.pl\/index.php?rest_route=%2Fwp%2Fv2%2Fcomments&post=6730"}],"version-history":[{"count":1,"href":"https:\/\/hubertpietka.bialystok.pl\/index.php?rest_route=\/wp\/v2\/pages\/6730\/revisions"}],"predecessor-version":[{"id":6732,"href":"https:\/\/hubertpietka.bialystok.pl\/index.php?rest_route=\/wp\/v2\/pages\/6730\/revisions\/6732"}],"wp:attachment":[{"href":"https:\/\/hubertpietka.bialystok.pl\/index.php?rest_route=%2Fwp%2Fv2%2Fmedia&parent=6730"}],"curies":[{"name":"wp","href":"https:\/\/api.w.org\/{rel}","templated":true}]}}