{"id":6736,"date":"2023-01-08T09:08:32","date_gmt":"2023-01-08T09:08:32","guid":{"rendered":"http:\/\/hubertpietka.bialystok.pl\/?page_id=6736"},"modified":"2023-01-08T09:08:32","modified_gmt":"2023-01-08T09:08:32","slug":"partycypacja-niebieska-w-wiernym-trwaniu-wspolnego-nieskalanego-ciala-malzenskiego","status":"publish","type":"page","link":"https:\/\/hubertpietka.bialystok.pl\/?page_id=6736","title":{"rendered":"Partycypacja niebieska \/ w wiernym trwaniu \/ wsp\u00f3lnego nieskalanego cia\u0142a ma\u0142\u017ce\u0144skiego"},"content":{"rendered":"<p><strong>Partycypacja niebieska<\/strong> \/ <em>w wiernym trwaniu<\/em> \/ wsp\u00f3lnego nieskalanego cia\u0142a ma\u0142\u017ce\u0144skiego<\/p>\n<p>Jezus powiedzia\u0142 \u017ce <em>tylko ma\u0142\u017conkowie<\/em><br \/>\n<em> \u0141\u0105cz\u0105 si\u0119 tak bardzo<\/em><br \/>\n<em> \u017be staj\u0105 si\u0119 jednym cia\u0142em<\/em><br \/>\nCzy\u017c chodzi\u0142o Mu tylko<br \/>\nO akt ma\u0142\u017ce\u0144ski<br \/>\nPrzecie\u017c te akty czyni\u0105 i r\u00f3wnie\u017c inni<br \/>\nPoza zwi\u0105zkami ma\u0142\u017ce\u0144skimi<br \/>\nCzy nawet w zwi\u0105zkach istocie ma\u0142\u017ce\u0144stwa przeciwnych<br \/>\nAle to te\u017c fakt jest<br \/>\n\u017be to zarezerwowane jest<br \/>\nW zamy\u015ble Bo\u017cym dla ma\u0142\u017ce\u0144stw<br \/>\nW innym miejscu m\u00f3wi Jezus<br \/>\n<em>\u017be po drugiej stronie<\/em><br \/>\n<em> Dobrzy ma\u0142\u017conkowie b\u0119d\u0105<\/em><br \/>\n<em> W niebie jak anio\u0142owie Bo\u017cy<\/em><br \/>\n\u0141\u0105cz\u0105c te dwa aspekty<br \/>\nOrzec chyba nale\u017cy<br \/>\n\u017be \u015bcis\u0142o\u015b\u0107 ma\u0142\u017ce\u0144stwa<br \/>\nNie opiera si\u0119 tylko na tym akcie<br \/>\nLecz j\u0105 wyra\u017ca blisko\u015b\u0107<br \/>\nW aspekcie ziemskim<br \/>\nNiemo\u017cliw\u0105 do osi\u0105gni\u0119cia poza ma\u0142\u017ce\u0144stwem<br \/>\nZ cia\u0142em jako domen\u0105 ziemi<br \/>\nI to mimo r\u00f3\u017cnic mi\u0119dzy ma\u0142\u017conkami samymi<br \/>\nTak Jezus powiedzia\u0142<br \/>\nA czy\u017c duch nie powinien<br \/>\nI aspektu cielesnego na ziemi<br \/>\nW\u0142a\u015bciwe organizowa\u0107<\/p>\n<p>Czy\u017c my \u017cyjemy w warunkach cieplarnianych faktycznie<br \/>\nCzy\u017c nie staraj\u0105 si\u0119 tacy czy inni misie<br \/>\n\u017beby nam to \u017cycie zatru\u0107<br \/>\nI dos\u0142ownie i przeno\u015bnie<br \/>\nTak pewnie m\u00f3g\u0142bym przeprosi\u0107 moj\u0105 \u017con\u0119<br \/>\nZa swoje s\u0142abo\u015bci i wzajemnie<br \/>\nTak czyni\u0119 ale my te\u017c znamy troch\u0119 siebie<br \/>\nPoza tym tak do ko\u0144ca<br \/>\nMamy tylko siebie<br \/>\nI te\u017c w bardzo wa\u017cnym dla nas<br \/>\nBo\u017cym aspekcie wzrastanie w ma\u0142\u017ce\u0144stwie<br \/>\nCzy wy by\u015bcie chcieli<br \/>\nAby wam zamienia\u0107 dzieci<br \/>\nCho\u0107 bez urazy<br \/>\n<em>Ale jeste\u015bcie jacy jeste\u015bcie<\/em><br \/>\n<em> A jednak tym kt\u00f3re ju\u017c s\u0105 u was<\/em><br \/>\n<em> Jednak chyba dobrze czyni\u0107 chcecie<\/em><br \/>\nA my jako dzieci Bo\u017ce<br \/>\nMamy do ko\u0144ca tylko siebie<\/p>\n<p><a href=\"http:\/\/hubertpietka.bialystok.pl\/wp-content\/uploads\/2023\/01\/IMG_20230108_095137.jpg\"><img loading=\"lazy\" decoding=\"async\" class=\"alignnone size-thumbnail wp-image-6737\" src=\"http:\/\/hubertpietka.bialystok.pl\/wp-content\/uploads\/2023\/01\/IMG_20230108_095137-150x150.jpg\" alt=\"\" width=\"150\" height=\"150\" srcset=\"https:\/\/hubertpietka.bialystok.pl\/wp-content\/uploads\/2023\/01\/IMG_20230108_095137-150x150.jpg 150w, https:\/\/hubertpietka.bialystok.pl\/wp-content\/uploads\/2023\/01\/IMG_20230108_095137-75x75.jpg 75w\" sizes=\"auto, (max-width: 150px) 100vw, 150px\" \/><\/a><\/p>\n<p><strong>Na zdj. Dywanik z \u015bwi\u0105tecznym \u0142osiem<\/strong><br \/>\n<strong> Pewnie \u017ce mo\u017cna depta\u0107 i nam po g\u0142owie<\/strong><br \/>\n<strong> Za ka\u017cd\u0105 realn\u0105 rzekom\u0105 i fa\u0142szyw\u0105 niedoskona\u0142o\u015b\u0107<\/strong><br \/>\n<strong> A czy\u017c my jak wy<\/strong><br \/>\n<strong> Nie jeste\u015bmy lud\u017ami tylko<\/strong><br \/>\n<strong> A domen\u0105 cz\u0142owiecze\u0144stwa jest te\u017c i s\u0142abo\u015b\u0107<\/strong><br \/>\n<strong> I nie myli\u0107 tego z ci\u0119\u017ckimi grzechami<\/strong><br \/>\n<strong> Mimo tego w Bogu i w mi\u0142o\u015bci<\/strong><br \/>\n<strong> Mo\u017cna i trzeba wzrasta\u0107<\/strong><br \/>\n<strong> Nie pomijaj\u0105c prawdy bynajmniej<\/strong><br \/>\n<strong> A czy\u017c tacy czy inni misie<\/strong><br \/>\n<strong> Nie staraj\u0105 si\u0119 nam w tym przeszkadza\u0107<\/strong><br \/>\n<strong> Bardziej lub mniej skutecznie<\/strong><br \/>\n<strong> W tym czy w tamtym<\/strong><br \/>\n<strong> Jednak my nie poddajemy si\u0119<\/strong><br \/>\n<strong> Bo wiemy \u017ce nasza wsp\u00f3lna droga<\/strong><br \/>\n<strong> (Bynajmniej nie pomijaj\u0105c innych)<\/strong><br \/>\n<strong> \u017be nasza wsp\u00f3lna droga<\/strong><br \/>\n<strong> Jest i ma by\u0107 w Bogu<\/strong><\/p>\n<p style=\"text-align: left;\"><a href=\"https:\/\/youtu.be\/nLos38q1_tI\"><em><b>Jacek Kaczmarski &#8211; Bajka o g\u0142upim Jasiu\u00a0<\/b><\/em><\/a><\/p>\n<p><em>Ps. Woda \u017cycia istnieje<\/em><br \/>\n<em> I B\u00f3g ni\u0105 jest<\/em><br \/>\n<em> Trwanie w Bogu<\/em><br \/>\n<em> Ufamy \u017ce do ko\u0144ca wytrwamy<\/em><br \/>\n<em> Na tej wsp\u00f3lnej drodze<\/em><\/p>\n<p style=\"text-align: right;\"><a href=\"https:\/\/youtu.be\/QCopoCoerRs\"><strong><i>\u0179r\u00f3d\u0142o (W\u0105w\u00f3z) &#8211; Jacek Kaczmarski, Zbigniew \u0141api\u0144ski\u00a0<\/i><\/strong><\/a><\/p>\n","protected":false},"excerpt":{"rendered":"<p>Partycypacja niebieska \/ w wiernym trwaniu \/ wsp\u00f3lnego nieskalanego cia\u0142a ma\u0142\u017ce\u0144skiego Jezus powiedzia\u0142 \u017ce tylko ma\u0142\u017conkowie \u0141\u0105cz\u0105 si\u0119 tak bardzo \u017be staj\u0105 si\u0119 jednym cia\u0142em&hellip; <\/p>\n","protected":false},"author":1,"featured_media":0,"parent":0,"menu_order":0,"comment_status":"closed","ping_status":"closed","template":"","meta":{"footnotes":""},"class_list":["post-6736","page","type-page","status-publish","hentry"],"_links":{"self":[{"href":"https:\/\/hubertpietka.bialystok.pl\/index.php?rest_route=\/wp\/v2\/pages\/6736","targetHints":{"allow":["GET"]}}],"collection":[{"href":"https:\/\/hubertpietka.bialystok.pl\/index.php?rest_route=\/wp\/v2\/pages"}],"about":[{"href":"https:\/\/hubertpietka.bialystok.pl\/index.php?rest_route=\/wp\/v2\/types\/page"}],"author":[{"embeddable":true,"href":"https:\/\/hubertpietka.bialystok.pl\/index.php?rest_route=\/wp\/v2\/users\/1"}],"replies":[{"embeddable":true,"href":"https:\/\/hubertpietka.bialystok.pl\/index.php?rest_route=%2Fwp%2Fv2%2Fcomments&post=6736"}],"version-history":[{"count":1,"href":"https:\/\/hubertpietka.bialystok.pl\/index.php?rest_route=\/wp\/v2\/pages\/6736\/revisions"}],"predecessor-version":[{"id":6738,"href":"https:\/\/hubertpietka.bialystok.pl\/index.php?rest_route=\/wp\/v2\/pages\/6736\/revisions\/6738"}],"wp:attachment":[{"href":"https:\/\/hubertpietka.bialystok.pl\/index.php?rest_route=%2Fwp%2Fv2%2Fmedia&parent=6736"}],"curies":[{"name":"wp","href":"https:\/\/api.w.org\/{rel}","templated":true}]}}