{"id":6745,"date":"2023-01-10T09:53:20","date_gmt":"2023-01-10T09:53:20","guid":{"rendered":"http:\/\/hubertpietka.bialystok.pl\/?page_id=6745"},"modified":"2023-01-10T09:53:20","modified_gmt":"2023-01-10T09:53:20","slug":"madrosc-boza-nie-swiatowa-domena-dzieci-boga","status":"publish","type":"page","link":"https:\/\/hubertpietka.bialystok.pl\/?page_id=6745","title":{"rendered":"M\u0105dro\u015b\u0107 Bo\u017ca \/ nie \u015bwiatowa \/ domen\u0105 dzieci Boga"},"content":{"rendered":"<p><em><strong>M\u0105dro\u015b\u0107 Bo\u017ca \/ nie \u015bwiatowa \/ domen\u0105 dzieci Boga<\/strong><\/em><\/p>\n<p>W co najlepiej uderza\u0107<br \/>\nW to co jest czyj\u0105\u015b niez\u0142omn\u0105 domen\u0105<br \/>\nZdrada mo\u017ce by\u0107 r\u00f3\u017cna<br \/>\nMo\u017ce by\u0107 ona zdrad\u0105 cz\u0142owiecze\u0144stwa<br \/>\nBo ja nie mam nic do ukrycia<br \/>\nZupe\u0142nie jestem transparentny<br \/>\nJe\u015bli kto\u015b uwa\u017ca \u017ce zdradza moje tajemnice<br \/>\nTo tak si\u0119 dzia\u0107 niestety nie mo\u017ce<br \/>\nBo ja po prostu ich nie mam<\/p>\n<p>Najlepiej uderza\u0107 k\u0142amstwem<br \/>\nW tym najlepszym ze \u015bwiat\u00f3w<br \/>\nTak nowoczesnym \u017ce prawda si\u0119 nie liczy<br \/>\nA krzywoprzysi\u0119stwo jest w cenie<br \/>\n\u017be si\u0119 tak wyra\u017c\u0119<br \/>\nA najlepiej oczywi\u015bcie uderza\u0107<br \/>\nW to co jest czyj\u0105\u015b czyst\u0105 domen\u0105<br \/>\nW tym najlepszym ze wszech \u015bwiat\u00f3w<br \/>\nWe wszech czasach<br \/>\nTylko czemu tak smutny<br \/>\nJest ten nowy wspania\u0142y \u015bwiat<\/p>\n<p><a href=\"https:\/\/youtu.be\/MELadxZ7B8k\"><em><strong>Romantycy Lekkich Obyczaj\u00f3w &#8211; Czemu nikt nie \u015bpiewa\u00a0<\/strong><\/em><\/a><\/p>\n<p><a href=\"http:\/\/hubertpietka.bialystok.pl\/wp-content\/uploads\/2023\/01\/IMG_20230110_104624.jpg\"><img loading=\"lazy\" decoding=\"async\" class=\"alignnone size-thumbnail wp-image-6746\" src=\"http:\/\/hubertpietka.bialystok.pl\/wp-content\/uploads\/2023\/01\/IMG_20230110_104624-150x150.jpg\" alt=\"\" width=\"150\" height=\"150\" srcset=\"https:\/\/hubertpietka.bialystok.pl\/wp-content\/uploads\/2023\/01\/IMG_20230110_104624-150x150.jpg 150w, https:\/\/hubertpietka.bialystok.pl\/wp-content\/uploads\/2023\/01\/IMG_20230110_104624-75x75.jpg 75w\" sizes=\"auto, (max-width: 150px) 100vw, 150px\" \/><\/a><\/p>\n<p><strong>Na zdj. Dzieci\u0105tko Jezus<\/strong><br \/>\n<strong> W Stowarzyszeniu Droga<\/strong><br \/>\n<strong> Ca\u0142kowicie obna\u017cone<\/strong><br \/>\n<strong> Na sianku symbolu ub\u00f3stwa<\/strong><br \/>\n<strong> I Bo\u017cym S\u0142owie<\/strong><br \/>\n<strong> Ja nic ponad to nie m\u00f3wi\u0119 nie powiem<\/strong><br \/>\n<strong> Na tym si\u0119 zatrzymuj\u0119<\/strong><\/p>\n<p><strong><em>M\u0105dro\u015b\u0107 \u015bwiatowa niechaj co chce se wr\u00f3\u017cy<\/em><\/strong><br \/>\n<strong> Ja jednak wol\u0119 zosta\u0107 przy m\u0105dro\u015bci Bo\u017cej<\/strong><br \/>\n<strong><em> Sorry<\/em> wybaczcie ale ja wiem<\/strong><br \/>\n<strong> Co i komu przysi\u0119ga\u0142em<\/strong><br \/>\n<strong> I wobec Kogo w prawdzie trzeba stawa\u0107<\/strong><br \/>\n<strong> A w ten spos\u00f3b stawa\u0107 te\u017c w prawdzie przed \u015bwiatem<\/strong><br \/>\n<strong> Mimo r\u00f3\u017cnych k\u0142amstw fa\u0142sz\u00f3w mistyfikacji i ob\u0142udy<\/strong><br \/>\n<strong> Czy po prostu niezrozumienia istoty Bo\u017cych rzeczy<\/strong><br \/>\n<strong> Nawet mo\u017ce niezawinionej bardzo<\/strong><br \/>\n<strong> Bo nasi\u0105kni\u0119tej duchem \u015bwiata po prostu i zwyczajnie<\/strong><br \/>\n<strong> Ale w Bogu \u017cycie trwanie<\/strong><br \/>\n<strong> To co\u015b wi\u0119cej zdecydowanie<\/strong><br \/>\n<strong> A ja nie mog\u0119 zaprze\u0107 si\u0119 Boga<\/strong><br \/>\n<strong> I tego co w Nim jest zawierzone<\/strong><br \/>\n<strong> I do spe\u0142nienia te\u017c zostaje<\/strong><br \/>\n<strong> Nie by\u0142bym wtedy ju\u017c sob\u0105<\/strong><br \/>\n<strong> A sob\u0105 mog\u0119 by\u0107 tylko w prawdzie Bo\u017cej<\/strong><br \/>\n<strong> I to cokolwiek kto\u015b powie<\/strong><br \/>\n<strong> Tak mi Bo\u017ce dopom\u00f3\u017c<\/strong><\/p>\n","protected":false},"excerpt":{"rendered":"<p>M\u0105dro\u015b\u0107 Bo\u017ca \/ nie \u015bwiatowa \/ domen\u0105 dzieci Boga W co najlepiej uderza\u0107 W to co jest czyj\u0105\u015b niez\u0142omn\u0105 domen\u0105 Zdrada mo\u017ce by\u0107 r\u00f3\u017cna Mo\u017ce&hellip; <\/p>\n","protected":false},"author":1,"featured_media":0,"parent":0,"menu_order":0,"comment_status":"closed","ping_status":"closed","template":"","meta":{"footnotes":""},"class_list":["post-6745","page","type-page","status-publish","hentry"],"_links":{"self":[{"href":"https:\/\/hubertpietka.bialystok.pl\/index.php?rest_route=\/wp\/v2\/pages\/6745","targetHints":{"allow":["GET"]}}],"collection":[{"href":"https:\/\/hubertpietka.bialystok.pl\/index.php?rest_route=\/wp\/v2\/pages"}],"about":[{"href":"https:\/\/hubertpietka.bialystok.pl\/index.php?rest_route=\/wp\/v2\/types\/page"}],"author":[{"embeddable":true,"href":"https:\/\/hubertpietka.bialystok.pl\/index.php?rest_route=\/wp\/v2\/users\/1"}],"replies":[{"embeddable":true,"href":"https:\/\/hubertpietka.bialystok.pl\/index.php?rest_route=%2Fwp%2Fv2%2Fcomments&post=6745"}],"version-history":[{"count":1,"href":"https:\/\/hubertpietka.bialystok.pl\/index.php?rest_route=\/wp\/v2\/pages\/6745\/revisions"}],"predecessor-version":[{"id":6747,"href":"https:\/\/hubertpietka.bialystok.pl\/index.php?rest_route=\/wp\/v2\/pages\/6745\/revisions\/6747"}],"wp:attachment":[{"href":"https:\/\/hubertpietka.bialystok.pl\/index.php?rest_route=%2Fwp%2Fv2%2Fmedia&parent=6745"}],"curies":[{"name":"wp","href":"https:\/\/api.w.org\/{rel}","templated":true}]}}