{"id":6752,"date":"2023-01-11T18:38:03","date_gmt":"2023-01-11T18:38:03","guid":{"rendered":"http:\/\/hubertpietka.bialystok.pl\/?page_id=6752"},"modified":"2023-01-11T18:38:03","modified_gmt":"2023-01-11T18:38:03","slug":"klamstwo-niszczycielskie","status":"publish","type":"page","link":"https:\/\/hubertpietka.bialystok.pl\/?page_id=6752","title":{"rendered":"K\u0142amstwo \/ niszczycielskie"},"content":{"rendered":"<p><em><strong>K\u0142amstwo \/ niszczycielskie\u00a0<\/strong><\/em><\/p>\n<p><em>Z\u0142odziej przychodzi aby kra\u015b\u0107 zabija\u0107 i niszczy\u0107<\/em><br \/>\nPowiedzia\u0142 Jezus<br \/>\nA co k\u0142amca zatem czyni<br \/>\nPr\u00f3buje oblepi\u0107 b\u0142otem co czyste<\/p>\n<p>Wida\u0107 to cho\u0107by na przyk\u0142adzie pewnych kap\u0142an\u00f3w<br \/>\nI tych du\u017cych i ma\u0142ych<br \/>\nMianowicie papie\u017c Jan Pawe\u0142 II<br \/>\nKt\u00f3rego \u017cycie zwie\u0144czy\u0142a \u015bwi\u0119to\u015b\u0107<br \/>\nJak\u017ce\u017c go si\u0119 pr\u00f3buje<br \/>\nW taki czy inny spos\u00f3b oplu\u0107 czy<br \/>\nPami\u0119\u0107 o nim zniszczy\u0107<br \/>\nChocia\u017c on ca\u0142ym swym \u017cyciem<br \/>\nWskazywa\u0142 tylko na Chrystusa<br \/>\nA zmar\u0142y niedawno Benedykt XVI<br \/>\nTak przezroczysty by nie przys\u0142ania\u0107 Chrystusa przez<br \/>\nPokor\u0119 sw\u0105 jasn\u0105<br \/>\nCzy\u017c jego te\u017c nie pr\u00f3buje si\u0119 znies\u0142awi\u0107<\/p>\n<p>I na gruncie bia\u0142ostockim<br \/>\nKap\u0142ani troch\u0119 mniejsi<br \/>\n\u015ap. ojciec Edward Konkol werbista<br \/>\nKt\u00f3ry \u017cyje w dziele swoim<br \/>\nCho\u0107 po jego \u015bmierci<br \/>\nI z nim si\u0119 obesz\u0142o zapewne odpowiednio<br \/>\nA jednak ja wierz\u0119<br \/>\n\u017be on or\u0119duje tutaj<br \/>\nNie tylko za swym dzie\u0142em<br \/>\nI wreszcie kap\u0142an<br \/>\nKt\u00f3ry zgin\u0105\u0142 niedawno<br \/>\nW niewyja\u015bnionych okoliczno\u015bciach oczywi\u015bcie<br \/>\nKs. Jan Toczko<br \/>\nKt\u00f3ry bardzo kocha\u0142 Matk\u0119 Ko\u015bci\u00f3\u0142<br \/>\nWierny swemu powo\u0142aniu<br \/>\nJak i wy\u017cej wskazani<br \/>\nJak si\u0119 z nim obejd\u0105 po jego \u015bmierci<br \/>\nNawet jestem ciekawy co wyka\u017ce<br \/>\nTak zwane \u015bledztwo<br \/>\nI zapewne to b\u0119dzie dla niego<br \/>\nRaczej ma\u0142o korzystne<br \/>\nCho\u0107 teraz to mu ju\u017c nie zaszkodzi<br \/>\nAle jego pami\u0119ci owszem<\/p>\n<p>Dlaczego tak si\u0119 czyni<br \/>\nZ \u015bwiadkami wiary<br \/>\nCo przez to pr\u00f3buje si\u0119 tu niszczy\u0107<br \/>\nChyba nie tylko ich pami\u0119\u0107<br \/>\nBo to uderza\u0107 ma w co\u015b jeszcze innego zdecydowanie<\/p>\n<p><a href=\"http:\/\/hubertpietka.bialystok.pl\/wp-content\/uploads\/2023\/01\/IMG_20230111_193604.jpg\"><img loading=\"lazy\" decoding=\"async\" class=\"alignnone size-thumbnail wp-image-6753\" src=\"http:\/\/hubertpietka.bialystok.pl\/wp-content\/uploads\/2023\/01\/IMG_20230111_193604-150x150.jpg\" alt=\"\" width=\"150\" height=\"150\" srcset=\"https:\/\/hubertpietka.bialystok.pl\/wp-content\/uploads\/2023\/01\/IMG_20230111_193604-150x150.jpg 150w, https:\/\/hubertpietka.bialystok.pl\/wp-content\/uploads\/2023\/01\/IMG_20230111_193604-75x75.jpg 75w\" sizes=\"auto, (max-width: 150px) 100vw, 150px\" \/><\/a><\/p>\n<p><strong>Na zdj. Ojciec Edward Konkol<\/strong><br \/>\n<strong> W kaplicy Stowarzyszenia Droga<\/strong><br \/>\n<strong> Jego \u017cywego jeszcze dzie\u0142a<\/strong><br \/>\n<strong> A czyj\u0105 jest domen\u0105 k\u0142amstwo<\/strong><br \/>\n<strong> I co najcz\u0119\u015bciej idzie i za tym<\/strong><br \/>\n<strong> Bezczeszczenie pami\u0119ci mo\u017ce mie\u0107 i swe nast\u0119pstwa<\/strong><br \/>\n<strong> Wtedy \u0142atwiej w wiernych uderza\u0107<\/strong><\/p>\n","protected":false},"excerpt":{"rendered":"<p>K\u0142amstwo \/ niszczycielskie\u00a0 Z\u0142odziej przychodzi aby kra\u015b\u0107 zabija\u0107 i niszczy\u0107 Powiedzia\u0142 Jezus A co k\u0142amca zatem czyni Pr\u00f3buje oblepi\u0107 b\u0142otem co czyste Wida\u0107 to cho\u0107by&hellip; <\/p>\n","protected":false},"author":1,"featured_media":0,"parent":0,"menu_order":0,"comment_status":"closed","ping_status":"closed","template":"","meta":{"footnotes":""},"class_list":["post-6752","page","type-page","status-publish","hentry"],"_links":{"self":[{"href":"https:\/\/hubertpietka.bialystok.pl\/index.php?rest_route=\/wp\/v2\/pages\/6752","targetHints":{"allow":["GET"]}}],"collection":[{"href":"https:\/\/hubertpietka.bialystok.pl\/index.php?rest_route=\/wp\/v2\/pages"}],"about":[{"href":"https:\/\/hubertpietka.bialystok.pl\/index.php?rest_route=\/wp\/v2\/types\/page"}],"author":[{"embeddable":true,"href":"https:\/\/hubertpietka.bialystok.pl\/index.php?rest_route=\/wp\/v2\/users\/1"}],"replies":[{"embeddable":true,"href":"https:\/\/hubertpietka.bialystok.pl\/index.php?rest_route=%2Fwp%2Fv2%2Fcomments&post=6752"}],"version-history":[{"count":1,"href":"https:\/\/hubertpietka.bialystok.pl\/index.php?rest_route=\/wp\/v2\/pages\/6752\/revisions"}],"predecessor-version":[{"id":6754,"href":"https:\/\/hubertpietka.bialystok.pl\/index.php?rest_route=\/wp\/v2\/pages\/6752\/revisions\/6754"}],"wp:attachment":[{"href":"https:\/\/hubertpietka.bialystok.pl\/index.php?rest_route=%2Fwp%2Fv2%2Fmedia&parent=6752"}],"curies":[{"name":"wp","href":"https:\/\/api.w.org\/{rel}","templated":true}]}}