{"id":6760,"date":"2023-01-15T19:50:04","date_gmt":"2023-01-15T19:50:04","guid":{"rendered":"http:\/\/hubertpietka.bialystok.pl\/?page_id=6760"},"modified":"2023-01-15T19:50:04","modified_gmt":"2023-01-15T19:50:04","slug":"nie-tak-a-niby-jak","status":"publish","type":"page","link":"https:\/\/hubertpietka.bialystok.pl\/?page_id=6760","title":{"rendered":"Nie tak \/ a niby jak"},"content":{"rendered":"<p><em><strong>Nie tak \/ a niby jak<\/strong><\/em><\/p>\n<p>Staram si\u0119<br \/>\nPracowa\u0107 normalnie studiowa\u0107<br \/>\nGra\u0107 w pi\u0142k\u0119 i na gitarze<br \/>\n\u017by\u0107 w rodzinie<br \/>\nCho\u0107 oni mi to do\u015b\u0107 skutecznie utrudniaj\u0105<\/p>\n<p>Z nikim nie walcz\u0119<br \/>\nStaj\u0119 tylko w obronie uci\u015bnionych<br \/>\nSiebie \u017cony bliskich naszego Ukrainy<br \/>\nChyba \u017ce za walk\u0119 mo\u017cna uzna\u0107 obron\u0119<br \/>\nKt\u00f3ra z defensywy pr\u00f3buje si\u0119 jako\u015b podnie\u015b\u0107<br \/>\nAle czy\u017c kto\u015b widzia\u0142 na boisku dru\u017cyn\u0119<br \/>\nKt\u00f3ra tylko si\u0119 broni<br \/>\nNie pr\u00f3buj\u0105c jednak wyprowadzi\u0107 kontrataku<br \/>\nNa co jest skazana dru\u017cyna taka<\/p>\n<p><em>Dzi\u015b podobno \u015bw. Alojzego *Variara*<\/em><br \/>\n<em> Czy jestem m\u0105dry<\/em><br \/>\n<em> Imi\u0119 to tyle znaczy<\/em><br \/>\n<em> To B\u00f3g oceni<\/em><br \/>\n<em> Ale czy wszystko to robi\u0105c jednak<\/em><br \/>\n<em> I to z wysi\u0142kiem niema\u0142ym<\/em><br \/>\n<em> Co im zapewne mog\u0119 tu zawdzi\u0119cza\u0107<\/em><br \/>\n<em> Ja jestem *wariatem*<\/em><br \/>\n<em> Do czego oni d\u0105\u017c\u0105 nieustannie<\/em><\/p>\n<p><em>Poza tym dzi\u015b te\u017c \u015bw. Arnolda Jensena<\/em><br \/>\n<em> Czy to mo\u017ce jednak raczej<\/em><br \/>\n<em> Wymaga jakiego\u015b hartu ducha<\/em><br \/>\n<em> A mo\u017ce to w\u0142a\u015bnie im tak bardzo przeszkadza<\/em><br \/>\n<em> \u017be moja postawa oparta jest<\/em><br \/>\n<em> Na \u017cywej wierze<\/em><br \/>\n<em> I z niej nieustannie czerpie<\/em><\/p>\n<p><em><a href=\"http:\/\/hubertpietka.bialystok.pl\/wp-content\/uploads\/2023\/01\/IMG_20230115_204821.jpg\"><img loading=\"lazy\" decoding=\"async\" class=\"alignnone size-thumbnail wp-image-6761\" src=\"http:\/\/hubertpietka.bialystok.pl\/wp-content\/uploads\/2023\/01\/IMG_20230115_204821-150x150.jpg\" alt=\"\" width=\"150\" height=\"150\" srcset=\"https:\/\/hubertpietka.bialystok.pl\/wp-content\/uploads\/2023\/01\/IMG_20230115_204821-150x150.jpg 150w, https:\/\/hubertpietka.bialystok.pl\/wp-content\/uploads\/2023\/01\/IMG_20230115_204821-75x75.jpg 75w\" sizes=\"auto, (max-width: 150px) 100vw, 150px\" \/><\/a><\/em><\/p>\n<p><strong>Na zdj. Matka Boska R\u00f3\u017canostocka<\/strong><br \/>\n<strong> Tam gdzie salezjanie \u015bw. ksi\u0119dza Jana Bosko<\/strong><br \/>\n<strong> Tak si\u0119 sk\u0142ada \u017ce na niwie dzia\u0142a\u0144 z m\u0142odzie\u017c\u0105<\/strong><br \/>\n<strong> Te\u017c istnie\u0107 jako\u015b od do\u015b\u0107 dawna pr\u00f3buj\u0119<\/strong><br \/>\n<strong> I to im te\u017c zapewne do\u015b\u0107 mocno przeszkadza<\/strong><br \/>\n<strong> Jak ka\u017cda aktywno\u015b\u0107 moja<\/strong><br \/>\n<strong> Bo najlepiej mnie zamkn\u0105\u0107<\/strong><br \/>\n<strong> Jak nie w miejscu zapewne jedynie s\u0142usznym<\/strong><br \/>\n<strong> To w innych czterech \u015bcianach<\/strong><br \/>\n<strong> Gdzie te\u017c raczej mnie czeka takie czy inne konanie<\/strong><br \/>\n<strong> Takie oni dla mnie maj\u0105 pi\u0119kne alternatywy<\/strong><br \/>\n<strong> Ale przecie\u017c nie tylko i dla mnie<\/strong><br \/>\n<strong> A poza tym to we mnie nieustannie<\/strong><br \/>\n<strong> Tu czy tam<\/strong><br \/>\n<strong> We mnie w nas nasze i naszych jako\u015b<\/strong><br \/>\n<strong> To chyba cel g\u0142\u00f3wny niekt\u00f3rych<\/strong><\/p>\n","protected":false},"excerpt":{"rendered":"<p>Nie tak \/ a niby jak Staram si\u0119 Pracowa\u0107 normalnie studiowa\u0107 Gra\u0107 w pi\u0142k\u0119 i na gitarze \u017by\u0107 w rodzinie Cho\u0107 oni mi to do\u015b\u0107&hellip; <\/p>\n","protected":false},"author":1,"featured_media":0,"parent":0,"menu_order":0,"comment_status":"closed","ping_status":"closed","template":"","meta":{"footnotes":""},"class_list":["post-6760","page","type-page","status-publish","hentry"],"_links":{"self":[{"href":"https:\/\/hubertpietka.bialystok.pl\/index.php?rest_route=\/wp\/v2\/pages\/6760","targetHints":{"allow":["GET"]}}],"collection":[{"href":"https:\/\/hubertpietka.bialystok.pl\/index.php?rest_route=\/wp\/v2\/pages"}],"about":[{"href":"https:\/\/hubertpietka.bialystok.pl\/index.php?rest_route=\/wp\/v2\/types\/page"}],"author":[{"embeddable":true,"href":"https:\/\/hubertpietka.bialystok.pl\/index.php?rest_route=\/wp\/v2\/users\/1"}],"replies":[{"embeddable":true,"href":"https:\/\/hubertpietka.bialystok.pl\/index.php?rest_route=%2Fwp%2Fv2%2Fcomments&post=6760"}],"version-history":[{"count":1,"href":"https:\/\/hubertpietka.bialystok.pl\/index.php?rest_route=\/wp\/v2\/pages\/6760\/revisions"}],"predecessor-version":[{"id":6762,"href":"https:\/\/hubertpietka.bialystok.pl\/index.php?rest_route=\/wp\/v2\/pages\/6760\/revisions\/6762"}],"wp:attachment":[{"href":"https:\/\/hubertpietka.bialystok.pl\/index.php?rest_route=%2Fwp%2Fv2%2Fmedia&parent=6760"}],"curies":[{"name":"wp","href":"https:\/\/api.w.org\/{rel}","templated":true}]}}