{"id":6765,"date":"2023-01-17T21:25:27","date_gmt":"2023-01-17T21:25:27","guid":{"rendered":"http:\/\/hubertpietka.bialystok.pl\/?page_id=6765"},"modified":"2023-01-17T21:30:49","modified_gmt":"2023-01-17T21:30:49","slug":"zabojcze-klatki-od-niedzwiadkow","status":"publish","type":"page","link":"https:\/\/hubertpietka.bialystok.pl\/?page_id=6765","title":{"rendered":"Zab\u00f3jcze klatki \/ od nied\u017awiadk\u00f3w"},"content":{"rendered":"<p><em><strong>Zab\u00f3jcze klatki \/ od nied\u017awiadk\u00f3w<\/strong><\/em><\/p>\n<p>Czy\u017c \u017cycie nie powinno by\u0107<br \/>\nNieustannym si\u0119 otwieraniem na innych<br \/>\nA misie nasi domoro\u015bli<br \/>\nSpecjalistami si\u0119 stali od zamykania<br \/>\nR\u00f3\u017cnych perspektyw i\u00a0 dos\u0142ownie i w przeno\u015bni<\/p>\n<p>Hitlerowcy mieli *KL* Auschwitz<br \/>\nOni te\u017c lubi\u0105 r\u00f3\u017cne *kl-atki*<br \/>\nCho\u0107by t\u0105 w kt\u00f3rej mnie chc\u0105 zamkn\u0105\u0107<br \/>\nMog\u0105 by\u0107 te\u017c s\u0142\u00f3w klatki<br \/>\nZ kt\u00f3rych wyj\u015bcie ci\u0119\u017cko znale\u017a\u0107<br \/>\nI dom mo\u017ce by\u0107 klatk\u0105<br \/>\nKt\u00f3ra uderza w klatk\u0119 piersiow\u0105<br \/>\nJak cho\u0107by z \u017con\u0105<br \/>\nI je\u015bli jeszcze cokolwieczunio<\/p>\n<p><a href=\"http:\/\/hubertpietka.bialystok.pl\/wp-content\/uploads\/2023\/01\/IMG_20230117_222940.jpg\"><img loading=\"lazy\" decoding=\"async\" class=\"alignnone size-thumbnail wp-image-6768\" src=\"http:\/\/hubertpietka.bialystok.pl\/wp-content\/uploads\/2023\/01\/IMG_20230117_222940-150x150.jpg\" alt=\"\" width=\"150\" height=\"150\" srcset=\"https:\/\/hubertpietka.bialystok.pl\/wp-content\/uploads\/2023\/01\/IMG_20230117_222940-150x150.jpg 150w, https:\/\/hubertpietka.bialystok.pl\/wp-content\/uploads\/2023\/01\/IMG_20230117_222940-75x75.jpg 75w\" sizes=\"auto, (max-width: 150px) 100vw, 150px\" \/><\/a><\/p>\n<p><strong>Na zdj. Matka Bo\u017ca Pocieszenia w Krypnie<\/strong><br \/>\n<strong> Czasem trzeba co\u015b w Bogu zamkn\u0105\u0107 ukry\u0107<\/strong><br \/>\n<strong> Ale bardziej trzeba ujawnia\u0107<\/strong><br \/>\n<strong> To co s\u0142u\u017cy prawdzie<\/strong><br \/>\n<strong> K\u0142amstwo jest skrytob\u00f3jcze<\/strong><br \/>\n<strong> A prawda zawsze o\u017cywia<\/strong><br \/>\n<strong> Ave Maryja ca\u0142y tw\u00f3j<\/strong><\/p>\n<p style=\"text-align: center;\"><a href=\"https:\/\/youtu.be\/bOCTX0_LT48\"><em><strong>IRA &#8211; W g\u00f3r\u0119 patrz<\/strong><\/em><\/a><\/p>\n<p style=\"text-align: right;\"><a href=\"https:\/\/youtu.be\/ASdNX8QbfM8\"><em><strong>IRA &#8211; Nie zatrzymam si\u0119\u00a0<\/strong><\/em><\/a><\/p>\n","protected":false},"excerpt":{"rendered":"<p>Zab\u00f3jcze klatki \/ od nied\u017awiadk\u00f3w Czy\u017c \u017cycie nie powinno by\u0107 Nieustannym si\u0119 otwieraniem na innych A misie nasi domoro\u015bli Specjalistami si\u0119 stali od zamykania R\u00f3\u017cnych&hellip; <\/p>\n","protected":false},"author":1,"featured_media":0,"parent":0,"menu_order":0,"comment_status":"closed","ping_status":"closed","template":"","meta":{"footnotes":""},"class_list":["post-6765","page","type-page","status-publish","hentry"],"_links":{"self":[{"href":"https:\/\/hubertpietka.bialystok.pl\/index.php?rest_route=\/wp\/v2\/pages\/6765","targetHints":{"allow":["GET"]}}],"collection":[{"href":"https:\/\/hubertpietka.bialystok.pl\/index.php?rest_route=\/wp\/v2\/pages"}],"about":[{"href":"https:\/\/hubertpietka.bialystok.pl\/index.php?rest_route=\/wp\/v2\/types\/page"}],"author":[{"embeddable":true,"href":"https:\/\/hubertpietka.bialystok.pl\/index.php?rest_route=\/wp\/v2\/users\/1"}],"replies":[{"embeddable":true,"href":"https:\/\/hubertpietka.bialystok.pl\/index.php?rest_route=%2Fwp%2Fv2%2Fcomments&post=6765"}],"version-history":[{"count":3,"href":"https:\/\/hubertpietka.bialystok.pl\/index.php?rest_route=\/wp\/v2\/pages\/6765\/revisions"}],"predecessor-version":[{"id":6770,"href":"https:\/\/hubertpietka.bialystok.pl\/index.php?rest_route=\/wp\/v2\/pages\/6765\/revisions\/6770"}],"wp:attachment":[{"href":"https:\/\/hubertpietka.bialystok.pl\/index.php?rest_route=%2Fwp%2Fv2%2Fmedia&parent=6765"}],"curies":[{"name":"wp","href":"https:\/\/api.w.org\/{rel}","templated":true}]}}