{"id":6771,"date":"2023-01-18T09:17:59","date_gmt":"2023-01-18T09:17:59","guid":{"rendered":"http:\/\/hubertpietka.bialystok.pl\/?page_id=6771"},"modified":"2023-01-18T09:17:59","modified_gmt":"2023-01-18T09:17:59","slug":"ja-i-aneta-slowa-prawdy-o-kobietach","status":"publish","type":"page","link":"https:\/\/hubertpietka.bialystok.pl\/?page_id=6771","title":{"rendered":"Ja i Aneta \/ s\u0142owa prawdy o kobietach"},"content":{"rendered":"<p><em><strong>Ja i Aneta \/ s\u0142owa prawdy o kobietach\u00a0<\/strong><\/em><\/p>\n<p><strong>S\u0142owo od mojej \u017cony<\/strong><\/p>\n<p><em> &#8222;Moi Drodzy Znajomi i Nieznajomi!<\/em><br \/>\n<em> Zwracam si\u0119 do Was z gor\u0105c\u0105 pro\u015bb\u0105 o po\u0142\u0105czenie si\u0142 i wsparcie finansowe dla Agnieszki Brzostowskiej.<\/em><br \/>\n<em> To m\u0142oda, dzielna kobieta, kt\u00f3ra walczy z ci\u0119\u017ck\u0105 i rzadk\u0105 chorob\u0105, na kt\u00f3r\u0105 zapad\u0142a na starcie w doros\u0142e \u017cycie, w wieku 20 lat. Diagnoz\u0119 przyj\u0119\u0142a jako wyzwania i jak dot\u0105d nie podda\u0142a si\u0119.<\/em><br \/>\n<em> Agnieszka pr\u00f3cz dotkliwo\u015bci chorobowych, niestety odczuwa brak funduszy. Gospodaruje z niskiej renty chorobowej i korzysta z pomocy opiekunek spo\u0142ecznych, kt\u00f3re &#8222;wpadaj\u0105&#8221; jednak na bardzo ograniczony czas.Mimo to Agnieszka nie narzeka i jak dot\u0105d prze\u017cy\u0142a z chorob\u0105 20 lat.<\/em><br \/>\n<em> Jest te\u017c kilku ludzi dobrej woli, kt\u00f3rzy przychodz\u0105, by Agnieszk\u0119 chod\u017a na chwil\u0119 wyprowadzi\u0107 na dw\u00f3r i wspom\u00f3c. To wszystko nie wystarcza.<\/em><br \/>\n<em> Niestety Agnieszce doskwiera coraz wi\u0119cej objaw\u00f3w chorobowych, kt\u00f3re czyni\u0105 Jej \u017cycie niezno\u015bnym. Wszystko pomaga Jej przetrwa\u0107 ukochany pies, jedyny ca\u0142odobowy \u015bwiadek Jej codziennych zmaga\u0144. Niewykluczone, \u017ce to ten wierny przyjaciel ociepla Jej dokuczliw\u0105 samotno\u015b\u0107.<\/em><br \/>\n<em> Grupa przyjaci\u00f3\u0142 bardzo chcia\u0142aby wynaj\u0105\u0107 Jej opiekun\u00f3w i pom\u00f3c zorganizowa\u0107 przestrze\u0144, by te trudne chwile \u017cycia Agnieszki by\u0142y dobrze ogarni\u0119te chocia\u017c od tej strony. Wa\u017cne dla Niej jest, by mog\u0142a jednak mieszka\u0107 w dotychczasowym lokum, gdzie ma namiastk\u0119 bycia &#8222;u siebie&#8221;. W tym celu potrzebny jest konkretny fundusz.<\/em><br \/>\n<em> Bardzo Was prosz\u0119, je\u015bli kto\u015b m\u00f3g\u0142by tu cokolwiek pom\u00f3c, to my jako grupa Jej Przyjaci\u00f3\u0142 wraz z Agnieszk\u0105, b\u0119dziemy dozgonnie wdzi\u0119czni. Ka\u017cdy grosz si\u0119 liczy.<\/em><br \/>\n<em> Formy pomocy oraz kr\u00f3tka historia Agnieszki zamieszczone s\u0105 w broszurze poni\u017cej.<\/em><br \/>\n<em> To sympatyczna, niepretensjonalna dziewczyna, kt\u00f3ra przyci\u0105ga do siebie ludzi. Chcemy J\u0105 wspom\u00f3c. Ziarnko do ziarnka&#8230; i mo\u017ce si\u0119 uda urz\u0105dzi\u0107 Jej jak\u0105\u015b rozs\u0105dn\u0105 logistyk\u0119 \u017cycia.<\/em><br \/>\n<em> Z g\u00f3ry dzi\u0119kuj\u0119 ka\u017cdemu z Was, kt\u00f3rzy czytacie te s\u0142owa i za wszystkie ch\u0119ci pomocy! Serdecznie i Noworocznie Was pozdrawiam :)&#8221;<\/em><\/p>\n<p><a href=\"http:\/\/hubertpietka.bialystok.pl\/wp-content\/uploads\/2023\/01\/IMG-20230118-WA0000.jpg\"><img loading=\"lazy\" decoding=\"async\" class=\"alignnone size-thumbnail wp-image-6772\" src=\"http:\/\/hubertpietka.bialystok.pl\/wp-content\/uploads\/2023\/01\/IMG-20230118-WA0000-150x150.jpg\" alt=\"\" width=\"150\" height=\"150\" srcset=\"https:\/\/hubertpietka.bialystok.pl\/wp-content\/uploads\/2023\/01\/IMG-20230118-WA0000-150x150.jpg 150w, https:\/\/hubertpietka.bialystok.pl\/wp-content\/uploads\/2023\/01\/IMG-20230118-WA0000-75x75.jpg 75w\" sizes=\"auto, (max-width: 150px) 100vw, 150px\" \/><\/a><br \/>\n<a href=\"http:\/\/hubertpietka.bialystok.pl\/wp-content\/uploads\/2023\/01\/IMG-20230118-WA0001.jpg\"><img loading=\"lazy\" decoding=\"async\" class=\"alignnone size-thumbnail wp-image-6773\" src=\"http:\/\/hubertpietka.bialystok.pl\/wp-content\/uploads\/2023\/01\/IMG-20230118-WA0001-150x150.jpg\" alt=\"\" width=\"150\" height=\"150\" srcset=\"https:\/\/hubertpietka.bialystok.pl\/wp-content\/uploads\/2023\/01\/IMG-20230118-WA0001-150x150.jpg 150w, https:\/\/hubertpietka.bialystok.pl\/wp-content\/uploads\/2023\/01\/IMG-20230118-WA0001-75x75.jpg 75w\" sizes=\"auto, (max-width: 150px) 100vw, 150px\" \/><\/a><\/p>\n<p><strong>A teraz s\u0142owo ode mnie<\/strong><\/p>\n<p><em>\u017bycie ocali\u0107 czy zabi\u0107<\/em><br \/>\nTak pyta\u0142 Jezus<br \/>\nDzi\u015b \u015bw. Ma\u0142gorzaty W\u0119gierskiej podobno<br \/>\nPrzygarn\u0105\u0142 j\u0105 zakon dominikanek<br \/>\nPo perturbacjach r\u00f3\u017cnych w *Veszprem*<br \/>\nTak *wesprzyj* chocia\u017c przez zakon<br \/>\nCzyli zbi\u00f3r dobrych praw<br \/>\nKt\u00f3re \u017cycie u\u0142atwiaj\u0105 nie utrudniaj\u0105<br \/>\nPoza tym \u015bw. Ma\u0142gorzata<br \/>\nPrzebywa\u0142a te\u017c w *Budzie*<br \/>\nNawet psu si\u0119 ona nale\u017cy na dworze<br \/>\nSuche bezpieczne miejsce ciep\u0142e<br \/>\nKa\u017cdy powinien mie\u0107 dom spokojny<br \/>\nAgnieszka Ma\u0142gorzata czy jaka\u015b inna<\/p>\n<p>Dzi\u015b te\u017c pono\u0107 jest Reginy *Prot-mann* b\u0142ogos\u0142awionej<br \/>\n*Pierwszy cz\u0142owiek* Jezus B\u00f3g-cz\u0142owiek<br \/>\nMaryj\u0119 bardzo ukocha\u0142<br \/>\nW taki spos\u00f3b \u017ce uczyni\u0142<br \/>\nJ\u0105 nieba i ziemi Kr\u00f3low\u0105<br \/>\nWspomagaj Maryjo wszystkie dobre dzie\u0142a<\/p>\n<p><a href=\"http:\/\/hubertpietka.bialystok.pl\/wp-content\/uploads\/2023\/01\/IMG_20230118_095201.jpg\"><img loading=\"lazy\" decoding=\"async\" class=\"alignnone size-thumbnail wp-image-6774\" src=\"http:\/\/hubertpietka.bialystok.pl\/wp-content\/uploads\/2023\/01\/IMG_20230118_095201-150x150.jpg\" alt=\"\" width=\"150\" height=\"150\" srcset=\"https:\/\/hubertpietka.bialystok.pl\/wp-content\/uploads\/2023\/01\/IMG_20230118_095201-150x150.jpg 150w, https:\/\/hubertpietka.bialystok.pl\/wp-content\/uploads\/2023\/01\/IMG_20230118_095201-75x75.jpg 75w\" sizes=\"auto, (max-width: 150px) 100vw, 150px\" \/><\/a><\/p>\n<p><strong>Na zdj. Kaplica \u015bw. J\u00f3zefa<\/strong><br \/>\n<strong> Przy pobliskim nam DPS-ie<\/strong><br \/>\n<strong> Wspieraj te\u017c \u015bw. J\u00f3zefie<\/strong><br \/>\n<strong> Bo po ludzku to on by\u0142 wybrankiem Maryi<\/strong><br \/>\n<strong> A m\u0105\u017c dla \u017cony i te\u017c wzajemnie<\/strong><br \/>\n<strong> Jest darem najwi\u0119kszym<\/strong><br \/>\n<strong> Z kt\u00f3rego te\u017c \u0142aska<\/strong><br \/>\n<strong> Sp\u0142ywa na innych<\/strong><\/p>\n<p style=\"text-align: right;\"><a href=\"https:\/\/youtu.be\/BwBG_H5oYos\"><em><strong>Akurat &#8211; Lubi\u0119 m\u00f3wi\u0107 z tob\u0105\u00a0<\/strong><\/em><\/a>\u00a0\ud83d\ude42<\/p>\n","protected":false},"excerpt":{"rendered":"<p>Ja i Aneta \/ s\u0142owa prawdy o kobietach\u00a0 S\u0142owo od mojej \u017cony &#8222;Moi Drodzy Znajomi i Nieznajomi! Zwracam si\u0119 do Was z gor\u0105c\u0105 pro\u015bb\u0105 o&hellip; <\/p>\n","protected":false},"author":1,"featured_media":0,"parent":0,"menu_order":0,"comment_status":"closed","ping_status":"closed","template":"","meta":{"footnotes":""},"class_list":["post-6771","page","type-page","status-publish","hentry"],"_links":{"self":[{"href":"https:\/\/hubertpietka.bialystok.pl\/index.php?rest_route=\/wp\/v2\/pages\/6771","targetHints":{"allow":["GET"]}}],"collection":[{"href":"https:\/\/hubertpietka.bialystok.pl\/index.php?rest_route=\/wp\/v2\/pages"}],"about":[{"href":"https:\/\/hubertpietka.bialystok.pl\/index.php?rest_route=\/wp\/v2\/types\/page"}],"author":[{"embeddable":true,"href":"https:\/\/hubertpietka.bialystok.pl\/index.php?rest_route=\/wp\/v2\/users\/1"}],"replies":[{"embeddable":true,"href":"https:\/\/hubertpietka.bialystok.pl\/index.php?rest_route=%2Fwp%2Fv2%2Fcomments&post=6771"}],"version-history":[{"count":1,"href":"https:\/\/hubertpietka.bialystok.pl\/index.php?rest_route=\/wp\/v2\/pages\/6771\/revisions"}],"predecessor-version":[{"id":6775,"href":"https:\/\/hubertpietka.bialystok.pl\/index.php?rest_route=\/wp\/v2\/pages\/6771\/revisions\/6775"}],"wp:attachment":[{"href":"https:\/\/hubertpietka.bialystok.pl\/index.php?rest_route=%2Fwp%2Fv2%2Fmedia&parent=6771"}],"curies":[{"name":"wp","href":"https:\/\/api.w.org\/{rel}","templated":true}]}}