{"id":6777,"date":"2023-01-19T19:00:35","date_gmt":"2023-01-19T19:00:35","guid":{"rendered":"http:\/\/hubertpietka.bialystok.pl\/?page_id=6777"},"modified":"2023-01-19T19:00:35","modified_gmt":"2023-01-19T19:00:35","slug":"zla-za-kusy-na-wiernych-bogu","status":"publish","type":"page","link":"https:\/\/hubertpietka.bialystok.pl\/?page_id=6777","title":{"rendered":"Z\u0142a \/ za-kusy na wiernych Bogu"},"content":{"rendered":"<p><em><strong>Z\u0142a \/ za-kusy na wiernych Bogu<\/strong><\/em><\/p>\n<p>Je\u015bli cokolwiek mojej \u017conie<br \/>\nPisz\u0119 to otwarcie i definitywnie<br \/>\nNie b\u0119dzie ci\u0105gu dalszego<br \/>\nNowego otwarcia<br \/>\n\u017badnej innej<br \/>\nNic nie b\u0119dzie<br \/>\nI tyle<br \/>\nJe\u015bli cokolwieczuniek<\/p>\n<p><a href=\"https:\/\/youtu.be\/fyi1hU3JjoI\"><em><strong>Kult &#8211; Ty albo \u017cadna<\/strong><\/em><\/a><\/p>\n<p>Temat uwa\u017cam za zako\u0144czony<br \/>\nTo le\u017cy te\u017c w waszym niestety interesie<br \/>\nJe\u015bli by ten \u015bwiat mia\u0142 trwa\u0107 wy jednak chcecie<\/p>\n<p>Wi\u0119c misie wpad\u0142y na diabelski wybieg i\u015bcie<br \/>\nPojma\u0107 mnie \u017cywcem<br \/>\nI \/ albo cichcem<br \/>\n\u017be niby ja sam<br \/>\nJaka\u015b choroba jak oni to strasznie lubi\u0105<br \/>\nSi\u0119 z tym \u015bwiatem po\u017cegnam<br \/>\nTak czy inaczej nie \u0142udzcie si\u0119 zbytnio<br \/>\nKonsekwencje b\u0119d\u0119 te same<br \/>\nBo tak powiedzia\u0142 B\u00f3g<br \/>\nNie jaka\u015b tam wr\u00f3\u017cka czy te\u017c wr\u00f3\u017c<br \/>\nCzy mo\u017ce prorok rzekomy<br \/>\nBy zi\u015bci\u0107 z\u0142a zamiary<\/p>\n<p>A mo\u017ce jaki\u015b niby nieszcz\u0119\u015bliwy wypadek taki czy inny<br \/>\nMi czy \u017conie jakkolwiek<br \/>\nTe\u017c oni lubi\u0105 takie efekty<br \/>\nA \u017ce ju\u017c nie wspomn\u0119 o innych dzia\u0142aniach<br \/>\nKt\u00f3re maj\u0105 nas wp\u0119dzi\u0107 w dno \u017cycia<br \/>\nPrzecie\u017c wyka\u0144cza\u0107 mo\u017cna na do\u015b\u0107 r\u00f3\u017cne sposoby<br \/>\nO czym do\u015bwiadczenia cho\u0107by s\u0142u\u017cb bezpiecze\u0144stwa z poprzedniej epoki<br \/>\nUcz\u0105 do\u015b\u0107 dobrze<\/p>\n<p>Dzi\u015b pono\u0107 \u015bw. Kanuta Lewarda<br \/>\nImi\u0119 jego w\u0119ze\u0142 znaczy<br \/>\nW kt\u00f3ry oni chc\u0105 nas nasze naszych zaple\u015b\u0107<br \/>\nBy\u015bmy ju\u017c nie mogli si\u0119 z niego wypl\u0105ta\u0107<br \/>\nI wy przy okazji<br \/>\nI w ten spos\u00f3b by spe\u0142ni\u0107<br \/>\nZ\u0142e zamiary wobec nas naszego i naszych<\/p>\n<p>A *Lew <em>word<\/em>* znaczy<br \/>\nB\u00f3g prawdziwych s\u0142\u00f3w<br \/>\nKt\u00f3re On mi wk\u0142ada w usta<br \/>\nBy\u015bmy mogli si\u0119 osta\u0107<br \/>\nWobec z\u0142a zakus\u00f3w<br \/>\nW co ufam po prostu<br \/>\nB\u00f3g ma inn\u0105 przysz\u0142o\u015b\u0107<br \/>\nDla tego \u015bwiata<br \/>\nNi\u017c prostacka dominacja z\u0142a<br \/>\nCo niechaj si\u0119 stanie<\/p>\n<p><a href=\"http:\/\/hubertpietka.bialystok.pl\/wp-content\/uploads\/2023\/01\/IMG_20230119_195347.jpg\"><img loading=\"lazy\" decoding=\"async\" class=\"alignnone size-thumbnail wp-image-6778\" src=\"http:\/\/hubertpietka.bialystok.pl\/wp-content\/uploads\/2023\/01\/IMG_20230119_195347-150x150.jpg\" alt=\"\" width=\"150\" height=\"150\" srcset=\"https:\/\/hubertpietka.bialystok.pl\/wp-content\/uploads\/2023\/01\/IMG_20230119_195347-150x150.jpg 150w, https:\/\/hubertpietka.bialystok.pl\/wp-content\/uploads\/2023\/01\/IMG_20230119_195347-75x75.jpg 75w\" sizes=\"auto, (max-width: 150px) 100vw, 150px\" \/><\/a><\/p>\n<p><strong>Na zdj. Sanktuarium Matki Bo\u017cej Krypnia\u0144skiej<\/strong><br \/>\n<strong>Kt\u00f3ra jest Pocieszenia Matk\u0105<\/strong><br \/>\n<strong>Niech nas wspomaga<\/strong><br \/>\n<strong>Nas naszych i nasze<\/strong><br \/>\n<strong>By\u015bmy si\u0119 mogli osta\u0107<\/strong><br \/>\n<strong>Przed z\u0142a zakusami<\/strong><br \/>\n<strong>Prowad\u017a Matko<\/strong><br \/>\n<strong>Ave Maria zawsze <\/strong><\/p>\n","protected":false},"excerpt":{"rendered":"<p>Z\u0142a \/ za-kusy na wiernych Bogu Je\u015bli cokolwiek mojej \u017conie Pisz\u0119 to otwarcie i definitywnie Nie b\u0119dzie ci\u0105gu dalszego Nowego otwarcia \u017badnej innej Nic nie&hellip; <\/p>\n","protected":false},"author":1,"featured_media":0,"parent":0,"menu_order":0,"comment_status":"closed","ping_status":"closed","template":"","meta":{"footnotes":""},"class_list":["post-6777","page","type-page","status-publish","hentry"],"_links":{"self":[{"href":"https:\/\/hubertpietka.bialystok.pl\/index.php?rest_route=\/wp\/v2\/pages\/6777","targetHints":{"allow":["GET"]}}],"collection":[{"href":"https:\/\/hubertpietka.bialystok.pl\/index.php?rest_route=\/wp\/v2\/pages"}],"about":[{"href":"https:\/\/hubertpietka.bialystok.pl\/index.php?rest_route=\/wp\/v2\/types\/page"}],"author":[{"embeddable":true,"href":"https:\/\/hubertpietka.bialystok.pl\/index.php?rest_route=\/wp\/v2\/users\/1"}],"replies":[{"embeddable":true,"href":"https:\/\/hubertpietka.bialystok.pl\/index.php?rest_route=%2Fwp%2Fv2%2Fcomments&post=6777"}],"version-history":[{"count":1,"href":"https:\/\/hubertpietka.bialystok.pl\/index.php?rest_route=\/wp\/v2\/pages\/6777\/revisions"}],"predecessor-version":[{"id":6779,"href":"https:\/\/hubertpietka.bialystok.pl\/index.php?rest_route=\/wp\/v2\/pages\/6777\/revisions\/6779"}],"wp:attachment":[{"href":"https:\/\/hubertpietka.bialystok.pl\/index.php?rest_route=%2Fwp%2Fv2%2Fmedia&parent=6777"}],"curies":[{"name":"wp","href":"https:\/\/api.w.org\/{rel}","templated":true}]}}