{"id":6786,"date":"2023-01-22T13:51:50","date_gmt":"2023-01-22T13:51:50","guid":{"rendered":"http:\/\/hubertpietka.bialystok.pl\/?page_id=6786"},"modified":"2023-01-22T13:51:50","modified_gmt":"2023-01-22T13:51:50","slug":"szukanie-wyrazu-rzeczy-stanu","status":"publish","type":"page","link":"https:\/\/hubertpietka.bialystok.pl\/?page_id=6786","title":{"rendered":"Szukanie wyrazu \/ rzeczy stanu"},"content":{"rendered":"<p><em><strong>Szukanie wyrazu \/ rzeczy stanu\u00a0<\/strong><\/em><\/p>\n<p>Kiedy si\u0119 co\u015b wyrazi\u0107 zbytnio nie chce<br \/>\nTo czasem potrzebne jest drugie<br \/>\nI kolejne kolejne podej\u015bcie<\/p>\n<p><em>Dzi\u015b wspominana \u015bw. Laura *Vic-una*<\/em><br \/>\n<em> Dla mojej \u017cony laurka serca<\/em><br \/>\n<em> *Wie ona* \u017ce tak jest<\/em><br \/>\n<em> I je\u015bli cokolwieczunio jej gdziekolwiek<\/em><\/p>\n<p>A gdy mrok chce okry\u0107 ten \u015bwiat<br \/>\nTo trzeba modlitwy wytrwa\u0142ej<br \/>\nBy \u015bwiat\u0142o mog\u0142o si\u0119 przebi\u0107<br \/>\nJest ona jak respirator dla \u017cycia duszy<br \/>\nI \u015bwiat ten te\u017c ocali<\/p>\n<p><a href=\"http:\/\/hubertpietka.bialystok.pl\/wp-content\/uploads\/2023\/01\/IMG_20230122_144858.jpg\"><img loading=\"lazy\" decoding=\"async\" class=\"alignnone size-thumbnail wp-image-6787\" src=\"http:\/\/hubertpietka.bialystok.pl\/wp-content\/uploads\/2023\/01\/IMG_20230122_144858-150x150.jpg\" alt=\"\" width=\"150\" height=\"150\" srcset=\"https:\/\/hubertpietka.bialystok.pl\/wp-content\/uploads\/2023\/01\/IMG_20230122_144858-150x150.jpg 150w, https:\/\/hubertpietka.bialystok.pl\/wp-content\/uploads\/2023\/01\/IMG_20230122_144858-75x75.jpg 75w\" sizes=\"auto, (max-width: 150px) 100vw, 150px\" \/><\/a><\/p>\n<p><em>Na zdj. Maryja z *wot-a-mi* ku jej czci nieustannej<\/em><br \/>\n<em> W sanktuarium R\u00f3\u017canostockiej Matki<\/em><br \/>\n<em> Kiedy *woda mi* czy komu\u015b<\/em><br \/>\n<em> W spos\u00f3b jakikolwiek<\/em><br \/>\n<em> Si\u0119ga a\u017c do szyi<\/em><br \/>\n<em> Trzeba szuka\u0107 ucieczki w Bogu<\/em><br \/>\n<em> Przez Maryj\u0119 Totus Tuus zawsze<\/em><\/p>\n","protected":false},"excerpt":{"rendered":"<p>Szukanie wyrazu \/ rzeczy stanu\u00a0 Kiedy si\u0119 co\u015b wyrazi\u0107 zbytnio nie chce To czasem potrzebne jest drugie I kolejne kolejne podej\u015bcie Dzi\u015b wspominana \u015bw. Laura&hellip; <\/p>\n","protected":false},"author":1,"featured_media":0,"parent":0,"menu_order":0,"comment_status":"closed","ping_status":"closed","template":"","meta":{"footnotes":""},"class_list":["post-6786","page","type-page","status-publish","hentry"],"_links":{"self":[{"href":"https:\/\/hubertpietka.bialystok.pl\/index.php?rest_route=\/wp\/v2\/pages\/6786","targetHints":{"allow":["GET"]}}],"collection":[{"href":"https:\/\/hubertpietka.bialystok.pl\/index.php?rest_route=\/wp\/v2\/pages"}],"about":[{"href":"https:\/\/hubertpietka.bialystok.pl\/index.php?rest_route=\/wp\/v2\/types\/page"}],"author":[{"embeddable":true,"href":"https:\/\/hubertpietka.bialystok.pl\/index.php?rest_route=\/wp\/v2\/users\/1"}],"replies":[{"embeddable":true,"href":"https:\/\/hubertpietka.bialystok.pl\/index.php?rest_route=%2Fwp%2Fv2%2Fcomments&post=6786"}],"version-history":[{"count":1,"href":"https:\/\/hubertpietka.bialystok.pl\/index.php?rest_route=\/wp\/v2\/pages\/6786\/revisions"}],"predecessor-version":[{"id":6788,"href":"https:\/\/hubertpietka.bialystok.pl\/index.php?rest_route=\/wp\/v2\/pages\/6786\/revisions\/6788"}],"wp:attachment":[{"href":"https:\/\/hubertpietka.bialystok.pl\/index.php?rest_route=%2Fwp%2Fv2%2Fmedia&parent=6786"}],"curies":[{"name":"wp","href":"https:\/\/api.w.org\/{rel}","templated":true}]}}