{"id":6790,"date":"2023-01-24T23:21:02","date_gmt":"2023-01-24T23:21:02","guid":{"rendered":"http:\/\/hubertpietka.bialystok.pl\/?page_id=6790"},"modified":"2023-01-24T23:21:02","modified_gmt":"2023-01-24T23:21:02","slug":"zostawcie-mala-i-mnie","status":"publish","type":"page","link":"https:\/\/hubertpietka.bialystok.pl\/?page_id=6790","title":{"rendered":"Zostawcie \/ Ma\u0142\u0105 i mnie"},"content":{"rendered":"<p><em><strong>Zostawcie<\/strong><\/em> \/ Ma\u0142\u0105 i mnie<\/p>\n<p>Dzi\u015b wspominany pono\u0107 \u015bw. *Baby-las*<br \/>\nMy\u015bla\u0142em mo\u017ce moj\u0105 *<em>Baby\u00a0<\/em>do lasu* zabra\u0107<br \/>\n<em>Meybe baby<\/em>\u00a0a jednak co innego przyni\u00f3s\u0142 czas<br \/>\nWydawa\u0107 si\u0119 te\u017c mo\u017ce czasem<br \/>\n\u017be <em>baby<\/em>\u00a0mo\u017ce w czym\u015b <em>wywie\u015b\u0107 do lasu<\/em><br \/>\nPrzys\u0142owiowo m\u00f3wi\u0105c nie chc\u0105cy nawet<br \/>\nAle wtedy \u015bw. Feliks dzi\u015b te\u017c wspominany pono\u0107<br \/>\nNa ratunek spieszy daj\u0105c szcz\u0119\u015bcie jeszcze wi\u0119ksze<br \/>\nAnalogicznie do imienia swego<\/p>\n<p>A jutro \u015awi\u0119to Nawr\u00f3cenia \u015bw. Paw\u0142a z Tarsu<br \/>\nPrzed nawr\u00f3ceniem mia\u0142 imi\u0119 *Sa-ul*<br \/>\nNie *se ul* ten pszcz\u00f3\u0142 dzikich poszuka<br \/>\nInnych zaj\u0119\u0107 ni\u017c \u017c\u0105dlenia niewinnych<br \/>\nA uk\u0105si\u0107 mo\u017cna wsz\u0119dzie w domu nawet<br \/>\nCho\u0107by pod pozorem zatrucia lekarstwem<br \/>\nUkaza\u0142 mi to *Ana-niasz*<br \/>\n\u017be niby ma *Ana ju\u017c*<br \/>\nOpad\u0142y z moich oczu \u0142uski<\/p>\n<p>Jeszcze <em>apropo<\/em> \u015bw.*Baby-lasa*<br \/>\nNiech zostawi\u0105 w spokoju<br \/>\nMoj\u0105 *<em>baby<\/em>\u00a0lisy* r\u00f3\u017cne<br \/>\nI w *Dama-szku* i gdziekolwiek<br \/>\nI w *domu szuka\u0107* szcz\u0119\u015bcia prawo mamy i poza nim<\/p>\n<p><a href=\"http:\/\/hubertpietka.bialystok.pl\/wp-content\/uploads\/2023\/01\/IMG_20230124_235354.jpg\"><img loading=\"lazy\" decoding=\"async\" class=\"alignnone size-thumbnail wp-image-6791\" src=\"http:\/\/hubertpietka.bialystok.pl\/wp-content\/uploads\/2023\/01\/IMG_20230124_235354-150x150.jpg\" alt=\"\" width=\"150\" height=\"150\" srcset=\"https:\/\/hubertpietka.bialystok.pl\/wp-content\/uploads\/2023\/01\/IMG_20230124_235354-150x150.jpg 150w, https:\/\/hubertpietka.bialystok.pl\/wp-content\/uploads\/2023\/01\/IMG_20230124_235354-75x75.jpg 75w\" sizes=\"auto, (max-width: 150px) 100vw, 150px\" \/><\/a><\/p>\n<p>Na zdj. Las z piaszczystymi \u015bcie\u017ckami ko\u0142o Ogrodniczek<br \/>\n<em>Dla ciebie zawsze ma\u0142y ogrodnik<\/em><br \/>\nA kiedy piach b\u0119dzie chcia\u0142 wci\u0105gn\u0105\u0107<br \/>\nNiech ga\u0142\u0105\u017a \u0142aski Bo\u017cej<br \/>\nWyci\u0105gnie sw\u0105 d\u0142o\u0144 pomocn\u0105<\/p>\n<p style=\"text-align: center;\"><a href=\"https:\/\/youtu.be\/kZuYff81-Fc\"><em><strong>Perfect &#8211; Wszystko ma sw\u00f3j czas<\/strong><\/em><\/a><\/p>\n<p style=\"text-align: right;\"><em>But not yet<\/em> \ud83d\ude42<\/p>\n<p>Bo s\u0105 tacy<br \/>\nTacy s\u0105<br \/>\nKt\u00f3rzy innym<br \/>\nFundowa\u0107 chc\u0105 bagno<\/p>\n<p style=\"text-align: right;\"><a href=\"https:\/\/youtu.be\/JFHanoST-vI\"><em><strong>Lady Pank &#8211; Mniej ni\u017c zero\u00a0<\/strong><\/em><\/a>\u00a0\ud83d\ude42<\/p>\n","protected":false},"excerpt":{"rendered":"<p>Zostawcie \/ Ma\u0142\u0105 i mnie Dzi\u015b wspominany pono\u0107 \u015bw. *Baby-las* My\u015bla\u0142em mo\u017ce moj\u0105 *Baby\u00a0do lasu* zabra\u0107 Meybe baby\u00a0a jednak co innego przyni\u00f3s\u0142 czas Wydawa\u0107 si\u0119&hellip; <\/p>\n","protected":false},"author":1,"featured_media":0,"parent":0,"menu_order":0,"comment_status":"closed","ping_status":"closed","template":"","meta":{"footnotes":""},"class_list":["post-6790","page","type-page","status-publish","hentry"],"_links":{"self":[{"href":"https:\/\/hubertpietka.bialystok.pl\/index.php?rest_route=\/wp\/v2\/pages\/6790","targetHints":{"allow":["GET"]}}],"collection":[{"href":"https:\/\/hubertpietka.bialystok.pl\/index.php?rest_route=\/wp\/v2\/pages"}],"about":[{"href":"https:\/\/hubertpietka.bialystok.pl\/index.php?rest_route=\/wp\/v2\/types\/page"}],"author":[{"embeddable":true,"href":"https:\/\/hubertpietka.bialystok.pl\/index.php?rest_route=\/wp\/v2\/users\/1"}],"replies":[{"embeddable":true,"href":"https:\/\/hubertpietka.bialystok.pl\/index.php?rest_route=%2Fwp%2Fv2%2Fcomments&post=6790"}],"version-history":[{"count":1,"href":"https:\/\/hubertpietka.bialystok.pl\/index.php?rest_route=\/wp\/v2\/pages\/6790\/revisions"}],"predecessor-version":[{"id":6792,"href":"https:\/\/hubertpietka.bialystok.pl\/index.php?rest_route=\/wp\/v2\/pages\/6790\/revisions\/6792"}],"wp:attachment":[{"href":"https:\/\/hubertpietka.bialystok.pl\/index.php?rest_route=%2Fwp%2Fv2%2Fmedia&parent=6790"}],"curies":[{"name":"wp","href":"https:\/\/api.w.org\/{rel}","templated":true}]}}