{"id":6794,"date":"2023-01-26T12:40:36","date_gmt":"2023-01-26T12:40:36","guid":{"rendered":"http:\/\/hubertpietka.bialystok.pl\/?page_id=6794"},"modified":"2023-01-26T12:40:36","modified_gmt":"2023-01-26T12:40:36","slug":"duch-prawdy-kosciola-wiary","status":"publish","type":"page","link":"https:\/\/hubertpietka.bialystok.pl\/?page_id=6794","title":{"rendered":"Duch prawdy \/ Ko\u015bcio\u0142a wiary"},"content":{"rendered":"<p><em><strong>Duch prawdy \/ Ko\u015bcio\u0142a wiary<\/strong><\/em><\/p>\n<p style=\"text-align: right;\"><a href=\"https:\/\/youtu.be\/tqP_L2_2amY\"><em><strong>Mocni w Duchu &#8211; Duchu \u015awi\u0119ty Stworzycielu\u00a0<\/strong><\/em><\/a><\/p>\n<p>Pe\u0142nia Ducha \u015awi\u0119tego<br \/>\nJest tylko w Ko\u015bciele<br \/>\n<em>Maj\u0105 kap\u0142an\u00f3w<br \/>\nNiech\u017ce ich s\u0142uchaj\u0105<\/em><br \/>\nTych trwaj\u0105cych w prawdzie<\/p>\n<p>To nie znaczy<br \/>\n\u017be Duch \u015awi\u0119ty i poza Ko\u015bcio\u0142em nie dzia\u0142a<br \/>\nAle tam s\u0105 tylko ziarna<br \/>\nA owoc pe\u0142ni Jego \u0142aski<br \/>\nJest w Chlebie Eucharystycznym<\/p>\n<p><strong>Przecie\u017c Zes\u0142anie Ducha \u015awi\u0119tego<\/strong><br \/>\n<strong> Nast\u0105pi\u0142o w Ko\u015bciele<\/strong><br \/>\n<strong> W wieczerniku modlitwy a mo\u017ce i podczas Eucharystii<\/strong><br \/>\n<strong> I by\u0142a tam Maryja<\/strong><\/p>\n<p>Wsp\u00f3lnota wierz\u0105cych<br \/>\nW Ko\u015bciele trwaj\u0105cych<br \/>\nCzerpie z dziedzictwa wiary Ko\u015bcio\u0142a<br \/>\nWielkie Zes\u0142ania Ducha \u015awi\u0119tego<br \/>\nDzia\u0142aj\u0105 i potem w tych ma\u0142ych r\u00f3\u017cnych<\/p>\n<p>Czy\u017c mo\u017ce pierwszoklasista w wierze<br \/>\nPoucza\u0107 nauczyciela<br \/>\nMaj\u0105 kap\u0142an\u00f3w namaszczonych przez Boga<br \/>\nJe\u015bli w Nim trwaj\u0105<br \/>\nOn udziela im \u0142aski pouczania<\/p>\n<p>A ja jako dziecko Ko\u015bcio\u0142a wierne<br \/>\nZ tego dziedzictwa czerpi\u0119<br \/>\nI nic nie m\u00f3wi\u0119 i nie pisz\u0119<br \/>\nCo by si\u0119 k\u0142\u00f3ci\u0142o z Ko\u015bcio\u0142a dziedzictwem<br \/>\nWiary trwaj\u0105cej w Ducha prawdzie<\/p>\n<p><a href=\"http:\/\/hubertpietka.bialystok.pl\/wp-content\/uploads\/2023\/01\/IMG_20230126_132935.jpg\"><img loading=\"lazy\" decoding=\"async\" class=\"alignnone size-thumbnail wp-image-6795\" src=\"http:\/\/hubertpietka.bialystok.pl\/wp-content\/uploads\/2023\/01\/IMG_20230126_132935-150x150.jpg\" alt=\"\" width=\"150\" height=\"150\" srcset=\"https:\/\/hubertpietka.bialystok.pl\/wp-content\/uploads\/2023\/01\/IMG_20230126_132935-150x150.jpg 150w, https:\/\/hubertpietka.bialystok.pl\/wp-content\/uploads\/2023\/01\/IMG_20230126_132935-75x75.jpg 75w\" sizes=\"auto, (max-width: 150px) 100vw, 150px\" \/><\/a><\/p>\n<p><em>Na zdj. Duch \u015awi\u0119ty dzia\u0142a w Swym \u015awi\u0119tym Ko\u015bciele<\/em><br \/>\n<em> I b\u0119dzie dzia\u0142a\u0142<\/em><br \/>\n<em> Czy to si\u0119 komu\u015b podoba czy mo\u017ce nie<\/em><br \/>\n<em> Bo B\u00f3g Samego Siebie si\u0119 zaprze\u0107 nie mo\u017ce<\/em><br \/>\n<em> I b\u0119dzie dzia\u0142a\u0142 dalej wbrew wrogom Ko\u015bcio\u0142a<\/em><br \/>\n<em> Bo Ko\u015bci\u00f3\u0142 wie Komu zaufa\u0142<\/em><\/p>\n<p><em>I ja wiem Komu zaufa\u0142em<\/em><br \/>\n<em> Niech B\u00f3g jak dzia\u0142a\u0142 tak we mnie dzia\u0142a<\/em><br \/>\n<em> W ma\u0142ym \u015bwiadku wiary Ko\u015bcio\u0142a<\/em><br \/>\n<em> W Jedynego prawdziwego Boga<\/em><\/p>\n<p><em>Duch \u015awi\u0119ty jest pi\u0119kny<\/em><br \/>\n<em> Niech udziela tego wierz\u0105cym<\/em><br \/>\n<em> Z pi\u0119kna prawdy<\/em><br \/>\n<em> Bo tylko na jej bazie<\/em><br \/>\n<em> Duch \u015awi\u0119ty dzia\u0142a\u0107 mo\u017ce<\/em><\/p>\n<p style=\"text-align: center;\"><a href=\"https:\/\/youtu.be\/zFiC1vc8AOU\"><strong><em>Aron &#8211; Duchu \u015awi\u0119ty przyjd\u017a i rozpal nas<\/em><\/strong><\/a><\/p>\n","protected":false},"excerpt":{"rendered":"<p>Duch prawdy \/ Ko\u015bcio\u0142a wiary Mocni w Duchu &#8211; Duchu \u015awi\u0119ty Stworzycielu\u00a0 Pe\u0142nia Ducha \u015awi\u0119tego Jest tylko w Ko\u015bciele Maj\u0105 kap\u0142an\u00f3w Niech\u017ce ich s\u0142uchaj\u0105 Tych&hellip; <\/p>\n","protected":false},"author":1,"featured_media":0,"parent":0,"menu_order":0,"comment_status":"closed","ping_status":"closed","template":"","meta":{"footnotes":""},"class_list":["post-6794","page","type-page","status-publish","hentry"],"_links":{"self":[{"href":"https:\/\/hubertpietka.bialystok.pl\/index.php?rest_route=\/wp\/v2\/pages\/6794","targetHints":{"allow":["GET"]}}],"collection":[{"href":"https:\/\/hubertpietka.bialystok.pl\/index.php?rest_route=\/wp\/v2\/pages"}],"about":[{"href":"https:\/\/hubertpietka.bialystok.pl\/index.php?rest_route=\/wp\/v2\/types\/page"}],"author":[{"embeddable":true,"href":"https:\/\/hubertpietka.bialystok.pl\/index.php?rest_route=\/wp\/v2\/users\/1"}],"replies":[{"embeddable":true,"href":"https:\/\/hubertpietka.bialystok.pl\/index.php?rest_route=%2Fwp%2Fv2%2Fcomments&post=6794"}],"version-history":[{"count":1,"href":"https:\/\/hubertpietka.bialystok.pl\/index.php?rest_route=\/wp\/v2\/pages\/6794\/revisions"}],"predecessor-version":[{"id":6796,"href":"https:\/\/hubertpietka.bialystok.pl\/index.php?rest_route=\/wp\/v2\/pages\/6794\/revisions\/6796"}],"wp:attachment":[{"href":"https:\/\/hubertpietka.bialystok.pl\/index.php?rest_route=%2Fwp%2Fv2%2Fmedia&parent=6794"}],"curies":[{"name":"wp","href":"https:\/\/api.w.org\/{rel}","templated":true}]}}