{"id":6799,"date":"2023-01-27T23:53:02","date_gmt":"2023-01-27T23:53:02","guid":{"rendered":"http:\/\/hubertpietka.bialystok.pl\/?page_id=6799"},"modified":"2023-01-27T23:53:02","modified_gmt":"2023-01-27T23:53:02","slug":"esy-i-floresy-w-zgodnym-wspoldzialaniu-ku-wiekszej-bozej-chwale","status":"publish","type":"page","link":"https:\/\/hubertpietka.bialystok.pl\/?page_id=6799","title":{"rendered":"Esy i floresy \/ w zgodnym wsp\u00f3\u0142dzia\u0142aniu ku wi\u0119kszej Bo\u017cej chwale"},"content":{"rendered":"<p><em><strong>Esy i floresy \/ <\/strong><\/em><strong>w zgodnym wsp\u00f3\u0142dzia\u0142aniu ku wi\u0119kszej Bo\u017cej chwale\u00a0<\/strong><\/p>\n<p style=\"text-align: right;\">Ch\u00f3r chwa\u0142y Bo\u017cej podtrzymuj\u0105<br \/>\nR\u00f3\u017cne elementy i ma\u0142e i te wi\u0119ksze<\/p>\n<p>Rodzina rodzice dzieci<br \/>\nA w innym aspekcie<br \/>\nMa\u0142\u017ce\u0144stwa i nawet zwierz\u0119ta<br \/>\nPodtrzymuj\u0105 strop moralno\u015bci zdrowej<\/p>\n<p>Chierarhia ko\u015bcielna zakonna konsekracja<br \/>\nI lud wierny<br \/>\nNiebo przywo\u0142uj\u0105 nieustannie<\/p>\n<p>Wreszcie nauka kultura i sztuka<br \/>\nWiara w zgodzie z rozumem<br \/>\nDobro prawda i pi\u0119kno odwieczne<\/p>\n<p>Solidarno\u015b\u0107 demokracja i prawe prawa<br \/>\nWsp\u00f3\u0142dzia\u0142aj\u0105 w podtrzymywaniu<br \/>\nFundamentu odwiecznych uniwersalizm\u00f3w cz\u0142owiecze\u0144stwa<\/p>\n<p style=\"text-align: right;\">Trzy elementy<br \/>\nMa\u0142e i wi\u0119ksze<br \/>\nWsp\u00f3\u0142dzia\u0142aj\u0105ce w trosce<br \/>\nO \u017cycie wiar\u0119 rozum etyk\u0119<\/p>\n<p>I jeszcze rodziny rodzinne<br \/>\nW r\u00f3\u017cne strony pokoleniowe<br \/>\nR\u00f3wnolegle i zst\u0119puj\u0105co<br \/>\nZasadzie tej wierne zgodnie<\/p>\n<p>Wreszcie przyjaciele znajomi<br \/>\nI spotykani nawet tylko na bazie<br \/>\nWsp\u00f3lnych ludzkich do\u015bwiadcze\u0144<\/p>\n<p style=\"text-align: right;\">Struktury potr\u00f3jne z grubsza<br \/>\nRozszerzaj\u0105ce si\u0119 i przenikaj\u0105ce<br \/>\nW wielu kierunkach<\/p>\n<p style=\"text-align: left;\">Buduj\u0105 chwa\u0142\u0119 Bo\u017c\u0105<br \/>\nElementy tych struktur niesko\u0144czone<br \/>\nBuduj\u0105 serca ludzkie<\/p>\n<p style=\"text-align: left;\"><a href=\"http:\/\/hubertpietka.bialystok.pl\/wp-content\/uploads\/2023\/01\/IMG_20230128_005011.jpg\"><img loading=\"lazy\" decoding=\"async\" class=\"alignnone size-thumbnail wp-image-6800\" src=\"http:\/\/hubertpietka.bialystok.pl\/wp-content\/uploads\/2023\/01\/IMG_20230128_005011-150x150.jpg\" alt=\"\" width=\"150\" height=\"150\" srcset=\"https:\/\/hubertpietka.bialystok.pl\/wp-content\/uploads\/2023\/01\/IMG_20230128_005011-150x150.jpg 150w, https:\/\/hubertpietka.bialystok.pl\/wp-content\/uploads\/2023\/01\/IMG_20230128_005011-75x75.jpg 75w\" sizes=\"auto, (max-width: 150px) 100vw, 150px\" \/><\/a><\/p>\n<p><strong>Na zdj. Strop ch\u00f3ru ko\u015bcielnego<\/strong><br \/>\n<strong> Z kt\u00f3rego muzyka<\/strong><br \/>\n<strong> Oddaj\u0105ca chwa\u0142\u0119 Bogu dobiega\u0107 mo\u017ce<\/strong><br \/>\n<strong> Nie o artyzm tylko chodzi<\/strong><br \/>\n<strong> Lecz by by\u0142a w tym jasna dusza<\/strong><\/p>\n<p><strong>Podtrzymuj\u0105 go <em>esy<\/em><\/strong><br \/>\n<strong> Ma\u0142y du\u017cy i wi\u0119kszy<\/strong><br \/>\n<strong> Ka\u017cdy jest wa\u017cny z tych tu element\u00f3w<\/strong><br \/>\n<strong> Bez siebie wzajemnie by tego stropu nie utrzyma\u0142y<\/strong><br \/>\n<strong> Wzajemnie si\u0119 te\u017c w tym tu wspieraj\u0105<\/strong><br \/>\n<strong> I nawet je\u015bli faktycznie jest to tylko przeno\u015bnia<\/strong><br \/>\n<strong> W tym przypadku konkretnym<\/strong><\/p>\n<p><strong>Razem si\u0119 wspieraj\u0105c<\/strong><br \/>\n<strong> Bogu chwa\u0142\u0119 oddaj\u0105<\/strong><br \/>\n<strong> Podtrzymuj\u0105c nieba firmament i sponad<\/strong><br \/>\n<strong> Rozlegaj\u0105c\u0105 si\u0119 chwa\u0142\u0119 Bo\u017c\u0105<\/strong><\/p>\n<p><strong>Trwanie w konstrukcji \u015bwiata<\/strong><br \/>\n<strong> Wed\u0142ug odwiecznego porz\u0105dku<\/strong><br \/>\n<strong> Jedno\u015bci zasad i warto\u015bci<\/strong><br \/>\n<strong> Oddaje chwa\u0142\u0119 Bogu<\/strong><\/p>\n<p><strong>Pewnie mo\u017cna by wymieni\u0107 wi\u0119cej tych element\u00f3w<\/strong><br \/>\n<strong> Z grubsza tr\u00f3jkowej konstrukcji<\/strong><br \/>\n<strong> Ale niestety zdarzaj\u0105 si\u0119 te\u017c w tym<\/strong><br \/>\n<strong> Zak\u0142\u00f3cenia a nawet odst\u0119pstwa ra\u017c\u0105ce<\/strong><\/p>\n<p><strong>Pozdrawiam jednak tych wszystkich<\/strong><br \/>\n<strong> Z tych struktur<\/strong><br \/>\n<strong> Kt\u00f3rzy wpisuj\u0105c si\u0119 w nasze \u017cycie<\/strong><br \/>\n<strong> Bezpo\u015brednio i potencjalnie tylko<\/strong><br \/>\n<strong> Podtrzymuj\u0105 istot\u0119 Bo\u017cych dzia\u0142a\u0144<\/strong><\/p>\n<p><strong>Trwajmy w Panu<\/strong><br \/>\n<strong> Czyni\u0105c w swych strukturach<\/strong><br \/>\n<strong> Dobro prawd\u0119 pi\u0119kno<\/strong><br \/>\n<strong> Serce i razem rozum<\/strong><\/p>\n<p><em>Dzi\u015b podobno zapad\u0142a decyzja<\/em><br \/>\n<em> \u017be na olimpiadzie ma by\u0107 Rosja i Bia\u0142oru\u015b<\/em><br \/>\n<em> Jak to si\u0119 ma do zasady istotowej fair play sportu<\/em><br \/>\n<em> Wobec agresji na Ukrain\u0119 pa\u0144stw tych z gruntu niesprawiedliwej<\/em><br \/>\n<em> Dzi\u015b wspominana ma by\u0107 pono\u0107 Olimpia Bida<\/em><br \/>\n<em> M\u0119czennica ukrai\u0144ska z poprzedniego systemu<\/em><br \/>\n<em> Z r\u0105k sowieckich<\/em><br \/>\n<em> *Olimpia Bida* *biedna olimpiada*<\/em><br \/>\n<em> Taka b\u0119dzie kt\u00f3ra nie stosuje si\u0119 do zasad<\/em><br \/>\n<em> Fair play sprawiedliwo\u015bci te\u017c narodowej<\/em><\/p>\n","protected":false},"excerpt":{"rendered":"<p>Esy i floresy \/ w zgodnym wsp\u00f3\u0142dzia\u0142aniu ku wi\u0119kszej Bo\u017cej chwale\u00a0 Ch\u00f3r chwa\u0142y Bo\u017cej podtrzymuj\u0105 R\u00f3\u017cne elementy i ma\u0142e i te wi\u0119ksze Rodzina rodzice dzieci&hellip; <\/p>\n","protected":false},"author":1,"featured_media":0,"parent":0,"menu_order":0,"comment_status":"closed","ping_status":"closed","template":"","meta":{"footnotes":""},"class_list":["post-6799","page","type-page","status-publish","hentry"],"_links":{"self":[{"href":"https:\/\/hubertpietka.bialystok.pl\/index.php?rest_route=\/wp\/v2\/pages\/6799","targetHints":{"allow":["GET"]}}],"collection":[{"href":"https:\/\/hubertpietka.bialystok.pl\/index.php?rest_route=\/wp\/v2\/pages"}],"about":[{"href":"https:\/\/hubertpietka.bialystok.pl\/index.php?rest_route=\/wp\/v2\/types\/page"}],"author":[{"embeddable":true,"href":"https:\/\/hubertpietka.bialystok.pl\/index.php?rest_route=\/wp\/v2\/users\/1"}],"replies":[{"embeddable":true,"href":"https:\/\/hubertpietka.bialystok.pl\/index.php?rest_route=%2Fwp%2Fv2%2Fcomments&post=6799"}],"version-history":[{"count":1,"href":"https:\/\/hubertpietka.bialystok.pl\/index.php?rest_route=\/wp\/v2\/pages\/6799\/revisions"}],"predecessor-version":[{"id":6801,"href":"https:\/\/hubertpietka.bialystok.pl\/index.php?rest_route=\/wp\/v2\/pages\/6799\/revisions\/6801"}],"wp:attachment":[{"href":"https:\/\/hubertpietka.bialystok.pl\/index.php?rest_route=%2Fwp%2Fv2%2Fmedia&parent=6799"}],"curies":[{"name":"wp","href":"https:\/\/api.w.org\/{rel}","templated":true}]}}