{"id":6809,"date":"2023-01-30T04:40:56","date_gmt":"2023-01-30T04:40:56","guid":{"rendered":"http:\/\/hubertpietka.bialystok.pl\/?page_id=6809"},"modified":"2023-01-30T04:40:56","modified_gmt":"2023-01-30T04:40:56","slug":"faryzeusze-a-wspolczesne-panstwo-policyjne","status":"publish","type":"page","link":"https:\/\/hubertpietka.bialystok.pl\/?page_id=6809","title":{"rendered":"Faryzeusze \/ a wsp\u00f3\u0142czesne pa\u0144stwo policyjne"},"content":{"rendered":"<p><em><strong>Faryzeusze \/ a wsp\u00f3\u0142czesne pa\u0144stwo policyjne<\/strong><\/em><\/p>\n<p>Miniona pandemia<br \/>\nPokaza\u0142a \u017ce cz\u0142owiek<br \/>\nW imi\u0119 instynktowego l\u0119ku<br \/>\nO samego siebie<br \/>\nJest w stanie zrobi\u0107 wszystko<\/p>\n<p>Faryzeusze podburzyli lud<br \/>\nPrzeciwko Jezusowi<br \/>\n\u017be zgin\u0105 wszyscy przez Niego<br \/>\nWi\u0119c trzeba zabi\u0107 Jezusa<br \/>\nA im chodzi\u0142o o w\u0142adz\u0119<br \/>\nTylko w tym przypadku<br \/>\nNad ca\u0142ym narodem<\/p>\n<p>Czy\u017c mo\u017cna si\u0119 przeciwstawia\u0107<br \/>\nPa\u0144stwu w\u0142adzy bez osobistego ryzyka<br \/>\nAle tamci faryzeusze<br \/>\nNie uderzali w bliskich Jezusa<br \/>\nPrzynajmniej za Jego \u017cycia<br \/>\nNajbli\u017csz\u0105 Jezusowi Matk\u0119 cho\u0107by<br \/>\nZostawili w spokoju<br \/>\nA co ta w\u0142adza misiowa<br \/>\nChce na przyk\u0142ad zrobi\u0107<br \/>\nZ moj\u0105 \u017con\u0105 rodzin\u0105 bliskimi<br \/>\nA co si\u0119 sta\u0142o z uczniami samego Jezusa<br \/>\nPo Jego \u015bmierci i zmartwychwstaniu<br \/>\nCzy\u017c zostawili ich w spokoju<br \/>\nA je\u015bli B\u00f3g rzeczywi\u015bcie si\u0119 za mn\u0105 wstawi<br \/>\nBo drugi raz ur\u0105ga\u0107 sobie nie pozwoli<br \/>\nTo co wtedy b\u0119dzie z tym \u015bwiatem<\/p>\n<p><a href=\"http:\/\/hubertpietka.bialystok.pl\/wp-content\/uploads\/2023\/01\/IMG_20230130_052113.jpg\"><img loading=\"lazy\" decoding=\"async\" class=\"alignnone size-thumbnail wp-image-6810\" src=\"http:\/\/hubertpietka.bialystok.pl\/wp-content\/uploads\/2023\/01\/IMG_20230130_052113-150x150.jpg\" alt=\"\" width=\"150\" height=\"150\" srcset=\"https:\/\/hubertpietka.bialystok.pl\/wp-content\/uploads\/2023\/01\/IMG_20230130_052113-150x150.jpg 150w, https:\/\/hubertpietka.bialystok.pl\/wp-content\/uploads\/2023\/01\/IMG_20230130_052113-75x75.jpg 75w\" sizes=\"auto, (max-width: 150px) 100vw, 150px\" \/><\/a><\/p>\n<p><em>Na zdj. Koliberek lec\u0105cy do kwiatka<\/em><br \/>\n<em> Mo\u017ce *h-ia-cynta*<\/em><br \/>\n<em> Jak chyba wspominana dzi\u015b \u015bwi\u0119ta<\/em><br \/>\n<em> *H ja za centa* sprzedany zosta\u0142em<\/em><br \/>\n<em> Czy mo\u017ce za co lub w imi\u0119 czego<\/em><br \/>\n<em> Ja i bliscy nasi nasze<\/em><br \/>\n<em> *Koli-berek* najmniejszy na \u015bwiecie ptaszek<\/em><br \/>\n<em> Mniejszy od owada<\/em><br \/>\n<em> Kt\u00f3rego przecie\u017c rozdepta\u0107 mo\u017cna \u0142atwo<\/em><br \/>\n<em> Jak nie *u-koli\u0107* nas naszego i naszych<\/em><br \/>\n<em> To za mn\u0105 w *berka* lubi\u0105 si\u0119<\/em><br \/>\n<em> Tak bawi\u0107 misiaczki<\/em><br \/>\n<em> Przecie\u017c oni nie mog\u0105 spokojnie<\/em><br \/>\n<em> Po tej ziemi misiaczk\u00f3w chodzi\u0107<\/em><\/p>\n<p><em>Dzi\u015b te\u017c wspominany podobno jest<\/em><br \/>\n<em> B\u0142. *Pisarski* Zygmunt<\/em><br \/>\n<em> Jak tu nie pisa\u0107 dzisiaj<\/em><br \/>\n<em> Dzi\u0119kuj\u0119 misiaczkom<\/em><br \/>\n<em> Bo przecie\u017c trzeba zawsze<\/em><br \/>\n<em> Dzi\u0119kowa\u0107 za ka\u017cd\u0105 ich \u0142ask\u0119<\/em><br \/>\n<em> \u017be mog\u0119 to dzi\u015b napisa\u0107<\/em><br \/>\n<em> Obudzony przedwcze\u015bnie ale to dobrze<\/em><br \/>\n<em> P\u00f3\u017aniej bym m\u00f3g\u0142 nie mie\u0107 czasu na to<\/em><br \/>\n<em> A przecie\u017c wszystko mo\u017cna zrobi\u0107<\/em><br \/>\n<em> Kiedy ma si\u0119 ku temu odpowiednie \u015brodki<\/em><br \/>\n<em> Jak ju\u017c napisa\u0142em kiedy\u015b<\/em><br \/>\n<em> A kt\u00f3\u017c ma pe\u0142ne spektrum<\/em><br \/>\n<em> Takich czy innych mo\u017cliwo\u015bci<\/em><br \/>\n<em> Tylko misiaczki czy\u017c nie tak<\/em><br \/>\n<em> To urag\u0105\u0142oby ich wszechmocno\u015bci przecie\u017c<\/em><br \/>\n<em> A jednak Zygmunt znaczy<\/em><br \/>\n<em> B\u00f3g zapewnia opiek\u0119<\/em><br \/>\n<em> Wspom\u00f3\u017c nas Panie przed nimi<\/em><br \/>\n<em> Bo Oni raczej<\/em><br \/>\n<em> Nie w s\u0142owie a czynie<\/em><br \/>\n<em> S\u0105 dalecy od Ciebie<\/em><br \/>\n<em> Jak w stosunku do Jezusa<\/em><br \/>\n<em> Przys\u0142owiowi ju\u017c chyba faryzeusze<\/em><br \/>\n<em> Jezus nikogo nie zabi\u0142<\/em><\/p>\n<p style=\"text-align: center;\"><a href=\"https:\/\/youtu.be\/-91CRPzbn7s\"><strong><em>Kazik na \u017bywo &#8211; Nie zrobimy wam nic z\u0142ego, tylko dajcie nam jego<\/em><\/strong><\/a><\/p>\n<p style=\"text-align: right;\"><em>&#8211; Czy\u017cby? A co Pan B\u00f3g na to wszystko?<\/em><\/p>\n<p>\/<\/p>\n<p><a href=\"https:\/\/youtu.be\/sKr18aPxldQ\"><em><strong>Cleo &#8211; Dom<\/strong><\/em><\/a><\/p>\n<p><em>(Wszystko co w sercu mam)<\/em><\/p>\n","protected":false},"excerpt":{"rendered":"<p>Faryzeusze \/ a wsp\u00f3\u0142czesne pa\u0144stwo policyjne Miniona pandemia Pokaza\u0142a \u017ce cz\u0142owiek W imi\u0119 instynktowego l\u0119ku O samego siebie Jest w stanie zrobi\u0107 wszystko Faryzeusze podburzyli&hellip; <\/p>\n","protected":false},"author":1,"featured_media":0,"parent":0,"menu_order":0,"comment_status":"closed","ping_status":"closed","template":"","meta":{"footnotes":""},"class_list":["post-6809","page","type-page","status-publish","hentry"],"_links":{"self":[{"href":"https:\/\/hubertpietka.bialystok.pl\/index.php?rest_route=\/wp\/v2\/pages\/6809","targetHints":{"allow":["GET"]}}],"collection":[{"href":"https:\/\/hubertpietka.bialystok.pl\/index.php?rest_route=\/wp\/v2\/pages"}],"about":[{"href":"https:\/\/hubertpietka.bialystok.pl\/index.php?rest_route=\/wp\/v2\/types\/page"}],"author":[{"embeddable":true,"href":"https:\/\/hubertpietka.bialystok.pl\/index.php?rest_route=\/wp\/v2\/users\/1"}],"replies":[{"embeddable":true,"href":"https:\/\/hubertpietka.bialystok.pl\/index.php?rest_route=%2Fwp%2Fv2%2Fcomments&post=6809"}],"version-history":[{"count":1,"href":"https:\/\/hubertpietka.bialystok.pl\/index.php?rest_route=\/wp\/v2\/pages\/6809\/revisions"}],"predecessor-version":[{"id":6811,"href":"https:\/\/hubertpietka.bialystok.pl\/index.php?rest_route=\/wp\/v2\/pages\/6809\/revisions\/6811"}],"wp:attachment":[{"href":"https:\/\/hubertpietka.bialystok.pl\/index.php?rest_route=%2Fwp%2Fv2%2Fmedia&parent=6809"}],"curies":[{"name":"wp","href":"https:\/\/api.w.org\/{rel}","templated":true}]}}