{"id":6817,"date":"2023-02-01T09:20:15","date_gmt":"2023-02-01T09:20:15","guid":{"rendered":"http:\/\/hubertpietka.bialystok.pl\/?page_id=6817"},"modified":"2023-02-01T09:20:15","modified_gmt":"2023-02-01T09:20:15","slug":"gamma-dla-pana","status":"publish","type":"page","link":"https:\/\/hubertpietka.bialystok.pl\/?page_id=6817","title":{"rendered":"Gamma \/ dla Pana"},"content":{"rendered":"<p><em><strong>Gamma<\/strong><\/em> \/ dla Pana<\/p>\n<p>Skoro <em>kur zapia\u0107<\/em> nie mo\u017ce<br \/>\nPies zaszczeka\u0107<br \/>\nTo mo\u017ce muzykologia troch\u0119 pomo\u017ce<\/p>\n<p><em>C-Dur<\/em> przecie<br \/>\nZnajd\u0105 si\u0119 zapewne jacy\u015b esteci<br \/>\nNa nas naszych nasze<br \/>\nTak zwani znawcy dobrego smaku<br \/>\nKt\u00f3rzy co trzeba wiedz\u0105 zawsze<br \/>\nA co do nas<br \/>\nTo zapewne w ka\u017cdym przypadku<\/p>\n<p><em>a-moll<\/em> ja pitol\u0119<br \/>\nNa gitarze czasem<br \/>\nA mo\u017ce pitoli\u0107 te\u017c nie<br \/>\nDla mnie<\/p>\n<p><em>h-moll<\/em> ju\u017c pisa\u0142em<br \/>\nWszystko mo\u017cna zrobi\u0107<br \/>\nZ nami naszymi i naszym<br \/>\nI przyj\u015b\u0107 te\u017c tu gdzie\u015b<br \/>\nPod byle pretekstem<br \/>\nA preteksty misiak\u00f3w to rzecz<br \/>\nBynajmniej nie byle jaka<br \/>\nJedynie s\u0142uszna wyk\u0142adnia<br \/>\nSpraw ludzi i wok\u00f3\u0142 nich<br \/>\nNajwa\u017cniejsze co chc\u0105 misiaki<br \/>\nWszystko inne si\u0119 nie liczy<\/p>\n<p><a href=\"http:\/\/hubertpietka.bialystok.pl\/wp-content\/uploads\/2023\/02\/IMG_20230201_101832.jpg\"><img loading=\"lazy\" decoding=\"async\" class=\"alignnone size-thumbnail wp-image-6818\" src=\"http:\/\/hubertpietka.bialystok.pl\/wp-content\/uploads\/2023\/02\/IMG_20230201_101832-150x150.jpg\" alt=\"\" width=\"150\" height=\"150\" srcset=\"https:\/\/hubertpietka.bialystok.pl\/wp-content\/uploads\/2023\/02\/IMG_20230201_101832-150x150.jpg 150w, https:\/\/hubertpietka.bialystok.pl\/wp-content\/uploads\/2023\/02\/IMG_20230201_101832-75x75.jpg 75w\" sizes=\"auto, (max-width: 150px) 100vw, 150px\" \/><\/a><\/p>\n<p><strong>Na zdj. Maryji figurka w ge\u015bcie<\/strong><br \/>\n<strong> Rzek\u0142 bym tanecznym<\/strong><br \/>\n<strong> Ko\u0142o ko\u015bcio\u0142a w Kozi\u0144cach<\/strong><br \/>\n<strong> Do\u015b\u0107 znacz\u0105ca nazwa dzi\u015b chyba<\/strong><br \/>\n<strong> Gram a nie ta\u0144cz\u0105<\/strong><br \/>\n<strong> A ta\u0144czy\u0107 te\u017c mo\u017cna zakaza\u0107<\/strong><br \/>\n<strong> Mimo wszystko ave Maria<\/strong><br \/>\n<strong> Mimo tego co oni ci\u0105gle<\/strong><br \/>\n<strong> Robi\u0105 czy zrobi\u0107 chc\u0105<\/strong><br \/>\n<strong> Nam naszemu naszym gdzie\u015b<\/strong><\/p>\n","protected":false},"excerpt":{"rendered":"<p>Gamma \/ dla Pana Skoro kur zapia\u0107 nie mo\u017ce Pies zaszczeka\u0107 To mo\u017ce muzykologia troch\u0119 pomo\u017ce C-Dur przecie Znajd\u0105 si\u0119 zapewne jacy\u015b esteci Na nas&hellip; <\/p>\n","protected":false},"author":1,"featured_media":0,"parent":0,"menu_order":0,"comment_status":"closed","ping_status":"closed","template":"","meta":{"footnotes":""},"class_list":["post-6817","page","type-page","status-publish","hentry"],"_links":{"self":[{"href":"https:\/\/hubertpietka.bialystok.pl\/index.php?rest_route=\/wp\/v2\/pages\/6817","targetHints":{"allow":["GET"]}}],"collection":[{"href":"https:\/\/hubertpietka.bialystok.pl\/index.php?rest_route=\/wp\/v2\/pages"}],"about":[{"href":"https:\/\/hubertpietka.bialystok.pl\/index.php?rest_route=\/wp\/v2\/types\/page"}],"author":[{"embeddable":true,"href":"https:\/\/hubertpietka.bialystok.pl\/index.php?rest_route=\/wp\/v2\/users\/1"}],"replies":[{"embeddable":true,"href":"https:\/\/hubertpietka.bialystok.pl\/index.php?rest_route=%2Fwp%2Fv2%2Fcomments&post=6817"}],"version-history":[{"count":1,"href":"https:\/\/hubertpietka.bialystok.pl\/index.php?rest_route=\/wp\/v2\/pages\/6817\/revisions"}],"predecessor-version":[{"id":6819,"href":"https:\/\/hubertpietka.bialystok.pl\/index.php?rest_route=\/wp\/v2\/pages\/6817\/revisions\/6819"}],"wp:attachment":[{"href":"https:\/\/hubertpietka.bialystok.pl\/index.php?rest_route=%2Fwp%2Fv2%2Fmedia&parent=6817"}],"curies":[{"name":"wp","href":"https:\/\/api.w.org\/{rel}","templated":true}]}}