{"id":6823,"date":"2023-02-04T10:29:16","date_gmt":"2023-02-04T10:29:16","guid":{"rendered":"http:\/\/hubertpietka.bialystok.pl\/?page_id=6823"},"modified":"2023-02-04T10:29:16","modified_gmt":"2023-02-04T10:29:16","slug":"vera-eikon-odnalezc-prawdziwe-oblicze","status":"publish","type":"page","link":"https:\/\/hubertpietka.bialystok.pl\/?page_id=6823","title":{"rendered":"*Vera eikon* \/ odnale\u017a\u0107 prawdziwe oblicze"},"content":{"rendered":"<p><strong><i>*Vera eikon* \/ odnale\u017a\u0107 prawdziwe oblicze<\/i><\/strong><\/p>\n<p><a href=\"https:\/\/youtu.be\/UM7wjd-d2lU\"><em><strong>Imperium &#8211; Zakochany klown<\/strong><\/em><\/a><\/p>\n<p><strong>Dzisiaj \u015bw. *Weroniki* podobno<\/strong><br \/>\n<strong> Kt\u00f3ra otar\u0142a um\u0119czone oblicze Jezusa<\/strong><br \/>\n<strong> <em>To ona znalaz\u0142a mnie rannego<br \/>\nKiedy mnie wszyscy opuscili<\/em><\/strong><br \/>\n<strong> Najpierw jednak odnalazl mnie Jezus<\/strong><\/p>\n<p>I teraz za to<br \/>\nChc\u0105 j\u0105 zabi\u0107<br \/>\nW taki czy inny spos\u00f3b<br \/>\nTak oni dzi\u0119kuj\u0105 za dobro<br \/>\nNam mi wyrz\u0105dzane<\/p>\n<p>A pomi\u0119dzy uderzeniami<br \/>\nW nas naszych i nasze<br \/>\nTo trzeba mnie dopa\u015b\u0107<br \/>\nI tak w k\u00f3\u0142ko<br \/>\nTakie atrakcje nam serwuj\u0105<\/p>\n<p><a href=\"http:\/\/hubertpietka.bialystok.pl\/wp-content\/uploads\/2023\/02\/IMG_20230204_102722746.jpg\"><img loading=\"lazy\" decoding=\"async\" class=\"alignnone size-thumbnail wp-image-6824\" src=\"http:\/\/hubertpietka.bialystok.pl\/wp-content\/uploads\/2023\/02\/IMG_20230204_102722746-150x150.jpg\" alt=\"\" width=\"150\" height=\"150\" srcset=\"https:\/\/hubertpietka.bialystok.pl\/wp-content\/uploads\/2023\/02\/IMG_20230204_102722746-150x150.jpg 150w, https:\/\/hubertpietka.bialystok.pl\/wp-content\/uploads\/2023\/02\/IMG_20230204_102722746-75x75.jpg 75w\" sizes=\"auto, (max-width: 150px) 100vw, 150px\" \/><\/a><\/p>\n<p><em>Na zdj. \u017bycie jest obowi\u0105zkiem<\/em><br \/>\n<em> Ku dobru<\/em><br \/>\n<em> Sta\u0142e trzeba uk\u0142ada\u0107 klocki<\/em><br \/>\n<em> Na nowo i te kt\u00f3re<\/em><br \/>\n<em> Wypadn\u0105 z konstrukcji<\/em><br \/>\n<em> Ku \u017cyciu i prawdziwemu dobru<\/em><\/p>\n<p><strong>Dzi\u015b pierwsza sobota miesi\u0105ca<\/strong><br \/>\n<strong> Maryja jest c\u00f3rk\u0105 Boga<\/strong><br \/>\n<strong> Z prawdziwie kr\u00f3lewskiego rodu<\/strong><br \/>\n<strong> Chro\u0144 nas nasze i naszych<\/strong><br \/>\n<strong> Wed\u0142ug proweniencji przynale\u017cnej dzieciom Bo\u017cym<\/strong><\/p>\n<p style=\"text-align: right;\"><a href=\"https:\/\/youtu.be\/c_C0-nZt4hY\"><em><strong>Houk &#8211; Wsta\u0144<\/strong><\/em><\/a><\/p>\n","protected":false},"excerpt":{"rendered":"<p>*Vera eikon* \/ odnale\u017a\u0107 prawdziwe oblicze Imperium &#8211; Zakochany klown Dzisiaj \u015bw. *Weroniki* podobno Kt\u00f3ra otar\u0142a um\u0119czone oblicze Jezusa To ona znalaz\u0142a mnie rannego Kiedy&hellip; <\/p>\n","protected":false},"author":1,"featured_media":0,"parent":0,"menu_order":0,"comment_status":"closed","ping_status":"closed","template":"","meta":{"footnotes":""},"class_list":["post-6823","page","type-page","status-publish","hentry"],"_links":{"self":[{"href":"https:\/\/hubertpietka.bialystok.pl\/index.php?rest_route=\/wp\/v2\/pages\/6823","targetHints":{"allow":["GET"]}}],"collection":[{"href":"https:\/\/hubertpietka.bialystok.pl\/index.php?rest_route=\/wp\/v2\/pages"}],"about":[{"href":"https:\/\/hubertpietka.bialystok.pl\/index.php?rest_route=\/wp\/v2\/types\/page"}],"author":[{"embeddable":true,"href":"https:\/\/hubertpietka.bialystok.pl\/index.php?rest_route=\/wp\/v2\/users\/1"}],"replies":[{"embeddable":true,"href":"https:\/\/hubertpietka.bialystok.pl\/index.php?rest_route=%2Fwp%2Fv2%2Fcomments&post=6823"}],"version-history":[{"count":1,"href":"https:\/\/hubertpietka.bialystok.pl\/index.php?rest_route=\/wp\/v2\/pages\/6823\/revisions"}],"predecessor-version":[{"id":6825,"href":"https:\/\/hubertpietka.bialystok.pl\/index.php?rest_route=\/wp\/v2\/pages\/6823\/revisions\/6825"}],"wp:attachment":[{"href":"https:\/\/hubertpietka.bialystok.pl\/index.php?rest_route=%2Fwp%2Fv2%2Fmedia&parent=6823"}],"curies":[{"name":"wp","href":"https:\/\/api.w.org\/{rel}","templated":true}]}}