{"id":6828,"date":"2023-02-05T07:37:27","date_gmt":"2023-02-05T07:37:27","guid":{"rendered":"http:\/\/hubertpietka.bialystok.pl\/?page_id=6828"},"modified":"2023-02-05T07:37:27","modified_gmt":"2023-02-05T07:37:27","slug":"wdziecznosc-misiakom-za-wszystkie-laski","status":"publish","type":"page","link":"https:\/\/hubertpietka.bialystok.pl\/?page_id=6828","title":{"rendered":"Wdzi\u0119czno\u015b\u0107 misiakom \/ za wszystkie \u0142aski"},"content":{"rendered":"<p><em><strong>Wdzi\u0119czno\u015b\u0107 misiakom \/ za wszystkie \u0142aski<\/strong><\/em><\/p>\n<p>To \u017ce ja jestem<br \/>\nInny czy taki<br \/>\nTo jest tylko pretekst<br \/>\nDla kochanych misiak\u00f3w<br \/>\n\u017beby zrobi\u0107 ze mna<br \/>\nPorz\u0105dek najs\u0142uszniej odpowiedni<br \/>\nNajpierw mnie zgarniaj\u0105c<br \/>\nAle co ja te\u017c opowiadam<br \/>\nTo s\u0105 wyzwoliciele przecie\u017c<br \/>\nMoi nasi naszego<br \/>\nChc\u0105 mnie wyzwolic przecie\u017c<br \/>\nOd samego siebie<br \/>\nNiebo mi nam przychyli\u0107<br \/>\nI to nawet dos\u0142ownie<br \/>\nWsp\u00f3\u0142dzia\u0142aj\u0105 ze mna z nami we wszystkim<br \/>\nPomagaj\u0105 pi\u0119knie ale tylko w tym co trzeba<br \/>\nTak\u017ce bardzo niewdzi\u0119czny jestem<br \/>\nMy\u015bl\u0119 \u017ce mo\u017cna powiedzie\u0107 nawet<br \/>\n\u017be wszystko jest \u0142ask\u0105 misiak\u00f3w<br \/>\nZ ich punktu widzenia tak\u017ce<br \/>\nTo \u017ce jeszcze \u017cyj\u0119 \u017cyjemy<\/p>\n<p><em>Sorry<\/em> ale to jest raczej nie ich zas\u0142uga<br \/>\nWedlug ich d\u0105\u017ce\u0144 wspania\u0142ych zawsze<br \/>\nJu\u017c dawno odwrotnie by by\u0142o<br \/>\nDzi\u015b wspominana \u015bw. *Agata*<br \/>\nTaki ju\u017c ze mnie *G-agate-k*<br \/>\nA przecie\u017c powinienem by\u0107 zapewne<br \/>\nZa wszystko misiakom wdzi\u0119czny<br \/>\nNawet zdecydowanie<br \/>\nPrzecie\u017c nad nami si\u0119 rozpo\u015bciera<br \/>\nIch wspania\u0142omy\u015blna \u0142aska zbawcza<\/p>\n<p>Dzi\u015b te\u017c wspominana jest podobno<br \/>\n\u015aw. *A-wita* zdecydowanie powinno byc<br \/>\nDo nich skierowane *a-witam*<br \/>\nPrzecie\u017c wyzwoliciele moi chc\u0105 mnie wyzwoli\u0107<br \/>\nNawiasem m\u00f3wi\u0105c z tego<br \/>\nCo nieustannie nam naszemu naszym<br \/>\nW taki czy inny spos\u00f3b<br \/>\nSerwuj\u0105 wed\u0142ug swych zwyczaj\u00f3w<\/p>\n<p>Dzi\u015b te\u017c wspominana \u015bw. *A-da*<br \/>\n*A da-j\u0105* daj\u0105 nieustannie<br \/>\nTo co pi\u0119knego maj\u0105<br \/>\nA mo\u017ce *a daj j\u0105*<br \/>\nPrzecie\u017c oni najlepiej wiedz\u0105<br \/>\nKto zy\u0107 i jak powinien<br \/>\nA jak nie dasz<br \/>\nTo we\u017amiemy sami<br \/>\nPrzecie\u017c do tego zmierzaj\u0105 od do\u015b\u0107 dawna<br \/>\nTo dotyczy zreszt\u0105 nas naszego i naszych<br \/>\nWybaczcie stwierdzenie przys\u0142owiowe<br \/>\n<em>Jak nie dasz<\/em><br \/>\n<em> To diab\u0142y wezm\u0105 same<\/em><br \/>\nOd dawna d\u0105\u017c\u0105 do tego<\/p>\n<p>Takie refleksje moje<br \/>\nPrzy niedzieli po obudzeniu przedwczesnym<br \/>\nZa wszystko trzeba by\u0107 przecie\u017c<br \/>\nMisiakom wdzi\u0119cznym<br \/>\nWi\u0119c jestem i za to<\/p>\n<p><a href=\"http:\/\/hubertpietka.bialystok.pl\/wp-content\/uploads\/2023\/02\/IMG_20230204_185528725.jpg\"><img loading=\"lazy\" decoding=\"async\" class=\"alignnone size-thumbnail wp-image-6829\" src=\"http:\/\/hubertpietka.bialystok.pl\/wp-content\/uploads\/2023\/02\/IMG_20230204_185528725-150x150.jpg\" alt=\"\" width=\"150\" height=\"150\" srcset=\"https:\/\/hubertpietka.bialystok.pl\/wp-content\/uploads\/2023\/02\/IMG_20230204_185528725-150x150.jpg 150w, https:\/\/hubertpietka.bialystok.pl\/wp-content\/uploads\/2023\/02\/IMG_20230204_185528725-75x75.jpg 75w\" sizes=\"auto, (max-width: 150px) 100vw, 150px\" \/><\/a><\/p>\n<p><strong>Na zdj. P\u0142ug w ko\u015bciele Ducha \u015awi\u0119tego<\/strong><br \/>\n<strong> Tak mam by\u0107 misiakom wdzi\u0119czny<\/strong><br \/>\n<strong> A jednak \u017cycie moje nasze<\/strong><br \/>\n<strong> Prosz\u0119 mi wybaczy\u0107<\/strong><br \/>\n<strong> Przypomina ork\u0119 takim p\u0142ugiem<\/strong><br \/>\n<strong> Na plecach w\u0142asnych<\/strong><br \/>\n<strong> A tu ci\u0105gle i dalej ug\u00f3r wspania\u0142y<\/strong><br \/>\n<strong> I za te\u017c mam by\u0107 zapewne misiakom wdzi\u0119czny<\/strong><br \/>\n<strong> A jednak <em>Przyjd\u017a Duchu \u015awi\u0119ty<\/em><\/strong><br \/>\n<strong> Mimo wszystko przychod\u017a<\/strong><br \/>\n<strong> A oni <em>niech si\u0119 zajm\u0105 swoim ogr\u00f3dkiem<\/em><\/strong><br \/>\n<strong> Nie wchodz\u0105c z butami w \u017cycie nasze<\/strong><br \/>\n<strong> I je\u015bli cokolwieczunio nawet<\/strong><br \/>\n<strong> Z \u017con\u0105 ze mn\u0105 naszymi i naszym<\/strong><br \/>\n<strong> To ja na pewno tego tak nie zostawi\u0119<\/strong><br \/>\n<strong> I B\u00f3g nie zostawi<\/strong><\/p>\n<p style=\"text-align: center;\"><a href=\"https:\/\/youtu.be\/auCs2r052ds\"><em><strong>Romantycy Lekkich Obyczaj\u00f3w &#8211; Z g\u0142\u0119boko\u015bci barw przed snem<\/strong><\/em><\/a><\/p>\n","protected":false},"excerpt":{"rendered":"<p>Wdzi\u0119czno\u015b\u0107 misiakom \/ za wszystkie \u0142aski To \u017ce ja jestem Inny czy taki To jest tylko pretekst Dla kochanych misiak\u00f3w \u017beby zrobi\u0107 ze mna Porz\u0105dek&hellip; <\/p>\n","protected":false},"author":1,"featured_media":0,"parent":0,"menu_order":0,"comment_status":"closed","ping_status":"closed","template":"","meta":{"footnotes":""},"class_list":["post-6828","page","type-page","status-publish","hentry"],"_links":{"self":[{"href":"https:\/\/hubertpietka.bialystok.pl\/index.php?rest_route=\/wp\/v2\/pages\/6828","targetHints":{"allow":["GET"]}}],"collection":[{"href":"https:\/\/hubertpietka.bialystok.pl\/index.php?rest_route=\/wp\/v2\/pages"}],"about":[{"href":"https:\/\/hubertpietka.bialystok.pl\/index.php?rest_route=\/wp\/v2\/types\/page"}],"author":[{"embeddable":true,"href":"https:\/\/hubertpietka.bialystok.pl\/index.php?rest_route=\/wp\/v2\/users\/1"}],"replies":[{"embeddable":true,"href":"https:\/\/hubertpietka.bialystok.pl\/index.php?rest_route=%2Fwp%2Fv2%2Fcomments&post=6828"}],"version-history":[{"count":1,"href":"https:\/\/hubertpietka.bialystok.pl\/index.php?rest_route=\/wp\/v2\/pages\/6828\/revisions"}],"predecessor-version":[{"id":6830,"href":"https:\/\/hubertpietka.bialystok.pl\/index.php?rest_route=\/wp\/v2\/pages\/6828\/revisions\/6830"}],"wp:attachment":[{"href":"https:\/\/hubertpietka.bialystok.pl\/index.php?rest_route=%2Fwp%2Fv2%2Fmedia&parent=6828"}],"curies":[{"name":"wp","href":"https:\/\/api.w.org\/{rel}","templated":true}]}}