{"id":6832,"date":"2023-02-07T01:07:58","date_gmt":"2023-02-07T01:07:58","guid":{"rendered":"http:\/\/hubertpietka.bialystok.pl\/?page_id=6832"},"modified":"2023-02-07T01:07:58","modified_gmt":"2023-02-07T01:07:58","slug":"jasne-slonce-zony-mojej","status":"publish","type":"page","link":"https:\/\/hubertpietka.bialystok.pl\/?page_id=6832","title":{"rendered":"Jasne s\u0142o\u0144ce \/ \u017cony mojej"},"content":{"rendered":"<p><em><strong>Jasne s\u0142o\u0144ce \/ \u017cony mojej<\/strong><\/em><\/p>\n<p>Kiedy syn czlowieczy<br \/>\nOsi\u0105ga takie czy inne sukcesy<br \/>\nWtedy oni <em>\u0142ubu-dubu<\/em><br \/>\nJak oni to lubi\u0105<\/p>\n<p>Jak w niedziel\u0119 chocia\u017cby<br \/>\nW \u015bwietle zachodz\u0105cego s\u0142o\u0144ca<br \/>\nPapie\u017c by\u0142 w *Bah-r(aj-nie)*<br \/>\nW minionym roku tak oni<br \/>\nChcieli znowu *<em>bach<\/em> raj Annie*<br \/>\nAle nie uda\u0142o sie im to Bogu dzi\u0119ki<br \/>\nCo nie znaczy \u017ce nie b\u0119d\u0105 pr\u00f3bowali znowu<\/p>\n<p>Oni przecie\u017c lubi\u0105 wykorzysta\u0107<br \/>\nKa\u017cdy poz\u00f3r taki czy inny<br \/>\nMniejszy czy wi\u0119kszy by uderzy\u0107<br \/>\nMo\u017ce nieprzypadkowo s\u0142owo <em>pozor<\/em><br \/>\nW j\u0119zyku czeskim znaczy <em>uwaga<\/em><\/p>\n<p>W niedziel\u0119 wspominana by\u0142a te\u017c \u015bw. Agata<br \/>\nImi\u0119 jej dobro znaczy<br \/>\nPochodzi\u0142a z *Kat-ani*<br \/>\n*Kaci Ani* nie znosz\u0105 dobra<br \/>\nKt\u00f3re mnie nas dotyczy<\/p>\n<p>A dzisiaj \u015bw. Paw\u0142a Mitki i towarzyszy<br \/>\nPochodzili z *Ja-po-nii*<br \/>\nJe\u015bli by jej co\u015b to *ja po niej*<br \/>\nNie zale\u017cy mi a\u017c tak bardzo na \u017cyciu<br \/>\nAle wam chyba zale\u017ce\u0107 powinno<br \/>\nZreszt\u0105 <em>cokolwieczek<\/em><br \/>\nZ nami naszymi naszym<br \/>\nA i maj\u0105 przyj\u015b\u0107 przecie\u017c<br \/>\nMi nie kazano si\u0119 broni\u0107<br \/>\nAni prawdy m\u00f3wi\u0107<br \/>\nKt\u00f3ra im nie le\u017cy<\/p>\n<p><a href=\"http:\/\/hubertpietka.bialystok.pl\/wp-content\/uploads\/2023\/02\/IMG_20230206_115307743.jpg\"><img loading=\"lazy\" decoding=\"async\" class=\"alignnone size-thumbnail wp-image-6833\" src=\"http:\/\/hubertpietka.bialystok.pl\/wp-content\/uploads\/2023\/02\/IMG_20230206_115307743-150x150.jpg\" alt=\"\" width=\"150\" height=\"150\" srcset=\"https:\/\/hubertpietka.bialystok.pl\/wp-content\/uploads\/2023\/02\/IMG_20230206_115307743-150x150.jpg 150w, https:\/\/hubertpietka.bialystok.pl\/wp-content\/uploads\/2023\/02\/IMG_20230206_115307743-75x75.jpg 75w\" sizes=\"auto, (max-width: 150px) 100vw, 150px\" \/><\/a><\/p>\n<p><strong>Na zdj. S\u0142oneczko u\u015bmiechni\u0119te pi\u0119kne<\/strong><br \/>\n<strong>Namalowane na budynku edukacyjnym<\/strong><br \/>\n<strong> Zrzekam si\u0119 roli s\u0142oneczka<\/strong><br \/>\n<strong> Na rzecz mojej \u017cony<\/strong><br \/>\n<strong> Blask ksi\u0119\u017cyca jest dla mnie zdecydowanie wystarczaj\u0105cy<\/strong><br \/>\n<strong> Tak si\u0119 tu wyra\u017c\u0119<\/strong><br \/>\n<strong> Troch\u0119 humorystycznym przekazem<\/strong><br \/>\n<strong> Wystarczy mi odbija\u0107 blask jej<\/strong><br \/>\n<strong> Fundamentalny dla ma\u0142\u017ce\u0144stwa<\/strong><br \/>\n<strong> A przy okazji blask<\/strong><br \/>\n<strong> Naj\u015bwi\u0119tszej Maryi Panny<\/strong><br \/>\n<strong> To mi wystarczy<\/strong><\/p>\n<p><a href=\"https:\/\/youtu.be\/AaOrah5E8uw\"><em><strong>Ponad Chmurami &#8211; Wszystko<\/strong><\/em><\/a><\/p>\n<p style=\"text-align: center;\">\/<\/p>\n<p style=\"text-align: right;\"><em><strong><a href=\"https:\/\/youtu.be\/phDQXfKvZbc\">Cztery Pory Mi\u0142owania &#8211; Sny<\/a><\/strong><\/em><\/p>\n","protected":false},"excerpt":{"rendered":"<p>Jasne s\u0142o\u0144ce \/ \u017cony mojej Kiedy syn czlowieczy Osi\u0105ga takie czy inne sukcesy Wtedy oni \u0142ubu-dubu Jak oni to lubi\u0105 Jak w niedziel\u0119 chocia\u017cby W&hellip; <\/p>\n","protected":false},"author":1,"featured_media":0,"parent":0,"menu_order":0,"comment_status":"closed","ping_status":"closed","template":"","meta":{"footnotes":""},"class_list":["post-6832","page","type-page","status-publish","hentry"],"_links":{"self":[{"href":"https:\/\/hubertpietka.bialystok.pl\/index.php?rest_route=\/wp\/v2\/pages\/6832","targetHints":{"allow":["GET"]}}],"collection":[{"href":"https:\/\/hubertpietka.bialystok.pl\/index.php?rest_route=\/wp\/v2\/pages"}],"about":[{"href":"https:\/\/hubertpietka.bialystok.pl\/index.php?rest_route=\/wp\/v2\/types\/page"}],"author":[{"embeddable":true,"href":"https:\/\/hubertpietka.bialystok.pl\/index.php?rest_route=\/wp\/v2\/users\/1"}],"replies":[{"embeddable":true,"href":"https:\/\/hubertpietka.bialystok.pl\/index.php?rest_route=%2Fwp%2Fv2%2Fcomments&post=6832"}],"version-history":[{"count":1,"href":"https:\/\/hubertpietka.bialystok.pl\/index.php?rest_route=\/wp\/v2\/pages\/6832\/revisions"}],"predecessor-version":[{"id":6834,"href":"https:\/\/hubertpietka.bialystok.pl\/index.php?rest_route=\/wp\/v2\/pages\/6832\/revisions\/6834"}],"wp:attachment":[{"href":"https:\/\/hubertpietka.bialystok.pl\/index.php?rest_route=%2Fwp%2Fv2%2Fmedia&parent=6832"}],"curies":[{"name":"wp","href":"https:\/\/api.w.org\/{rel}","templated":true}]}}