{"id":6848,"date":"2023-02-14T19:48:49","date_gmt":"2023-02-14T19:48:49","guid":{"rendered":"http:\/\/hubertpietka.bialystok.pl\/?page_id=6848"},"modified":"2023-02-14T19:48:49","modified_gmt":"2023-02-14T19:48:49","slug":"oskarzony-za-innych-zbrodnie","status":"publish","type":"page","link":"https:\/\/hubertpietka.bialystok.pl\/?page_id=6848","title":{"rendered":"Oskar\u017cony za \/ innych zbrodnie"},"content":{"rendered":"<p><em><strong>Oskar\u017cony za \/ innych zbrodnie<\/strong><\/em><\/p>\n<p>Wed\u0142ug misiaczk\u00f3w zapewne<br \/>\nPoniewa\u017c nie chc\u0119 by\u0107 jako\u015b<br \/>\nPotuln\u0105 ofiar\u0105<br \/>\nTo jestem katem<\/p>\n<p>Mimo \u017ce nikomu nie czyni\u0119 nic z\u0142ego<br \/>\nTak naprawd\u0119 po\u015brednio i bezpo\u015brednio<\/p>\n<p>I pewnie misiaczki s\u0105 moimi a tak ofiarami<br \/>\nBo musz\u0105 by\u0107 katami<\/p>\n<p>To tak jakby oskar\u017ca\u0107 szaraczka<br \/>\n\u017be ucieka przed wilkiem<br \/>\nI nie da mu si\u0119 po\u017cre\u0107<br \/>\nI \u017ce wilk dlatego<br \/>\nMo\u017ce inne szaraczki dorwa\u0107<br \/>\nTo te\u017c podstawa oskar\u017cenia<\/p>\n<p><em>Dzi\u015b \u015bw. *Cyryla i Metodego*<\/em><br \/>\n<em> Tak to prawda *cyrklem i metod\u0105*<\/em><br \/>\n<em> Ale cyrklem kt\u00f3ry zatacza prawd\u0119<\/em><br \/>\n<em> I metod\u0105 opart\u0105 na mi\u0142o\u015bci<\/em><br \/>\n<em> A nie k\u0142amstwa na fa\u0142szu<\/em><\/p>\n<p>Poza tym w r\u0119ce misiaczk\u00f3w<br \/>\nMo\u017ce bym si\u0119 odda\u0142<br \/>\nAle jest jeden <em>feler<\/em><br \/>\nBo oni raczej nie b\u0119d\u0105<br \/>\nMnie po g\u0142\u00f3wce g\u0142aska\u0107<br \/>\nA je\u015bli ju\u017c to zapewne<br \/>\nZag\u0142aszcz\u0105 na \u015bmier\u0107<br \/>\nJeden tylko <em>feler<\/em><br \/>\nCo b\u0119dzie z tym \u015bwiatem w\u0142a\u015bnie wtedy<br \/>\nNaprawd\u0119 jeste\u015bcie na to gotowi<\/p>\n<p><a href=\"http:\/\/hubertpietka.bialystok.pl\/wp-content\/uploads\/2023\/02\/IMG_20230212_153146619.jpg\"><img loading=\"lazy\" decoding=\"async\" class=\"alignnone size-thumbnail wp-image-6849\" src=\"http:\/\/hubertpietka.bialystok.pl\/wp-content\/uploads\/2023\/02\/IMG_20230212_153146619-150x150.jpg\" alt=\"\" width=\"150\" height=\"150\" srcset=\"https:\/\/hubertpietka.bialystok.pl\/wp-content\/uploads\/2023\/02\/IMG_20230212_153146619-150x150.jpg 150w, https:\/\/hubertpietka.bialystok.pl\/wp-content\/uploads\/2023\/02\/IMG_20230212_153146619-75x75.jpg 75w\" sizes=\"auto, (max-width: 150px) 100vw, 150px\" \/><\/a><\/p>\n<p><strong>Na zdj. Mrowisko a mr\u00f3wki \u015bpi\u0105 jeszcze<\/strong><br \/>\n<strong> A te mr\u00f3wkojady jak nie mog\u0105 dosta\u0107<\/strong><br \/>\n<strong> Mr\u00f3wek kr\u00f3lowej<\/strong><br \/>\n<strong> To mrowisko rozkopi\u0105<\/strong><br \/>\n<strong> Pr\u00f3buj\u0105c te ma\u0142e po\u017cre\u0107<\/strong><\/p>\n<p><strong>Czy\u017c nie tak<\/strong><br \/>\n<strong> I je\u015bli cokolwieczuniek<\/strong><br \/>\n<strong> I ani mi ani<\/strong><br \/>\n<strong> Panie Bo\u017ce kochany<\/strong><\/p>\n<p><em><strong><a href=\"https:\/\/youtu.be\/2pdqLJj0FCo\">Edyta Geppert &#8211; Nie \u017ca\u0142uj\u0119<\/a><\/strong><\/em><\/p>\n<p style=\"text-align: center;\">\/<\/p>\n<p style=\"text-align: right;\"><a href=\"https:\/\/youtu.be\/-6iD9FmL6hc\"><em><strong>Edyta Geppert &#8211; Zamiast<\/strong><\/em><\/a><\/p>\n","protected":false},"excerpt":{"rendered":"<p>Oskar\u017cony za \/ innych zbrodnie Wed\u0142ug misiaczk\u00f3w zapewne Poniewa\u017c nie chc\u0119 by\u0107 jako\u015b Potuln\u0105 ofiar\u0105 To jestem katem Mimo \u017ce nikomu nie czyni\u0119 nic z\u0142ego&hellip; <\/p>\n","protected":false},"author":1,"featured_media":0,"parent":0,"menu_order":0,"comment_status":"closed","ping_status":"closed","template":"","meta":{"footnotes":""},"class_list":["post-6848","page","type-page","status-publish","hentry"],"_links":{"self":[{"href":"https:\/\/hubertpietka.bialystok.pl\/index.php?rest_route=\/wp\/v2\/pages\/6848","targetHints":{"allow":["GET"]}}],"collection":[{"href":"https:\/\/hubertpietka.bialystok.pl\/index.php?rest_route=\/wp\/v2\/pages"}],"about":[{"href":"https:\/\/hubertpietka.bialystok.pl\/index.php?rest_route=\/wp\/v2\/types\/page"}],"author":[{"embeddable":true,"href":"https:\/\/hubertpietka.bialystok.pl\/index.php?rest_route=\/wp\/v2\/users\/1"}],"replies":[{"embeddable":true,"href":"https:\/\/hubertpietka.bialystok.pl\/index.php?rest_route=%2Fwp%2Fv2%2Fcomments&post=6848"}],"version-history":[{"count":1,"href":"https:\/\/hubertpietka.bialystok.pl\/index.php?rest_route=\/wp\/v2\/pages\/6848\/revisions"}],"predecessor-version":[{"id":6850,"href":"https:\/\/hubertpietka.bialystok.pl\/index.php?rest_route=\/wp\/v2\/pages\/6848\/revisions\/6850"}],"wp:attachment":[{"href":"https:\/\/hubertpietka.bialystok.pl\/index.php?rest_route=%2Fwp%2Fv2%2Fmedia&parent=6848"}],"curies":[{"name":"wp","href":"https:\/\/api.w.org\/{rel}","templated":true}]}}