{"id":6861,"date":"2023-02-21T10:34:58","date_gmt":"2023-02-21T10:34:58","guid":{"rendered":"http:\/\/hubertpietka.bialystok.pl\/?page_id=6861"},"modified":"2023-02-21T10:34:58","modified_gmt":"2023-02-21T10:34:58","slug":"koherentne-istotowo-wspoldzialanie-z-szatanem","status":"publish","type":"page","link":"https:\/\/hubertpietka.bialystok.pl\/?page_id=6861","title":{"rendered":"Koherentne istotowo \/ wsp\u00f3\u0142dzia\u0142anie z szatanem"},"content":{"rendered":"<p><em><strong>Koherentne istotowo \/ wsp\u00f3\u0142dzia\u0142anie z szatanem<\/strong><\/em><\/p>\n<p>Chro\u0144 nas i naszyc i nasze Panie<br \/>\nPrzed podst\u0119pami i nienawi\u015bci\u0105 szatana<\/p>\n<p>A czym\u017ce szata\u0144stwo jest<br \/>\nCzyli wsp\u00f3\u0142praca z duchem zlym<br \/>\nNiewa\u017cne \u015bwiadomie czy nie\u015bwiadomie<br \/>\nCzy\u017c nie jest to<br \/>\nUderzanie w Bogu ducha winnych<br \/>\nCzy\u017c nie jest to<br \/>\nCzychanie na bezbronnych<br \/>\nCzy\u017c nie jest to<br \/>\nUderzanie w r\u00f3\u017cne dobra<br \/>\nPod pozorem jakim b\u0105d\u017a<br \/>\nCzy\u017c nie jest tym<br \/>\nOb\u0142uda \u017ce tak niby<br \/>\nKu jakiemu\u015b dobru wi\u0119kszemu<\/p>\n<p>A tak na marginesie<br \/>\nZdarza si\u0119 czasem tak zwana<br \/>\n<em>Pogoda pod psem<\/em><br \/>\nA czemu nie pod biesem<br \/>\nNa zasadzie przys\u0142owiowej te\u017c<br \/>\n<em>Pies to czy bies<\/em><br \/>\nI nie chodzi tu o te zwierz\u0105tka dobrze prowadzone<\/p>\n<p><a href=\"http:\/\/hubertpietka.bialystok.pl\/wp-content\/uploads\/2023\/02\/IMG_20230220_103801546_HDR.jpg\"><img loading=\"lazy\" decoding=\"async\" class=\"alignnone size-thumbnail wp-image-6862\" src=\"http:\/\/hubertpietka.bialystok.pl\/wp-content\/uploads\/2023\/02\/IMG_20230220_103801546_HDR-150x150.jpg\" alt=\"\" width=\"150\" height=\"150\" srcset=\"https:\/\/hubertpietka.bialystok.pl\/wp-content\/uploads\/2023\/02\/IMG_20230220_103801546_HDR-150x150.jpg 150w, https:\/\/hubertpietka.bialystok.pl\/wp-content\/uploads\/2023\/02\/IMG_20230220_103801546_HDR-75x75.jpg 75w\" sizes=\"auto, (max-width: 150px) 100vw, 150px\" \/><\/a><\/p>\n<p><strong>Na zdj. Napis na samochodzie<\/strong><br \/>\n<strong> <em>Family<\/em> czyli rodzina<\/strong><br \/>\n<strong> I ta najbli\u017csza i dalsza<\/strong><br \/>\n<strong> Wed\u0142ug serca krwi pokrewie\u0144stwa<\/strong><br \/>\n<strong> I wreszcie wed\u0142ug wiary ducha<\/strong><br \/>\n<strong> Wreszcie wed\u0142ug kontakt\u00f3w braterskich<\/strong><br \/>\n<strong> Ach czemu\u017c ona nara\u017cona<\/strong><br \/>\n<strong> Jak my i nasze<\/strong><br \/>\n<strong> Na napa\u015bci diabelskie<\/strong><br \/>\n<strong> Bo jak inaczej nazwa\u0107<\/strong><br \/>\n<strong> Uderzanie w dobro przysposobione \u017cyciu<\/strong><br \/>\n<strong> Kt\u00f3re nie czyni z\u0142a nikomu<\/strong><\/p>\n<p>Dzi\u015b podobno \u015bw. Piotra *Dam-i-ani*<br \/>\nR\u00f3\u017cne *damy a Ania*<br \/>\n\u017be s\u0105 lepsze im si\u0119 tak chyba wydaje<br \/>\nA jednak dzi\u0119kuj\u0119 Bogu<br \/>\n\u017be Maryja *dama i Ania* zawsze razem<br \/>\nI \u017ce ona w ni\u0105 wpatrzona w prawdzie<br \/>\nNie b\u0119dzie innej \u017cadnej<br \/>\nZreszt\u0105 nic nie b\u0119dzie<\/p>\n<p><a href=\"https:\/\/youtu.be\/w5a1BwH5iZk\"><em><strong>Krzysztof Krawczyk &#8211; Za tob\u0105 p\u00f3jd\u0119 jak na bal<\/strong><\/em><\/a><\/p>\n<p><em>Tak to w\u0142a\u015bnie Ty \ud83d\ude42<\/em><\/p>\n<p style=\"text-align: center;\">\/<\/p>\n<p style=\"text-align: right;\"><a href=\"https:\/\/youtu.be\/_pZ9xrYKt58\"><em><strong>Ryszard Rynkowski &#8211; Szcz\u0119\u015bliwej drogi ju\u017c czas<\/strong><\/em><\/a><\/p>\n<p style=\"text-align: right;\"><em>Przyjdzie czas&#8230;<\/em><\/p>\n","protected":false},"excerpt":{"rendered":"<p>Koherentne istotowo \/ wsp\u00f3\u0142dzia\u0142anie z szatanem Chro\u0144 nas i naszyc i nasze Panie Przed podst\u0119pami i nienawi\u015bci\u0105 szatana A czym\u017ce szata\u0144stwo jest Czyli wsp\u00f3\u0142praca z&hellip; <\/p>\n","protected":false},"author":1,"featured_media":0,"parent":0,"menu_order":0,"comment_status":"closed","ping_status":"closed","template":"","meta":{"footnotes":""},"class_list":["post-6861","page","type-page","status-publish","hentry"],"_links":{"self":[{"href":"https:\/\/hubertpietka.bialystok.pl\/index.php?rest_route=\/wp\/v2\/pages\/6861","targetHints":{"allow":["GET"]}}],"collection":[{"href":"https:\/\/hubertpietka.bialystok.pl\/index.php?rest_route=\/wp\/v2\/pages"}],"about":[{"href":"https:\/\/hubertpietka.bialystok.pl\/index.php?rest_route=\/wp\/v2\/types\/page"}],"author":[{"embeddable":true,"href":"https:\/\/hubertpietka.bialystok.pl\/index.php?rest_route=\/wp\/v2\/users\/1"}],"replies":[{"embeddable":true,"href":"https:\/\/hubertpietka.bialystok.pl\/index.php?rest_route=%2Fwp%2Fv2%2Fcomments&post=6861"}],"version-history":[{"count":1,"href":"https:\/\/hubertpietka.bialystok.pl\/index.php?rest_route=\/wp\/v2\/pages\/6861\/revisions"}],"predecessor-version":[{"id":6863,"href":"https:\/\/hubertpietka.bialystok.pl\/index.php?rest_route=\/wp\/v2\/pages\/6861\/revisions\/6863"}],"wp:attachment":[{"href":"https:\/\/hubertpietka.bialystok.pl\/index.php?rest_route=%2Fwp%2Fv2%2Fmedia&parent=6861"}],"curies":[{"name":"wp","href":"https:\/\/api.w.org\/{rel}","templated":true}]}}