{"id":6870,"date":"2023-02-27T10:39:35","date_gmt":"2023-02-27T10:39:35","guid":{"rendered":"http:\/\/hubertpietka.bialystok.pl\/?page_id=6870"},"modified":"2023-02-27T10:39:35","modified_gmt":"2023-02-27T10:39:35","slug":"mi-sio-a-mi-sio","status":"publish","type":"page","link":"https:\/\/hubertpietka.bialystok.pl\/?page_id=6870","title":{"rendered":"*Mi-sio* \/ a *mi sio*"},"content":{"rendered":"<p><em><strong>*Mi-sio* \/ a *mi sio*<\/strong><\/em><\/p>\n<p>Sytuacja z nimi przypomina troch\u0119<br \/>\nZ jednej strony sekwencj\u0119 internetow\u0105<br \/>\n<em>Udowodnij \u017ce nie jeste\u015b robotem<\/em><br \/>\nA z drugiej te\u017c przecie\u017c<br \/>\nNim by\u0107 powiniene\u015b<br \/>\nAle tylko wed\u0142ug norm<br \/>\nWyznaczonych przez nich<br \/>\nKt\u00f3re dla normalnego cz\u0142owieka<br \/>\nS\u0105 nie do uniesienia<br \/>\nTak\u017ce wed\u0142ug s\u0142\u00f3w Jezusowych<br \/>\n\u017be <em>sami nawet palcem ich nie chc\u0105 ruszy\u0107<\/em><\/p>\n<p>Tak\u017ce niech udowodni \u017caba<br \/>\n\u017be nie jest ryba<br \/>\nPrzecie\u017c tak samo p\u0142ywa<br \/>\nAlbo udowodnij katoliku<br \/>\n\u017be nie jeste\u015b kosmit\u0105<br \/>\nPrzecie\u017c \u017cy\u0107 chcesz<br \/>\nWed\u0142ug innych norm troch\u0119<br \/>\nNi\u017c ten \u015bwiat wyznacza<br \/>\nCzytaj chce ci narzuci\u0107<br \/>\nUdowodnij a jak nie<br \/>\nTo zrobimy z tob\u0105<br \/>\nTo co chcemy<br \/>\nWed\u0142ug norm naszych jedynie s\u0142usznych<br \/>\nCzy\u017c nie znamy tego<br \/>\nCho\u0107by z komuny<\/p>\n<p>Ach przepraszam robotem nie jestem<br \/>\n(A by\u0107 powinienem tak czy tam owak)<br \/>\nPrzepraszam ale \u017con\u0119<br \/>\nBo to si\u0119 odbija najpierw na niej<br \/>\nBo gdzie ma niby si\u0119 to indziej odbija\u0107<br \/>\nKiedy esencj\u0105 cz\u0142owiecze\u0144stwa jest by\u0107<br \/>\n<em>Z krwi i ko\u015bci<\/em><br \/>\nA to zawsze niestety niesie z sob\u0105 s\u0142abo\u015bci<\/p>\n<p>Za to misie o Panie<br \/>\n<em>S\u0105 doskonali w ka\u017cdym calu<\/em><br \/>\nOczywi\u015bcie wed\u0142ug tego<br \/>\nJak chc\u0105 si\u0119 przedstawia\u0107<br \/>\nA w kazdym razie<br \/>\nNa pewno wiedz\u0105<br \/>\n\u017be my doskonali nie jeste\u015bmy<br \/>\nI trzeba z nami zrobi\u0107 porz\u0105dek<br \/>\nJedynie odpowiedni<br \/>\nZ nami naszymi i naszym<br \/>\nA jak\u017ce<\/p>\n<p><a href=\"http:\/\/hubertpietka.bialystok.pl\/wp-content\/uploads\/2023\/02\/IMG_20230226_222907381.jpg\"><img loading=\"lazy\" decoding=\"async\" class=\"alignnone size-thumbnail wp-image-6871\" src=\"http:\/\/hubertpietka.bialystok.pl\/wp-content\/uploads\/2023\/02\/IMG_20230226_222907381-150x150.jpg\" alt=\"\" width=\"150\" height=\"150\" srcset=\"https:\/\/hubertpietka.bialystok.pl\/wp-content\/uploads\/2023\/02\/IMG_20230226_222907381-150x150.jpg 150w, https:\/\/hubertpietka.bialystok.pl\/wp-content\/uploads\/2023\/02\/IMG_20230226_222907381-75x75.jpg 75w\" sizes=\"auto, (max-width: 150px) 100vw, 150px\" \/><\/a><\/p>\n<p><strong>Na zdj. Dwa misiaczki na *Ma-lmeda*<\/strong><br \/>\n<strong> Misie to przecie\u017c zdecydowanie zawsze<\/strong><br \/>\n<strong> <em>Ch\u0142opcy *na medal*<\/em><\/strong><br \/>\n<strong> Zawsze co i jak wiedz\u0105<\/strong><br \/>\n<strong> A ty jak si\u0119 w to nie wpiszesz<\/strong><br \/>\n<strong> To nic \u017ce to niemo\u017cliwe<\/strong><br \/>\n<strong> To zrobi\u0105 z tob\u0105 porz\u0105dek<\/strong><br \/>\n<strong> Jedynie s\u0142uszny zapewne<\/strong><br \/>\n<strong> Z wami waszymi i waszym<\/strong><br \/>\n<strong> A jak\u017ce\u017c by inaczej<\/strong><\/p>\n<p><strong>Udowodnij ch\u0142opcze mi\u0142y<\/strong><br \/>\n<strong> \u017be nie jeste\u015b marsjaninem<\/strong><\/p>\n<p><strong>A tymczasem jak jedno troch\u0119 nie domaga<\/strong><br \/>\n<strong> A drugie mo\u017ce ma troch\u0119 wi\u0119cej si\u0142y<\/strong><br \/>\n<strong> Czy\u017c nie powinno si\u0119 wspiera\u0107<\/strong><br \/>\n<strong> Z innej strony jak i te misie na Malmeda<\/strong><br \/>\n<strong> Tak\u017ce w uniwersalnym aspekcie<\/strong><\/p>\n<p><strong>Przyjd\u017a nie oni nie<\/strong><br \/>\n<strong> I jesli cokolwieczuniek<\/strong><\/p>\n","protected":false},"excerpt":{"rendered":"<p>*Mi-sio* \/ a *mi sio* Sytuacja z nimi przypomina troch\u0119 Z jednej strony sekwencj\u0119 internetow\u0105 Udowodnij \u017ce nie jeste\u015b robotem A z drugiej te\u017c przecie\u017c&hellip; <\/p>\n","protected":false},"author":1,"featured_media":0,"parent":0,"menu_order":0,"comment_status":"closed","ping_status":"closed","template":"","meta":{"footnotes":""},"class_list":["post-6870","page","type-page","status-publish","hentry"],"_links":{"self":[{"href":"https:\/\/hubertpietka.bialystok.pl\/index.php?rest_route=\/wp\/v2\/pages\/6870","targetHints":{"allow":["GET"]}}],"collection":[{"href":"https:\/\/hubertpietka.bialystok.pl\/index.php?rest_route=\/wp\/v2\/pages"}],"about":[{"href":"https:\/\/hubertpietka.bialystok.pl\/index.php?rest_route=\/wp\/v2\/types\/page"}],"author":[{"embeddable":true,"href":"https:\/\/hubertpietka.bialystok.pl\/index.php?rest_route=\/wp\/v2\/users\/1"}],"replies":[{"embeddable":true,"href":"https:\/\/hubertpietka.bialystok.pl\/index.php?rest_route=%2Fwp%2Fv2%2Fcomments&post=6870"}],"version-history":[{"count":1,"href":"https:\/\/hubertpietka.bialystok.pl\/index.php?rest_route=\/wp\/v2\/pages\/6870\/revisions"}],"predecessor-version":[{"id":6872,"href":"https:\/\/hubertpietka.bialystok.pl\/index.php?rest_route=\/wp\/v2\/pages\/6870\/revisions\/6872"}],"wp:attachment":[{"href":"https:\/\/hubertpietka.bialystok.pl\/index.php?rest_route=%2Fwp%2Fv2%2Fmedia&parent=6870"}],"curies":[{"name":"wp","href":"https:\/\/api.w.org\/{rel}","templated":true}]}}