{"id":6874,"date":"2023-03-01T10:11:30","date_gmt":"2023-03-01T10:11:30","guid":{"rendered":"http:\/\/hubertpietka.bialystok.pl\/?page_id=6874"},"modified":"2023-03-01T10:24:33","modified_gmt":"2023-03-01T10:24:33","slug":"tropienie-duchowych-tropow","status":"publish","type":"page","link":"https:\/\/hubertpietka.bialystok.pl\/?page_id=6874","title":{"rendered":"Tropienie \/ duchowych trop\u00f3w"},"content":{"rendered":"<p><em><strong>Tropienie \/ duchowych trop\u00f3w<\/strong><\/em><\/p>\n<p>B\u0142ogos\u0142aw Panie nas naszych nasze<br \/>\nI je\u015bli cokolwieczuniek nawet<br \/>\nMojej \u017conie w pracy ko\u015bciele czy gdziekolwiek<br \/>\nOna jest i z kimkolwiek<br \/>\n(A raczej w czyim zasi\u0119gu)<br \/>\nI w domu i z tym psem i kotem tu podobnie<br \/>\n(Czy ja dla przyjemno\u015bci pisz\u0119 marzn\u0105c na balkonie)<br \/>\nWszystko mo\u017cna zrobi\u0107<br \/>\nJak ma si\u0119 i ku temu odpowiednie \u015brodki<br \/>\nPod takim czy innym pozorem<\/p>\n<p>\u017be o sobie i ju\u017c gdziekolwiek nie wspomn\u0119<br \/>\nPodobnie z tymi naszymi samochodami<br \/>\nBo jak nie esteci to parking p\u0142atny mo\u017ce<br \/>\nA i estetyzm ma pewnie adresatyzm r\u00f3\u017cny<br \/>\nI z naszym mieszkaniem<br \/>\nBo pewnie chc\u0105 nas zamkn\u0105\u0107 tu dalej<br \/>\nW r\u00f3\u017cnych ZaMKowych sprawach i takich tam<\/p>\n<p>I z naszymi na co wp\u0142ywu nie mam<br \/>\nAle zawsze mo\u017cna mnie oskar\u017cy\u0107 za to czy tamto<br \/>\nZa to co wiem i nie wiem zapewne<br \/>\nI za to \u017ce akurat to a nie inne<br \/>\nInni czyni\u0105 a ty\u015b winien<br \/>\nNo bo przecie\u017c r\u00f3\u017cnorakiej ma\u015bci<br \/>\nStr\u00f3\u017ce prawa i moralno\u015bci<br \/>\nJak \u0142za krystalicznie czy\u015bci<br \/>\nWiedz\u0105 zawsze najlepiej co i jak z tob\u0105<br \/>\nI na pewno te\u017c zrobi\u0105 porz\u0105dek jedynie s\u0142uszny z tym<\/p>\n<p style=\"text-align: center;\"><a href=\"https:\/\/youtu.be\/j8F1ar8KY5I\"><em><strong>Jamal (feat. Jambojet, USPM) &#8211; Policeman<\/strong><\/em><\/a><\/p>\n<p><a href=\"http:\/\/hubertpietka.bialystok.pl\/wp-content\/uploads\/2023\/03\/IMG_20230228_184804778.jpg\"><img loading=\"lazy\" decoding=\"async\" class=\"alignnone size-thumbnail wp-image-6875\" src=\"http:\/\/hubertpietka.bialystok.pl\/wp-content\/uploads\/2023\/03\/IMG_20230228_184804778-150x150.jpg\" alt=\"\" width=\"150\" height=\"150\" srcset=\"https:\/\/hubertpietka.bialystok.pl\/wp-content\/uploads\/2023\/03\/IMG_20230228_184804778-150x150.jpg 150w, https:\/\/hubertpietka.bialystok.pl\/wp-content\/uploads\/2023\/03\/IMG_20230228_184804778-75x75.jpg 75w\" sizes=\"auto, (max-width: 150px) 100vw, 150px\" \/><\/a><\/p>\n<p><em>Na zdj. B\u0142. ks. Jerzy w ko\u015bciele \u015bw. Kazimierza<\/em><br \/>\n<em> Szkalowali i jego<\/em><br \/>\n<em> Probuj\u0105c mu szkodzi\u0107 i na wszelkie mo\u017cliwe sposoby<\/em><br \/>\n<em> Dop\u00f3ki nie dopi\u0119li swego<\/em><br \/>\n<em> W systemie kt\u00f3ry niestety<\/em><br \/>\n<em> Co\u015b przypomina mi dzisiaj<\/em><br \/>\n<em> Ludzie \u017ali chyba i nigdy<\/em><br \/>\n<em> Nie uznaj\u0105 prymatu spraw duchowych<\/em><br \/>\n<em> A jak kto\u015b co\u015b przeszkadza i komu\u015b<\/em><br \/>\n<em> To takich takie trzeba usun\u0105\u0107 z tego \u015bwiata<\/em><br \/>\n<em> Metody tak naprawd\u0119 niewa\u017cne<\/em><br \/>\n<em> Byleby dopi\u0105\u0107 swego<\/em><br \/>\n<em> Po trupach do celu<\/em><\/p>\n<p style=\"text-align: center;\">\/<\/p>\n<p style=\"text-align: right;\"><a href=\"https:\/\/youtu.be\/Xby1imQDs3E\"><em><strong>Varius Manx &#8211; Poca\u0142uj noc<\/strong><\/em><\/a><\/p>\n","protected":false},"excerpt":{"rendered":"<p>Tropienie \/ duchowych trop\u00f3w B\u0142ogos\u0142aw Panie nas naszych nasze I je\u015bli cokolwieczuniek nawet Mojej \u017conie w pracy ko\u015bciele czy gdziekolwiek Ona jest i z kimkolwiek&hellip; <\/p>\n","protected":false},"author":1,"featured_media":0,"parent":0,"menu_order":0,"comment_status":"closed","ping_status":"closed","template":"","meta":{"footnotes":""},"class_list":["post-6874","page","type-page","status-publish","hentry"],"_links":{"self":[{"href":"https:\/\/hubertpietka.bialystok.pl\/index.php?rest_route=\/wp\/v2\/pages\/6874","targetHints":{"allow":["GET"]}}],"collection":[{"href":"https:\/\/hubertpietka.bialystok.pl\/index.php?rest_route=\/wp\/v2\/pages"}],"about":[{"href":"https:\/\/hubertpietka.bialystok.pl\/index.php?rest_route=\/wp\/v2\/types\/page"}],"author":[{"embeddable":true,"href":"https:\/\/hubertpietka.bialystok.pl\/index.php?rest_route=\/wp\/v2\/users\/1"}],"replies":[{"embeddable":true,"href":"https:\/\/hubertpietka.bialystok.pl\/index.php?rest_route=%2Fwp%2Fv2%2Fcomments&post=6874"}],"version-history":[{"count":3,"href":"https:\/\/hubertpietka.bialystok.pl\/index.php?rest_route=\/wp\/v2\/pages\/6874\/revisions"}],"predecessor-version":[{"id":6879,"href":"https:\/\/hubertpietka.bialystok.pl\/index.php?rest_route=\/wp\/v2\/pages\/6874\/revisions\/6879"}],"wp:attachment":[{"href":"https:\/\/hubertpietka.bialystok.pl\/index.php?rest_route=%2Fwp%2Fv2%2Fmedia&parent=6874"}],"curies":[{"name":"wp","href":"https:\/\/api.w.org\/{rel}","templated":true}]}}