{"id":6886,"date":"2023-03-07T09:24:28","date_gmt":"2023-03-07T09:24:28","guid":{"rendered":"http:\/\/hubertpietka.bialystok.pl\/?page_id=6886"},"modified":"2023-03-07T09:24:28","modified_gmt":"2023-03-07T09:24:28","slug":"zakryta-pelna-paleta-dzialan-prewencyjnych-misiaczkow-wobec-nas-naszego-i-naszych","status":"publish","type":"page","link":"https:\/\/hubertpietka.bialystok.pl\/?page_id=6886","title":{"rendered":"Zakryta pe\u0142na paleta \/ dzia\u0142a\u0144 prewencyjnych misiaczk\u00f3w \/ wobec nas naszego i naszych"},"content":{"rendered":"<p><em><strong>Zakryta pe\u0142na paleta \/ dzia\u0142a\u0144 prewencyjnych misiaczk\u00f3w \/ wobec nas naszego i naszych<\/strong><\/em><\/p>\n<p style=\"text-align: center;\"><em><strong><a href=\"https:\/\/youtu.be\/i-6y-Yl9Fr0\">Czes\u0142aw Niemen &#8211; Nim przyjdzie wiosna<\/a>\u00a0\ud83d\ude42<\/strong><\/em><\/p>\n<p>Na czym polega afirmacja \u017cycia<br \/>\nTrzeba kocha\u0107 cz\u0142owieka i stworzenie<br \/>\nWed\u0142ug porz\u0105dku ustalonego w Bogu<\/p>\n<p>Siostro i bracie w wierze<br \/>\nWed\u0142ug krwi i pokrewie\u0144stwa upodobania<br \/>\nDo\u015bwiadcze\u0144 wsp\u00f3lnych spotka\u0144 ku dobru<br \/>\nSiostra i bracia wszyscy<br \/>\n<em>Dobrze \u017ce jeste\u015bcie<\/em><br \/>\nMimo zagro\u017ce\u0144 i z\u0142a z\u0142o\u015bci<br \/>\nWytrwajcie w mi\u0142o\u015bci<\/p>\n<p style=\"text-align: center;\"><a href=\"https:\/\/youtu.be\/Cxs_w0uc6oQ\"><em><strong>Powiedz ludziom \u017ce kocham ich &#8211; Beata<\/strong><\/em><\/a><\/p>\n<p>Jezus powiedzia\u0142 do mnie<br \/>\n<em>Je\u015bli dla Mojego Imienia<\/em><br \/>\n<em> Pr\u00f3buj\u0105 ci\u0119 oblepi\u0107 szlamem k\u0142amstw<\/em><br \/>\n<em> Je\u015bli dla Mojego Imienia<\/em><br \/>\n<em> Ci\u0119 wy\u015bmiewaj\u0105 wyszydzaj\u0105<\/em><br \/>\n<em> To Ty si\u0119 raduj<\/em><br \/>\n<em> Bo to znaczy \u017ce z\u0142o<\/em><br \/>\n<em> Nie mo\u017ce znale\u017a\u0107 w tobie<\/em><br \/>\n<em> Niczego wi\u0119cej i dla pozor\u00f3w<\/em><br \/>\n<em> Uderza w ciebie<\/em><br \/>\n<em> Ze wzgl\u0119du na Me imi\u0119<\/em><\/p>\n<p><em>Ty si\u0119 raduj<\/em><br \/>\n<em> I znie\u015b te r\u00f3\u017cne do\u015bwiadczenia<\/em><br \/>\n<em> Dla Mego Imienia<\/em><\/p>\n<p><a href=\"http:\/\/hubertpietka.bialystok.pl\/wp-content\/uploads\/2023\/03\/IMG_20230301_083843146.jpg\"><img loading=\"lazy\" decoding=\"async\" class=\"alignnone size-thumbnail wp-image-6887\" src=\"http:\/\/hubertpietka.bialystok.pl\/wp-content\/uploads\/2023\/03\/IMG_20230301_083843146-150x150.jpg\" alt=\"\" width=\"150\" height=\"150\" srcset=\"https:\/\/hubertpietka.bialystok.pl\/wp-content\/uploads\/2023\/03\/IMG_20230301_083843146-150x150.jpg 150w, https:\/\/hubertpietka.bialystok.pl\/wp-content\/uploads\/2023\/03\/IMG_20230301_083843146-75x75.jpg 75w\" sizes=\"auto, (max-width: 150px) 100vw, 150px\" \/><\/a><\/p>\n<p><strong>Na zdj. Mi\u015b student przy uniwerku<\/strong><br \/>\n<strong> Z\u0142o mo\u017ce chcie\u0107 uderza\u0107<\/strong><br \/>\n<strong> I uderza w r\u00f3\u017cne rzeczywisto\u015bci<\/strong><br \/>\n<strong> W r\u00f3\u017cne sfery \u017cycia cz\u0142owieka<\/strong><\/p>\n<p><strong>Pod takim czy innym pozorem<\/strong><br \/>\n<strong> W moj\u0105 \u017con\u0119 we mnie<\/strong><br \/>\n<strong> W bliskich w nasze<\/strong><br \/>\n<strong> W tym chocia\u017cby i w tego psa<\/strong><br \/>\n<strong> R\u00f3\u017cne rzeczy mo\u017cna sfingowa\u0107<\/strong><br \/>\n<strong> Pod takim czy innym pozorem<\/strong><br \/>\n<strong> I atak serca u zwierz\u0119cia<\/strong><br \/>\n<strong> Apropo atak\u00f3w to oni chyba maj\u0105 ku temu<\/strong><br \/>\n<strong> Do\u015b\u0107 du\u017c\u0105 palet\u0119<\/strong><br \/>\n<strong> Dzia\u0142a\u0144 takich czy innych<\/strong><br \/>\n<strong> A kto jest w czego i kogo zasi\u0119gu i gdzie<\/strong><br \/>\n<strong> To pytanie tu zasadnicze<\/strong><\/p>\n<p><strong>Ach kochaj\u0105 nas misiaczki<\/strong><br \/>\n<strong> I dobrze nam \u017cycz\u0105<\/strong><br \/>\n<strong> Nie \u0142udz\u0119 sie ku temu jednak zbytnio<\/strong><br \/>\n<strong> Zwa\u017cywszy co nam i naszemu i naszym<\/strong><br \/>\n<strong> Chc\u0105 chyba czyni\u0107 niemal nieustannie<\/strong><\/p>\n<p><strong>Przyjd\u017a a oni nie<\/strong><br \/>\n<strong> I je\u015bli cokolwieczuniek<\/strong><br \/>\n<strong> Nam naszemu i naszym<\/strong><br \/>\n<strong> I ani mi ani<\/strong><br \/>\n<strong> Bo nie zdzier\u017c\u0119 o Panie<\/strong><\/p>\n<p style=\"text-align: center;\"><em><strong><a href=\"https:\/\/youtu.be\/fhZ7pv58ftE\">Czes\u0142aw Niemen &#8211; Sukces<\/a>\u00a0\ud83d\ude42<\/strong><\/em><\/p>\n","protected":false},"excerpt":{"rendered":"<p>Zakryta pe\u0142na paleta \/ dzia\u0142a\u0144 prewencyjnych misiaczk\u00f3w \/ wobec nas naszego i naszych Czes\u0142aw Niemen &#8211; Nim przyjdzie wiosna\u00a0\ud83d\ude42 Na czym polega afirmacja \u017cycia Trzeba&hellip; <\/p>\n","protected":false},"author":1,"featured_media":0,"parent":0,"menu_order":0,"comment_status":"closed","ping_status":"closed","template":"","meta":{"footnotes":""},"class_list":["post-6886","page","type-page","status-publish","hentry"],"_links":{"self":[{"href":"https:\/\/hubertpietka.bialystok.pl\/index.php?rest_route=\/wp\/v2\/pages\/6886","targetHints":{"allow":["GET"]}}],"collection":[{"href":"https:\/\/hubertpietka.bialystok.pl\/index.php?rest_route=\/wp\/v2\/pages"}],"about":[{"href":"https:\/\/hubertpietka.bialystok.pl\/index.php?rest_route=\/wp\/v2\/types\/page"}],"author":[{"embeddable":true,"href":"https:\/\/hubertpietka.bialystok.pl\/index.php?rest_route=\/wp\/v2\/users\/1"}],"replies":[{"embeddable":true,"href":"https:\/\/hubertpietka.bialystok.pl\/index.php?rest_route=%2Fwp%2Fv2%2Fcomments&post=6886"}],"version-history":[{"count":1,"href":"https:\/\/hubertpietka.bialystok.pl\/index.php?rest_route=\/wp\/v2\/pages\/6886\/revisions"}],"predecessor-version":[{"id":6889,"href":"https:\/\/hubertpietka.bialystok.pl\/index.php?rest_route=\/wp\/v2\/pages\/6886\/revisions\/6889"}],"wp:attachment":[{"href":"https:\/\/hubertpietka.bialystok.pl\/index.php?rest_route=%2Fwp%2Fv2%2Fmedia&parent=6886"}],"curies":[{"name":"wp","href":"https:\/\/api.w.org\/{rel}","templated":true}]}}