{"id":689,"date":"2017-07-26T23:47:53","date_gmt":"2017-07-26T23:47:53","guid":{"rendered":"http:\/\/hubertpietka.bialystok.pl\/?page_id=689"},"modified":"2017-07-27T08:40:44","modified_gmt":"2017-07-27T08:40:44","slug":"przewodnik-turystyczny-hubala","status":"publish","type":"page","link":"https:\/\/hubertpietka.bialystok.pl\/?page_id=689","title":{"rendered":"Przewodnik turystyczny \/Hubala\/"},"content":{"rendered":"<p style=\"text-align: center;\"><strong>PRZEWODNIK TURYSTYCZNY<\/strong><\/p>\n<p style=\"text-align: center;\"><strong>\/HUBALA\/<\/strong><\/p>\n<p style=\"text-align: center;\">Syr 44,1.10-15<\/p>\n<p style=\"text-align: center;\"><em>Imi\u0119 ich \u017cyje w pokoleniach<\/em><\/p>\n<p>Wychwalajmy m\u0119\u017c\u00f3w s\u0142awnych i ojc\u00f3w naszych wed\u0142ug nast\u0119pstwa ich pochodzenia. Ci s\u0105 m\u0119\u017cowie pobo\u017cni, kt\u00f3rych cnoty nie zosta\u0142y zapomniane, pozosta\u0142y one z ich potomstwem, dobrym dziedzictwem s\u0105 ich nast\u0119pcy. Potomstwo to trzyma si\u0119 Przymierza, a przez nich &#8211; ich dzieci. Potomstwo ich trwa na zawsze, a chwa\u0142a ich nie b\u0119dzie wymazana.<\/p>\n<p>Cia\u0142a ich w pokoju pogrzebano, a imi\u0119 ich \u017cyje w pokoleniach. Narody opowiadaj\u0105 ich m\u0105dro\u015b\u0107, a zgromadzenie g\u0142osi chwa\u0142\u0119.<\/p>\n<p style=\"text-align: center;\"><strong>\u00a0<\/strong><\/p>\n<p style=\"text-align: right;\"><em><strong>Propozycja 1<\/strong><\/em><\/p>\n<p style=\"text-align: left;\">Witaj,<\/p>\n<p style=\"text-align: center;\">chcia\u0142bym Ci zaproponowa\u0107 pewn\u0105 wycieczk\u0119 szlakiem Wielkich Polak\u00f3w, szlakiem naznaczonym histori\u0105, religi\u0105 i tradycj\u0105. Na pewno znajdziesz te\u017c inne atrakcje, kt\u00f3re b\u0119d\u0105 odpowiada\u0142y Twoim indywidualnym potrzebom\u2026 Warto po\u015bwi\u0119ci\u0107 na t\u0105 atrakcj\u0119, my\u015bl\u0119, \u017ce ze dwa dni\u2026<\/p>\n<p style=\"text-align: center;\"><strong>Etap 1: Warszawa \u2013 Cz\u0119stochowa<\/strong><\/p>\n<p style=\"text-align: center;\"><a href=\"https:\/\/www.youtube.com\/watch?v=4DZGoeCJB_Y\">\u201eStacja Warszawa\u201d \u2013 Lady Punk<\/a><\/p>\n<p style=\"text-align: center;\">O Warszawie, stolicy Polski nie trzeba du\u017co m\u00f3wi\u0107. Ka\u017cdy znajdzie tu co\u015b dla siebie. Ja preferuj\u0119 szczeg\u00f3lnie Muzeum Powstania Warszawskiego i \u015awi\u0105tyni\u0119 Opatrzno\u015bci Bo\u017cej, ale Ty mo\u017cesz wybra\u0107 to, co Ciebie interesuje.<\/p>\n<p style=\"text-align: center;\"><a href=\"https:\/\/www.youtube.com\/watch?v=Y7dRBmMsevk\">\u201eUprising\u201d \u2013 Sabaton<\/a><\/p>\n<p style=\"text-align: center;\">Po drodze z Warszawy Piotrk\u00f3w Trybunalski. Jest to miasto o du\u017cych tradycjach historycznych. M. in. tam rozpocz\u0119\u0142a si\u0119 w pewnym sensie parlamentarna demokracja polska. W tym roku miasto obchodzi 800-lecie swej historii.<\/p>\n<p style=\"text-align: center;\">Cz\u0119stochowa. Dla mnie tu przede wszystkim Jasna G\u00f3ra. Dla wielu Polak\u00f3w i nie tylko, to miejsce jest bardzo wa\u017cne. Ostatnimi czasy bardzo otwarte dla wszystkich nacji, j\u0119zyk\u00f3w, religii. Mo\u017ce us\u0142yszysz tam przy wieczorze m. in. pi\u0119kn\u0105 pie\u015b\u0144 \u201eZapada zmrok\u201d \u2013 b\u0142ogos\u0142awie\u0144stwo dla wszystkich lud\u00f3w, Polski, wsi i miasteczek (przez kt\u00f3re dalej mo\u017cesz jecha\u0107).<\/p>\n<p style=\"text-align: center;\"><a href=\"https:\/\/www.youtube.com\/watch?v=0Fnp5tnZkJg\">\u201cKing\u201d \u2013 T.Love<\/a><strong><br \/>\n<\/strong><\/p>\n<p style=\"text-align: center;\"><strong>Etap 2: Cz\u0119stochowa \u2013 Stopnica<\/strong><\/p>\n<p style=\"text-align: center;\">Proponuj\u0119 najpierw drog\u0119 w\u0142oszczowsk\u0105 na Koniecpol. Po drodze \u015bw. Anna (jak\u017ce zas\u0142u\u017cona to Patronka dla Polski \u2013 babcia Pana Jezusa, mama Maryi przecie\u017c).<\/p>\n<p style=\"text-align: center;\">Koniecpol \u2013 jak sama nazwa wskazuje, w\u0142asno\u015b\u0107 zas\u0142u\u017conego dla Polski rodu Koniecpolskich. Warty zobaczenia jest szczeg\u00f3lnie pa\u0142ac magnat\u00f3w.<\/p>\n<p style=\"text-align: center;\">Dalej proponuj\u0119 drog\u0119 na Szczekociny. W tym miejscu, niestety, wydarzy\u0142 si\u0119 tragiczny wypadek kolejowy przed paru laty. Warto pochyli\u0107 g\u0142ow\u0119 wobec ofiar tej katastrofy.<\/p>\n<p style=\"text-align: center;\">Dalej jedziemy do J\u0119drzejowa. Po drodze znane Nag\u0142owice. Tam urodzi\u0142 si\u0119 i mieszka\u0142 Miko\u0142aj Rej, zwany ojcem polszczyzny.<\/p>\n<p style=\"text-align: center;\">J\u0119drzej\u00f3w, to r\u00f3wnie\u017c miasto du\u017cych tradycji historycznych. Do zobaczenia klasztor cysters\u00f3w i inne miejsca pami\u0119ci zwi\u0105zane m. in. z powstaniem styczniowym, czy dzia\u0142alno\u015bci\u0105 wyzwole\u0144czo-narodow\u0105 w czasie II wojny \u015bwiatowej.<\/p>\n<p style=\"text-align: center;\">Potem Busko-Zdr\u00f3j. Kt\u00f3\u017c nie zna tego uzdrowiska? Warto odwiedzi\u0107 Alej\u0119 Gwiazd przy Sanatorium Marconi w Parku Zdrojowym. Ciekawostk\u0105 jest, \u017ce w Busku m. in. Wojciech Belon z Wolnej Grupy Bukowina sp\u0119dzi\u0142 du\u017c\u0105 cze\u015b\u0107 swego \u017cycia.<\/p>\n<p style=\"text-align: center;\"><a href=\"https:\/\/www.youtube.com\/watch?v=EfWw49bcGQo\">Wolna Grupa Bukowina \u2013 \u201eMajster Bieda\u201d<\/a><\/p>\n<p style=\"text-align: center;\">Doje\u017cd\u017camy do Stopnicy. Tutaj do zobaczenia odnowiony gotycki ko\u015bci\u00f3\u0142 farny pw. Piotra i Paw\u0142a oraz zesp\u00f3\u0142 klasztorny Sercan\u00f3w. Poza tym cmentarz \u017cydowski na wzg\u00f3rzu. W Stopnicy chyba mo\u017cna gdzie\u015b przenocowa\u0107, np. w zaje\u017adzie przy stacji benzynowej i z cmentarzem w tle, ale miejscowi m\u00f3wi\u0105, \u017ce jest tam bardzo dobre jedzenie.<\/p>\n<p style=\"text-align: center;\">Krak\u00f3w zostaje ni\u017cej.<\/p>\n<p style=\"text-align: center;\"><a href=\"https:\/\/www.youtube.com\/watch?v=qKV3KATvl74\">\u201eKrak\u00f3w\u201d \u2013 Myslovitz i M. Grechuta<\/a><\/p>\n<p style=\"text-align: center;\"><a href=\"https:\/\/www.youtube.com\/watch?v=m98MBACe1xk\">G. Turnau \u2013 \u201eCichosza\u201d<\/a><strong><br \/>\n<\/strong><\/p>\n<p style=\"text-align: center;\"><strong>Etap 3: Stopnica &#8211; Opat\u00f3w<\/strong><\/p>\n<p style=\"text-align: center;\">Jedziemy tras\u0105 tarnowsk\u0105 przez Po\u0142aniec. Czy s\u0142yszeli\u015bcie o powie\u015bci \u201eRodzina Po\u0142anieckich\u201d H. Sienkiewicza?<\/p>\n<p style=\"text-align: center;\">A wcze\u015bniej jeszcze Pacan\u00f3w. Kto nie zna \u201ePrzyg\u00f3d Kozio\u0142ka Mato\u0142ka\u201d K. Makuszy\u0144skiego? W miasteczku tym jest Centrum Bajki oraz Ko\u015bci\u00f3\u0142 \u015bw. Marcina (Sanktuarium Pana Jezusa Konaj\u0105cego), o kt\u00f3rym Rosjanie podczas II wojny \u015bwiatowej m\u00f3wili, \u017ce jest tam \u201eMocny B\u00f3g\u201d.<\/p>\n<p style=\"text-align: center;\">W Opatowie klasztor oo. Bernardyn\u00f3w. Uwa\u017cajcie na ulewy, ulice po\u0142o\u017cone ni\u017cej mog\u0105 by\u0107 zalane. Jest tam te\u017c wiele innych zabytk\u00f3w historycznych \u2013 polskich i \u017cydowskich, sakralnych i \u015bwieckich.<\/p>\n<p style=\"text-align: center;\"><strong>Etap 4: Opat\u00f3w \u2013 Pu\u0142awy<\/strong><\/p>\n<p style=\"text-align: center;\">Po drodze Zwole\u0144. Z tym miastem jako proboszcz (!) parafii (nie wielu o tym wie, \u017ce by\u0142 ksi\u0119dzem)\u00a0 zwi\u0105zany by\u0142 ojciec literatury polskiej \u2013 Jan Kochanowski. Kt\u00f3\u017c nie zna jego tren\u00f3w, fraszek, czy pie\u015bni?<\/p>\n<p style=\"text-align: center;\">W Pu\u0142awach Pa\u0142ac Czartoryskich. Tam przekraczasz mostem drogowym Wis\u0142\u0119. Jeste\u015b ju\u017c po drugiej stronie historycznej linii Curzona.<\/p>\n<p style=\"text-align: center;\"><strong>Etap 5: Pu\u0142awy \u2013 Siemiatycze<\/strong><\/p>\n<p style=\"text-align: center;\">Mo\u017cna pojecha\u0107 przez \u017byrzyn, Baran\u00f3w, U\u0142\u0119\u017c, Sobieszyn. W Sobieszynie ciekawy cmentarz (o ile mo\u017ce by\u0107 to ciekawe miejsce, na pewno bardzo spokojne).<\/p>\n<p style=\"text-align: center;\">Przez Kock (gdzie odby\u0142o si\u0119 wiele bardzo wa\u017cnych dla polski bitew) do Radzynia Podlaskiego, znanego z miejsca \u015br\u00f3d-akcji serialu \u201eRanczo\u201d \u2013 bardzo sympatycznego dla Polak\u00f3w.<\/p>\n<p style=\"text-align: center;\"><strong>Etap 6: Siemiatycze \u2013 Bra\u0144sk \u2013 Bielsk Podlaski<\/strong><\/p>\n<p style=\"text-align: center;\">Warto zboczy\u0107 z g\u0142\u00f3wnej trasy, aby odwiedzi\u0107 Bra\u0144sk, gdzie s\u0105 zabytki prawos\u0142awne, katolickie i \u017cydowskie. Jest to malownicza miejscowo\u015b\u0107 z dobrymi lud\u017ami. M. in. mieszka tam (je\u015bli \u017cyje, mam nadziej\u0119\u2026) ma\u0142o znany, cho\u0107 wspania\u0142y poeta \u2013 ks. Zenon Konrad.<\/p>\n<p style=\"text-align: center;\"><a href=\"http:\/\/hubertpietka.bialystok.pl\/?page_id=691\">Wiersz <strong>Poecie-bratu! <\/strong>Ks. Zenonowi Konradow<\/a>i<\/p>\n<p style=\"text-align: center;\"><strong>Etap 7: Bielsk Podlaski \u2013 Bia\u0142ystok<\/strong><\/p>\n<p style=\"text-align: center;\">Po drodze malownicze miejscowo\u015bci kultury prawos\u0142awnej w Rybo\u0142ach, Laszkach, Ko\u017alikach.<\/p>\n<p style=\"text-align: center;\">W Zab\u0142udowie ko\u015bci\u00f3\u0142 pw. \u015aw Piotra i Paw\u0142a (ponownie) i cerkiew prawos\u0142awna.<\/p>\n<p style=\"text-align: center;\">Z Zab\u0142udowa do Bia\u0142egostoku mijamy po lewej stronie \u0141ubniki. Tam mieszka zas\u0142u\u017cony dla Bia\u0142ostocczyzny, dzi\u015b nieco zapomniany poeta Jan Leo\u0144czuk.<\/p>\n<p style=\"text-align: center;\">Docierasz do Bia\u0142egostoku. Jednego z trzech Miast Mi\u0142osierdzia, obok Krakowa i Wilna. Mo\u017cesz odpocz\u0105\u0107 \u201eW cieniu Katedry\u201d, lub odby\u0107 &#8222;Szlak \u015bcie\u017ckami b\u0142. Micha\u0142a Sopo\u0107ko&#8221;.<\/p>\n<p style=\"text-align: center;\">Ciekaw\u0105 propozycj\u0105 jest te\u017c ko\u015bci\u00f3\u0142 \u015bw. Rocha, pa\u0142ac Branickich, czy cerkwie &#8211; \u015bw. Ducha, \u015bw. Miko\u0142aja\u2026 Powstaje te\u017c tu Muzeum Pami\u0119ci Sybiru.<\/p>\n<p style=\"text-align: center;\"><a href=\"http:\/\/hubertpietka.bialystok.pl\/wp-content\/uploads\/2017\/07\/Sybiracy.pptx\">Sybiracy<\/a><\/p>\n<p style=\"text-align: right;\"><em><strong>Propozycja 2<\/strong><\/em><\/p>\n<p style=\"text-align: center;\">Je\u015bli masz jeszcze jeden dzie\u0144 (trzeci w sumie), to po noclegu w Bia\u0142ymstoku, lub okolicy (np. Supra\u015bl) zapraszam Ci\u0119 na jeszcze jednodniow\u0105 wycieczk\u0119. Mo\u017ce dobrze zaplanowa\u0107 j\u0105 sobie latem \u2013 nawet na pocz\u0105tku lata).<\/p>\n<p style=\"text-align: center;\"><strong>Etap 1: Bia\u0142ystok \u2013 Korycin<\/strong><\/p>\n<p style=\"text-align: center;\">Do Korycina warto zajrze\u0107 przy okazji np. tzw. \u201e\u015awi\u0119ta Truskawki\u201d \u2013 jest tam wtedy wiele atrakcji muzycznych (koncerty ciekawe), kulturalnych (np. dobry lokalny teatrzyk), czy ludowych.<\/p>\n<p style=\"text-align: center;\">Po drodze do Korycina s\u0105 te\u017c Jurowce, w kt\u00f3rych mie\u015bci si\u0119 Podlaskie Muzeum Kultury Ludowej (tam miedzy innymi znalaz\u0142 si\u0119 s\u0142awetny dworek z Bobry Wielkiej).<\/p>\n<p style=\"text-align: center;\"><strong>Etap 2: Korycin \u2013 Mo\u0144ki<\/strong><\/p>\n<p style=\"text-align: center;\">Wracamy w stron\u0119 Bia\u0142egostoku, lub je\u015bli jest to akurat inna pora (nie ma w Korycinie \u201e\u015awi\u0119ta Truskawki\u201d), to mo\u017cna od razu skr\u0119ci\u0107 na Jasion\u00f3wk\u0119 wcze\u015bniej. Tam \u0142adny ko\u015bci\u00f3\u0142ek &#8211; pw. \u015awi\u0119tej Tr\u00f3jcy.<\/p>\n<p style=\"text-align: center;\">Z Jasion\u00f3wki warto pojecha\u0107 na Kalin\u00f3wk\u0119 Ko\u015bcieln\u0105 \u2013tutaj pi\u0119knie zachowany drewniany, zabytkowy, barokowy ko\u015bci\u00f3\u0142ek \u015bw. Anny, lub pojecha\u0107 na Knyszyn (to stare kr\u00f3lewskie miasto, obok jezioro Zygmunta Augusta w Czechowi\u017anie \u2013 ciekawa propozycja przyrodnicza).<\/p>\n<p style=\"text-align: center;\">Pod Mo\u0144kami s\u0142odkobrzmi\u0105ca miejscowo\u015b\u0107 \u2013 Przytulanka.<\/p>\n<p style=\"text-align: center;\"><strong>\u00a0<\/strong><\/p>\n<p style=\"text-align: center;\"><strong>Etap 3: Mo\u0144ki \u2013 Osowiec<\/strong><\/p>\n<p style=\"text-align: center;\">By\u0107 mo\u017ce jad\u0105c z Moniek b\u0119dziesz chcia\u0142 pojecha\u0107 jak\u0105\u015b alternatywn\u0105 drog\u0105, ni\u017c typowa trasa e\u0142cka. Wtedy niespodziewanie mo\u017cesz trafi\u0107 do Goni\u0105dza. Je\u015bli b\u0119dziesz mia\u0142 szcz\u0119\u015bcie, b\u0119dzie wtedy tam trwa\u0142 festiwal muzyki alternatywnej, tzw. \u201eRock na bagnach\u201d. W Goni\u0105dzu mo\u017cesz pop\u0142ywa\u0107 kajakiem lub po prostu rozkoszowa\u0107 si\u0119 klimatem bagiennym uroczych rozlewisk Biebrzy.<\/p>\n<p style=\"text-align: center;\">W Osowcu Twierdzy s\u0142ynne bunkry do obejrzenia.<\/p>\n<p style=\"text-align: center;\"><strong>Etap 4: Osowiec \u2013 Nowogr\u00f3d<\/strong><\/p>\n<p style=\"text-align: center;\">Za Osowcem skr\u0119casz w lewo, w stron\u0119 Radzi\u0142owa, potem do Grabowa (pi\u0119kny kompleks pa\u0142acowo-parkowy rodziny Wag\u00f3w tam i po\u017anoklacysystyczna \u015bwi\u0105tynia).<\/p>\n<p style=\"text-align: center;\">A potem mo\u017cesz np. pojecha\u0107 do Nowogrodu pod \u0141om\u017c\u0105. Jest tu skansen kultury ludowej (im. A. Ch\u0119tnika) te\u017c, ko\u015bci\u00f3\u0142 zabytkowy NMP, i wiele innych naznaczonych histori\u0105 i patriotyczn\u0105 ide\u0105 miejsc pami\u0119ci. Nie myli\u0107 Nowego Grodu ze starym Gr\u00f3dkiem w innym miejscu Bia\u0142ostocczyzny polecam (aczkolwiek ten te\u017c ma swe alternatywne atrakcje).<\/p>\n<p style=\"text-align: center;\">A z Nowogrodu prosto do \u0141om\u017cy (s\u0142awetnego polsko-patriotycznego miasta). I dalej mo\u017cna wr\u00f3ci\u0107 ju\u017c prosto do Warszawy (przez znany Zambr\u00f3w, lub religijn\u0105 bardzo Ostro\u0142\u0119k\u0119), lub jeszcze do Bia\u0142egostoku (przez Wizn\u0119, gdzie odby\u0142a si\u0119 rozs\u0142awiaj\u0105ca Polskie Wojsko bitwa, zwana 40:1).<\/p>\n<p style=\"text-align: center;\"><a href=\"https:\/\/www.youtube.com\/watch?v=1QL0bXxjqEQ\">\u201e40:1\u201d \u2013 Sabaton<\/a><\/p>\n<p style=\"text-align: center;\">My\u015bl\u0119, \u017ce jest to ciekawa alternatywa na sp\u0119dzenie wolnego czasu szlakiem patriotycznych i literackich uniesie\u0144 naszych tw\u00f3rc\u00f3w historii i literatury. Pozdrawiam!<\/p>\n<p style=\"text-align: center;\">Ps. 1 Jest tam i tu, w I i II propozycji wiele innych ciekawych miejsc, naznaczonych kultur\u0105, histori\u0105, tradycj\u0105 i r\u00f3\u017cnymi religiami, nauk\u0105, sportem\u2026 Przepraszam za tendencyjno\u015b\u0107, ale ja patrz\u0119 na to ze swojego punktu widzenia. Ka\u017cdy mo\u017ce odnale\u017a\u0107 co\u015b dla siebie ciekawego, istotnego, warto\u015bciowego.<\/p>\n<p style=\"text-align: center;\">Ps. 2 Na Bia\u0142ostocczy\u017anie r\u00f3wnie\u017c tak jest. To tylko taki m\u00f3j zarys. Ziemie tego regionu s\u0105 kolebk\u0105 wielu kultur i religii, \u015bcieraj\u0105 si\u0119 tu r\u00f3\u017cne pogl\u0105dy i idee. Ta r\u00f3\u017cnorodno\u015b\u0107 mo\u017ce s\u0142u\u017cy\u0107 dialogowi kulturowemu, religijnemu, naukowemu itp.<\/p>\n<p style=\"text-align: center;\">Ps. 3 Zreszt\u0105 ca\u0142a Polska jest taka. Ze sw\u0105 kultur\u0105, literatur\u0105, nauk\u0105 i histori\u0105. Ma wiele wa\u017cnych miejsc na swym terenie i w historii r\u00f3\u017cnych idei \u2013 wzajemnie si\u0119 okre\u015blaj\u0105cych i dope\u0142niaj\u0105cych. Spu\u015bcizna kulturowa i naukowa, tradycja tego kraju mo\u017ce w pewien spos\u00f3b wp\u0142ywa\u0107 na inne pogl\u0105dy i by\u0107 przyk\u0142adem szukania tego, co \u0142\u0105czy, a nie dzieli.<\/p>\n<p style=\"text-align: center;\">Ps. 4 Dialog mi\u0119dzykulturowy, mi\u0119dzynarodowy, mi\u0119dzyreligijny, naukowy \u2013 powinien mie\u0107 na celu budowanie pokoju na \u015bwiecie i w ka\u017cdym miejscu naszej ziemi &#8211; Polski, w ka\u017cdym regionie. Tylko wtedy wszyscy ludzie mogli b\u0119d\u0105 po prostu przyjemniej i spokojniej \u017cy\u0107.<\/p>\n<p style=\"text-align: center;\">Czego Wam i sobie te\u017c \u017cycz\u0119 \ud83d\ude42<\/p>\n<p style=\"text-align: center;\"><a href=\"http:\/\/hubertpietka.bialystok.pl\/wp-content\/uploads\/2017\/07\/Etyka-filozofia-dialogu.pptx\">Etyka &#8211; filozofia dialogu<\/a><\/p>\n<p style=\"text-align: center;\">Bia\u0142ystok, 26-27 lipca 2017 r.<\/p>\n","protected":false},"excerpt":{"rendered":"<p>PRZEWODNIK TURYSTYCZNY \/HUBALA\/ Syr 44,1.10-15 Imi\u0119 ich \u017cyje w pokoleniach Wychwalajmy m\u0119\u017c\u00f3w s\u0142awnych i ojc\u00f3w naszych wed\u0142ug nast\u0119pstwa ich pochodzenia. Ci s\u0105 m\u0119\u017cowie pobo\u017cni, kt\u00f3rych&hellip; <\/p>\n","protected":false},"author":1,"featured_media":0,"parent":0,"menu_order":0,"comment_status":"closed","ping_status":"closed","template":"","meta":{"footnotes":""},"class_list":["post-689","page","type-page","status-publish","hentry"],"_links":{"self":[{"href":"https:\/\/hubertpietka.bialystok.pl\/index.php?rest_route=\/wp\/v2\/pages\/689","targetHints":{"allow":["GET"]}}],"collection":[{"href":"https:\/\/hubertpietka.bialystok.pl\/index.php?rest_route=\/wp\/v2\/pages"}],"about":[{"href":"https:\/\/hubertpietka.bialystok.pl\/index.php?rest_route=\/wp\/v2\/types\/page"}],"author":[{"embeddable":true,"href":"https:\/\/hubertpietka.bialystok.pl\/index.php?rest_route=\/wp\/v2\/users\/1"}],"replies":[{"embeddable":true,"href":"https:\/\/hubertpietka.bialystok.pl\/index.php?rest_route=%2Fwp%2Fv2%2Fcomments&post=689"}],"version-history":[{"count":6,"href":"https:\/\/hubertpietka.bialystok.pl\/index.php?rest_route=\/wp\/v2\/pages\/689\/revisions"}],"predecessor-version":[{"id":708,"href":"https:\/\/hubertpietka.bialystok.pl\/index.php?rest_route=\/wp\/v2\/pages\/689\/revisions\/708"}],"wp:attachment":[{"href":"https:\/\/hubertpietka.bialystok.pl\/index.php?rest_route=%2Fwp%2Fv2%2Fmedia&parent=689"}],"curies":[{"name":"wp","href":"https:\/\/api.w.org\/{rel}","templated":true}]}}