{"id":6902,"date":"2023-03-13T10:57:30","date_gmt":"2023-03-13T10:57:30","guid":{"rendered":"http:\/\/hubertpietka.bialystok.pl\/?page_id=6902"},"modified":"2023-03-13T10:57:30","modified_gmt":"2023-03-13T10:57:30","slug":"obluda-duchom-zlym-sluzba","status":"publish","type":"page","link":"https:\/\/hubertpietka.bialystok.pl\/?page_id=6902","title":{"rendered":"Ob\u0142uda \/ duchom z\u0142ym s\u0142u\u017cba"},"content":{"rendered":"<p><em><strong>Ob\u0142uda \/ duchom z\u0142ym s\u0142u\u017cba<\/strong><\/em><\/p>\n<p><strong>Dzisiaj podobno \u015bw. *An-so-wina*<\/strong><br \/>\n<strong> (Wszyscy \u015bwi\u0119ci s\u0105 nasi)<\/strong><br \/>\n<strong> *An <em>so<\/em>\u00a0(tak bardzo) winna*<\/strong><br \/>\n<strong> Ciekawe czego dotyczy jej tak wielka wina<\/strong><br \/>\n<strong> A raczej komu i w czym ona tak bardzo przeszkadza<\/strong><\/p>\n<p>Zreszt\u0105 ona chyba nie tylko<br \/>\nMam wra\u017cenie \u017ce panuje jaki\u015b<br \/>\nI chyba nie tylko tu<br \/>\nSwoisty system policyjny totalitarny nawet<br \/>\nSk\u0105d to si\u0119 wzi\u0119\u0142o Panie<\/p>\n<p>A jak kto\u015b my\u015bli<br \/>\n\u017be si\u0119 obroni przed systemem<br \/>\nS\u0142u\u017c\u0105c ob\u0142udzie i wpisuj\u0105c si\u0119 w k\u0142amstwa<br \/>\nTo si\u0119 myli bo ob\u0142uda fa\u0142sz totalizmom s\u0142u\u017c\u0105 najpierw<br \/>\nA potem po\u017ceraj\u0105 dzieci swoje<\/p>\n<p><a href=\"http:\/\/hubertpietka.bialystok.pl\/wp-content\/uploads\/2023\/03\/IMG_20230308_175323485.jpg\"><img loading=\"lazy\" decoding=\"async\" class=\"alignnone size-thumbnail wp-image-6903\" src=\"http:\/\/hubertpietka.bialystok.pl\/wp-content\/uploads\/2023\/03\/IMG_20230308_175323485-150x150.jpg\" alt=\"\" width=\"150\" height=\"150\" srcset=\"https:\/\/hubertpietka.bialystok.pl\/wp-content\/uploads\/2023\/03\/IMG_20230308_175323485-150x150.jpg 150w, https:\/\/hubertpietka.bialystok.pl\/wp-content\/uploads\/2023\/03\/IMG_20230308_175323485-75x75.jpg 75w\" sizes=\"auto, (max-width: 150px) 100vw, 150px\" \/><\/a><\/p>\n<p><em>Na zdj. Naj\u015bwi\u0119tsza Panienka<\/em><br \/>\n<em> W *Knyszy-nie* na wieczornym niebie<\/em><br \/>\n<em> *A kysz (nie)* duchy z\u0142e<\/em><br \/>\n<em> Duchy ob\u0142udy fa\u0142szu k\u0142amstwa<\/em><br \/>\n<em> Id\u017acie precz od nas naszego i naszych<\/em><\/p>\n<p><a href=\"https:\/\/youtu.be\/poUej1jymWc\"><em><strong>Tadeusz Nalepa &#8211; Jeste\u015b w piekle<\/strong><\/em><\/a><\/p>\n<p style=\"text-align: center;\">\/<\/p>\n<p style=\"text-align: right;\"><a href=\"https:\/\/youtu.be\/cfTRL-uh69k\"><em><strong>Houk &#8211; Ja \u017cyj\u0119 w tym mie\u015bcie<\/strong><\/em><\/a><\/p>\n","protected":false},"excerpt":{"rendered":"<p>Ob\u0142uda \/ duchom z\u0142ym s\u0142u\u017cba Dzisiaj podobno \u015bw. *An-so-wina* (Wszyscy \u015bwi\u0119ci s\u0105 nasi) *An so\u00a0(tak bardzo) winna* Ciekawe czego dotyczy jej tak wielka wina A&hellip; <\/p>\n","protected":false},"author":1,"featured_media":0,"parent":0,"menu_order":0,"comment_status":"closed","ping_status":"closed","template":"","meta":{"footnotes":""},"class_list":["post-6902","page","type-page","status-publish","hentry"],"_links":{"self":[{"href":"https:\/\/hubertpietka.bialystok.pl\/index.php?rest_route=\/wp\/v2\/pages\/6902","targetHints":{"allow":["GET"]}}],"collection":[{"href":"https:\/\/hubertpietka.bialystok.pl\/index.php?rest_route=\/wp\/v2\/pages"}],"about":[{"href":"https:\/\/hubertpietka.bialystok.pl\/index.php?rest_route=\/wp\/v2\/types\/page"}],"author":[{"embeddable":true,"href":"https:\/\/hubertpietka.bialystok.pl\/index.php?rest_route=\/wp\/v2\/users\/1"}],"replies":[{"embeddable":true,"href":"https:\/\/hubertpietka.bialystok.pl\/index.php?rest_route=%2Fwp%2Fv2%2Fcomments&post=6902"}],"version-history":[{"count":1,"href":"https:\/\/hubertpietka.bialystok.pl\/index.php?rest_route=\/wp\/v2\/pages\/6902\/revisions"}],"predecessor-version":[{"id":6904,"href":"https:\/\/hubertpietka.bialystok.pl\/index.php?rest_route=\/wp\/v2\/pages\/6902\/revisions\/6904"}],"wp:attachment":[{"href":"https:\/\/hubertpietka.bialystok.pl\/index.php?rest_route=%2Fwp%2Fv2%2Fmedia&parent=6902"}],"curies":[{"name":"wp","href":"https:\/\/api.w.org\/{rel}","templated":true}]}}