{"id":6917,"date":"2023-03-18T19:45:34","date_gmt":"2023-03-18T19:45:34","guid":{"rendered":"http:\/\/hubertpietka.bialystok.pl\/?page_id=6917"},"modified":"2023-03-18T19:45:34","modified_gmt":"2023-03-18T19:45:34","slug":"o-bledna-kit-ownia-ble-kitna-perfidna-parodia","status":"publish","type":"page","link":"https:\/\/hubertpietka.bialystok.pl\/?page_id=6917","title":{"rendered":"*O-b\u0142\u0119dna kit-ownia* \/ *b\u0142\u0119-kitna* perfidna parodia"},"content":{"rendered":"<p><em><strong>*O-b\u0142\u0119dna kit-ownia* \/ *b\u0142\u0119-kitna* perfidna parodia<\/strong><\/em><\/p>\n<p>Co\u015b powiem<br \/>\nMy\u015bl\u0119 \u017ce mog\u0119<br \/>\nBo znam dwie strony<\/p>\n<p>By\u0142em niewierz\u0105cy a teraz \u017cyj\u0119 przez wiar\u0119<br \/>\nI prosz\u0119 wybaczy\u0107<br \/>\nAle niewierz\u0105cym bycie<br \/>\nJest \u017cyciem w piekle swego rodzaju niestety<br \/>\nWiem pami\u0119tam<br \/>\nNawet je\u015bli by si\u0119 mia\u0142o i wszystko<br \/>\nBo cz\u0142owiek jest poddany r\u00f3\u017cnym emocjom i nami\u0119tno\u015bciom<br \/>\nKt\u00f3re tylko wiara porz\u0105dkowa\u0107 mo\u017ce<br \/>\nI w wierze mo\u017cna by\u0107 w r\u00f3\u017cnych uciskach<br \/>\nA jednocze\u015bnie by\u0107 w Panu szcz\u0119\u015bliwym jako\u015b jednak<\/p>\n<p style=\"text-align: right;\"><a href=\"https:\/\/youtu.be\/hI2zrQWBgr8\"><em><strong>D\u017cem &#8211; Detox<\/strong><\/em><\/a><\/p>\n<p>A tak apropo<br \/>\nTo oni nawet je\u015bli misie<br \/>\nTak prze\u015bladowa\u0107 mog\u0105<br \/>\nNa wszelkie mo\u017cliwe sposoby<\/p>\n<p>A gdzie domniemanie niewinno\u015bci<br \/>\nW prawa niby pa\u0144stwie<br \/>\nBo po mnie to niemal ju\u017c chyba standard<br \/>\nA dra\u0144stwo jest dro\u0144stwo<br \/>\nBo jest nieustannym czyhaniem<br \/>\nNa b\u0142\u0105d najmniejszy nieuwag\u0119<br \/>\nDra\u0144stwo jako w\u0142a\u015bciwo\u015b\u0107 dzia\u0142ania przymiot<\/p>\n<p>A poza tym w nas naszych i nasze<br \/>\nByle tylko pretekst<br \/>\nSystem perfidnej parodii ma si\u0119 chyba dobrze<br \/>\nPerfidnej parodii *b\u0142\u0119-kitnej*<br \/>\nBo pr\u00f3buje zwie\u015b\u0107 wciskajac *kity*<\/p>\n<p><em><strong><a href=\"https:\/\/youtu.be\/qMmxU_4mnMY\">D\u017cem &#8211; Alex<\/a>\u00a0<\/strong><\/em><\/p>\n<p style=\"text-align: center;\">\/A jednak&#8230;<\/p>\n<p style=\"text-align: right;\"><em><strong><a href=\"https:\/\/youtu.be\/Ol65Q2SzqWw\">Mog\u0119 wszystko &#8211; LO 27 Kuba Mol\u0119da<\/a><\/strong><\/em><\/p>\n<p><em>A poza tym dzi\u015b chyba \u015bw. *An-ze-lma*<\/em><br \/>\n<em> Tak czy siak<\/em><br \/>\n<em> *An ze mna* ma by\u0107 i zawsze<\/em><br \/>\n<em> Mimo side\u0142 zastawianych r\u00f3\u017cnych<\/em><br \/>\n<em> I na ni\u0105<\/em><br \/>\n<em> Bo nie zdzier\u017c\u0119 o Panie<\/em><br \/>\n<em> I nawet je\u015bli nie wierzysz w Boga<\/em><br \/>\n<em> Co b\u0119dzie je\u015bli B\u00f3g zrobi<\/em><br \/>\n<em> Co Mu si\u0119 mo\u017ce spodoba\u0107<\/em><br \/>\n<em> Gdzie b\u0119dziesz wtedy<\/em><br \/>\n<em> A kto zabroni Bogu<\/em><br \/>\n<em> A je\u015bli On jednak<\/em><\/p>\n<p><a href=\"http:\/\/hubertpietka.bialystok.pl\/wp-content\/uploads\/2023\/03\/IMG_20230310_183901342.jpg\"><img loading=\"lazy\" decoding=\"async\" class=\"alignnone size-thumbnail wp-image-6918\" src=\"http:\/\/hubertpietka.bialystok.pl\/wp-content\/uploads\/2023\/03\/IMG_20230310_183901342-150x150.jpg\" alt=\"\" width=\"150\" height=\"150\" srcset=\"https:\/\/hubertpietka.bialystok.pl\/wp-content\/uploads\/2023\/03\/IMG_20230310_183901342-150x150.jpg 150w, https:\/\/hubertpietka.bialystok.pl\/wp-content\/uploads\/2023\/03\/IMG_20230310_183901342-75x75.jpg 75w\" sizes=\"auto, (max-width: 150px) 100vw, 150px\" \/><\/a><\/p>\n<p><strong>Na zdj. Maryja w pewnym ko\u015bciele mazurskim<\/strong><br \/>\n<strong> Perfidna parodia b\u0142\u0119kitna pewnie dalej<\/strong><br \/>\n<strong> Okryj nas nasze i naszych Maryjo swym p\u0142aszczem<\/strong><br \/>\n<strong> Ave<\/strong><\/p>\n","protected":false},"excerpt":{"rendered":"<p>*O-b\u0142\u0119dna kit-ownia* \/ *b\u0142\u0119-kitna* perfidna parodia Co\u015b powiem My\u015bl\u0119 \u017ce mog\u0119 Bo znam dwie strony By\u0142em niewierz\u0105cy a teraz \u017cyj\u0119 przez wiar\u0119 I prosz\u0119 wybaczy\u0107&hellip; <\/p>\n","protected":false},"author":1,"featured_media":0,"parent":0,"menu_order":0,"comment_status":"closed","ping_status":"closed","template":"","meta":{"footnotes":""},"class_list":["post-6917","page","type-page","status-publish","hentry"],"_links":{"self":[{"href":"https:\/\/hubertpietka.bialystok.pl\/index.php?rest_route=\/wp\/v2\/pages\/6917","targetHints":{"allow":["GET"]}}],"collection":[{"href":"https:\/\/hubertpietka.bialystok.pl\/index.php?rest_route=\/wp\/v2\/pages"}],"about":[{"href":"https:\/\/hubertpietka.bialystok.pl\/index.php?rest_route=\/wp\/v2\/types\/page"}],"author":[{"embeddable":true,"href":"https:\/\/hubertpietka.bialystok.pl\/index.php?rest_route=\/wp\/v2\/users\/1"}],"replies":[{"embeddable":true,"href":"https:\/\/hubertpietka.bialystok.pl\/index.php?rest_route=%2Fwp%2Fv2%2Fcomments&post=6917"}],"version-history":[{"count":1,"href":"https:\/\/hubertpietka.bialystok.pl\/index.php?rest_route=\/wp\/v2\/pages\/6917\/revisions"}],"predecessor-version":[{"id":6919,"href":"https:\/\/hubertpietka.bialystok.pl\/index.php?rest_route=\/wp\/v2\/pages\/6917\/revisions\/6919"}],"wp:attachment":[{"href":"https:\/\/hubertpietka.bialystok.pl\/index.php?rest_route=%2Fwp%2Fv2%2Fmedia&parent=6917"}],"curies":[{"name":"wp","href":"https:\/\/api.w.org\/{rel}","templated":true}]}}