{"id":6921,"date":"2023-03-21T07:53:04","date_gmt":"2023-03-21T07:53:04","guid":{"rendered":"http:\/\/hubertpietka.bialystok.pl\/?page_id=6921"},"modified":"2023-03-21T07:53:31","modified_gmt":"2023-03-21T07:53:31","slug":"6921-2","status":"publish","type":"page","link":"https:\/\/hubertpietka.bialystok.pl\/?page_id=6921","title":{"rendered":"Perfidna parodia b\u0142\u0119kitna totalna \/ w s\u0142u\u017cbie si\u0142om z\u0142a \/\/ niestety tak"},"content":{"rendered":"<p><strong><em>Perfidna parodia b\u0142\u0119kitna totalna \/ <\/em>w s\u0142u\u017cbie si\u0142om z\u0142a \/\/ niestety tak<\/strong><\/p>\n<p><em>Perfidna parodia b\u0142\u0119kitna totalna<\/em><br \/>\nMa si\u0119 nie\u017ale<br \/>\nI coraz szersze kr\u0119gi zatacza<br \/>\nChc\u0105c poch\u0142on\u0105\u0107 nas naszych nasze<\/p>\n<p>Jak nie misie<br \/>\nW jak\u017ce godnej osobie w\u0142asnej<br \/>\nTo mo\u017ce interwencja spo\u0142eczna<br \/>\nA mo\u017ce misiom pomoc s\u0105siad\u00f3w<br \/>\nZ jedynie s\u0142uszn\u0105 wszystkiego wyk\u0142adni\u0105<\/p>\n<p>Przecie\u017c ja jestem tak agresywny<br \/>\nA ju\u017c na pewno szalony<br \/>\nWed\u0142ug sprawdzonej metody komunistycznej<br \/>\nZ takim najlepiej porz\u0105dek<br \/>\nW <em>psychuszce<\/em> zrobi\u0107<\/p>\n<p>A do tego mo\u017cna d\u0105\u017cy\u0107<br \/>\nWszelkimi mo\u017cliwymi sposobami<br \/>\nKt\u00f3\u017c zabroni w\u0142adzy<\/p>\n<p>Tendencyjne niesprawiedliwe s\u0105dy<br \/>\nD\u0105\u017c\u0105ce do jedynie s\u0142usznych wyrok\u00f3w<br \/>\nPodstawieni \u015bwiadkowie i preparowane dowody<br \/>\nByleby tylko sw\u00f3j cel osi\u0105gn\u0105\u0107<\/p>\n<p><em>Perfidna parodia b\u0142\u0119kitna totalna<\/em><br \/>\nChc\u0105ca zagarn\u0105\u0107 wszystkie sfery \u017cycia<br \/>\nBy spe\u0142ni\u0107 swe d\u0105\u017cenia ob\u0142\u0119dnie<\/p>\n<p><em>Wczoraj wspominany \u015bw. *J\u00f3-zef*<\/em><br \/>\n<em> Jaki bedzie *Your zef*<\/em><br \/>\n<em> Jaka b\u0119dzie odpowied\u017a moja<\/em><br \/>\n<em> Kiedy tu wszystko prawdzie<\/em><br \/>\n<em> I rozs\u0105dkowi zdrowemu ur\u0105ga<\/em><br \/>\n<em> Bo ma spe\u0142nia\u0107 po\u017c\u0105dania w\u0142adzy<\/em><br \/>\n<em> A jaka odpowied\u017a by\u0107 mo\u017ce<\/em><br \/>\n<em> Kiedy na wszelkie mo\u017cliwe sposoby<\/em><br \/>\n<em> Chc\u0105 nas zniszczy\u0107<\/em><br \/>\n<em> Nas naszych i nasze<\/em><br \/>\n<em> Od mojej \u017cony pocz\u0105wszy<\/em><br \/>\n<em> Tak\u0105 czy inn\u0105 metod\u0105<\/em><br \/>\n<em> Jaka odpowied\u017a by\u0107 mo\u017ce<\/em><br \/>\n<em> Nie \u0142ud\u017acie si\u0119 B\u00f3g odpowie<\/em><\/p>\n<p><a href=\"http:\/\/hubertpietka.bialystok.pl\/wp-content\/uploads\/2023\/03\/IMG_20230319_165249901.jpg\"><img loading=\"lazy\" decoding=\"async\" class=\"alignnone size-thumbnail wp-image-6922\" src=\"http:\/\/hubertpietka.bialystok.pl\/wp-content\/uploads\/2023\/03\/IMG_20230319_165249901-150x150.jpg\" alt=\"\" width=\"150\" height=\"150\" srcset=\"https:\/\/hubertpietka.bialystok.pl\/wp-content\/uploads\/2023\/03\/IMG_20230319_165249901-150x150.jpg 150w, https:\/\/hubertpietka.bialystok.pl\/wp-content\/uploads\/2023\/03\/IMG_20230319_165249901-75x75.jpg 75w\" sizes=\"auto, (max-width: 150px) 100vw, 150px\" \/><\/a><\/p>\n<p><strong>Na zdj. Przy ko\u015bciele Wszystkich \u015awi\u0119tych<\/strong><br \/>\n<strong> \u015aw. Hubert i jelonek<\/strong><br \/>\n<strong> Moja \u017cona jelonka<\/strong><br \/>\n<strong> I je\u015bli nawet cokolwieczuniek<\/strong><\/p>\n<p><strong>Szatan jest zamachowcem<\/strong><br \/>\n<strong> Na \u015bwi\u0119to\u015b\u0107 ka\u017cd\u0105 on jej wprost nienawidzi<\/strong><br \/>\n<strong> A ka\u017cdy kto wed\u0142ug i tego post\u0119puje<\/strong><br \/>\n<strong> Staje si\u0119 niestety jego s\u0142ug\u0105<\/strong><br \/>\n<strong> Czy wie o tym czy te\u017c nie<\/strong><\/p>\n<p><strong>Maryjo pom\u00f3\u017c przezwyci\u0119\u017cy\u0107<\/strong><br \/>\n<strong> Wszelkie napa\u015bci prowieniencji diabelskiej<\/strong><br \/>\n<strong> Skierowane w nas naszych nasze<\/strong><br \/>\n<em><strong> Okryj nas swym p\u0142aszczem<\/strong><\/em><\/p>\n","protected":false},"excerpt":{"rendered":"<p>Perfidna parodia b\u0142\u0119kitna totalna \/ w s\u0142u\u017cbie si\u0142om z\u0142a \/\/ niestety tak Perfidna parodia b\u0142\u0119kitna totalna Ma si\u0119 nie\u017ale I coraz szersze kr\u0119gi zatacza Chc\u0105c&hellip; <\/p>\n","protected":false},"author":1,"featured_media":0,"parent":0,"menu_order":0,"comment_status":"closed","ping_status":"closed","template":"","meta":{"footnotes":""},"class_list":["post-6921","page","type-page","status-publish","hentry"],"_links":{"self":[{"href":"https:\/\/hubertpietka.bialystok.pl\/index.php?rest_route=\/wp\/v2\/pages\/6921","targetHints":{"allow":["GET"]}}],"collection":[{"href":"https:\/\/hubertpietka.bialystok.pl\/index.php?rest_route=\/wp\/v2\/pages"}],"about":[{"href":"https:\/\/hubertpietka.bialystok.pl\/index.php?rest_route=\/wp\/v2\/types\/page"}],"author":[{"embeddable":true,"href":"https:\/\/hubertpietka.bialystok.pl\/index.php?rest_route=\/wp\/v2\/users\/1"}],"replies":[{"embeddable":true,"href":"https:\/\/hubertpietka.bialystok.pl\/index.php?rest_route=%2Fwp%2Fv2%2Fcomments&post=6921"}],"version-history":[{"count":2,"href":"https:\/\/hubertpietka.bialystok.pl\/index.php?rest_route=\/wp\/v2\/pages\/6921\/revisions"}],"predecessor-version":[{"id":6924,"href":"https:\/\/hubertpietka.bialystok.pl\/index.php?rest_route=\/wp\/v2\/pages\/6921\/revisions\/6924"}],"wp:attachment":[{"href":"https:\/\/hubertpietka.bialystok.pl\/index.php?rest_route=%2Fwp%2Fv2%2Fmedia&parent=6921"}],"curies":[{"name":"wp","href":"https:\/\/api.w.org\/{rel}","templated":true}]}}