{"id":6934,"date":"2023-03-23T07:58:41","date_gmt":"2023-03-23T07:58:41","guid":{"rendered":"http:\/\/hubertpietka.bialystok.pl\/?page_id=6934"},"modified":"2023-03-23T07:58:41","modified_gmt":"2023-03-23T07:58:41","slug":"niestety-z-nienawisci-do-wiary-tak-z-nami","status":"publish","type":"page","link":"https:\/\/hubertpietka.bialystok.pl\/?page_id=6934","title":{"rendered":"Niestety z nienawi\u015bci do wiary \/ tak z nami"},"content":{"rendered":"<p><em><strong>Niestety z nienawi\u015bci do wiary \/ tak z nami<\/strong><\/em><\/p>\n<p>Jezus powiedzia\u0142 do chrze\u015bcijan<br \/>\n<em>B\u0105d\u017acie sol\u0105 ziemi<\/em><br \/>\nA dla niekt\u00f3rych uczniowie Jezusa<br \/>\n<em>S\u0105 sol\u0105 w oku<\/em><br \/>\nKtor\u0105 trzeba wyrzuci\u0107<\/p>\n<p>Czy\u017c nie tak w\u0142a\u015bnie<br \/>\nZ nienawi\u015bci do wiary<\/p>\n<p>A co oni chc\u0105 zrobi\u0107 z moj\u0105 \u017con\u0105 niby<br \/>\nA potem ze mn\u0105 bo b\u0119dzie im wtedy du\u017co \u0142atwiej<br \/>\nOna jest im przeszkod\u0105 kt\u00f3r\u0105 trzeba usun\u0105\u0107<br \/>\nCzy\u017c nie po raz kolejny to zrobi\u0107 pr\u00f3buj\u0105<br \/>\nI jak to robi\u0105<br \/>\nPrzeciagaj\u0105 procesy zmieniaj\u0105 terminy<br \/>\nByleby tylko osi\u0105gn\u0105\u0107 sw\u00f3j cel<br \/>\nNiestety nienawistnym go trzeba nazwa\u0107<br \/>\nBo czy\u017c sprawiedliwo\u015b\u0107 bez mi\u0142osierdzia<br \/>\nJest mi\u0142o\u015bci\u0105<br \/>\nA potem to i ze mn\u0105 i tak dalej<br \/>\nP\u00f3jdzie ju\u017c du\u017co latwiej<\/p>\n<p><a href=\"http:\/\/hubertpietka.bialystok.pl\/wp-content\/uploads\/2023\/03\/IMG_20230322_183750491.jpg\"><img loading=\"lazy\" decoding=\"async\" class=\"alignnone size-thumbnail wp-image-6935\" src=\"http:\/\/hubertpietka.bialystok.pl\/wp-content\/uploads\/2023\/03\/IMG_20230322_183750491-150x150.jpg\" alt=\"\" width=\"150\" height=\"150\" srcset=\"https:\/\/hubertpietka.bialystok.pl\/wp-content\/uploads\/2023\/03\/IMG_20230322_183750491-150x150.jpg 150w, https:\/\/hubertpietka.bialystok.pl\/wp-content\/uploads\/2023\/03\/IMG_20230322_183750491-75x75.jpg 75w\" sizes=\"auto, (max-width: 150px) 100vw, 150px\" \/><\/a><\/p>\n<p><strong>Na zdj. W ko\u015bciele Matki R\u00f3\u017ca\u0144cowej bia\u0142ostockim<\/strong><br \/>\n<strong> \u015aw. Faustyna i b\u0142. Micha\u0142<\/strong><br \/>\n<strong> W promieniach Mi\u0142osiernego Jezusa<\/strong><br \/>\n<strong> Oka\u017c nad nami naszymi naszym<\/strong><br \/>\n<strong> Mi\u0142osierdzie Swe Panie<\/strong><br \/>\n<strong> Wbrew tendencjom tym nienawistnym<\/strong><br \/>\n<strong> Jednak najpierw ze wzgl\u0119du na nasz\u0105 wiar\u0119<\/strong><\/p>\n","protected":false},"excerpt":{"rendered":"<p>Niestety z nienawi\u015bci do wiary \/ tak z nami Jezus powiedzia\u0142 do chrze\u015bcijan B\u0105d\u017acie sol\u0105 ziemi A dla niekt\u00f3rych uczniowie Jezusa S\u0105 sol\u0105 w oku&hellip; <\/p>\n","protected":false},"author":1,"featured_media":0,"parent":0,"menu_order":0,"comment_status":"closed","ping_status":"closed","template":"","meta":{"footnotes":""},"class_list":["post-6934","page","type-page","status-publish","hentry"],"_links":{"self":[{"href":"https:\/\/hubertpietka.bialystok.pl\/index.php?rest_route=\/wp\/v2\/pages\/6934","targetHints":{"allow":["GET"]}}],"collection":[{"href":"https:\/\/hubertpietka.bialystok.pl\/index.php?rest_route=\/wp\/v2\/pages"}],"about":[{"href":"https:\/\/hubertpietka.bialystok.pl\/index.php?rest_route=\/wp\/v2\/types\/page"}],"author":[{"embeddable":true,"href":"https:\/\/hubertpietka.bialystok.pl\/index.php?rest_route=\/wp\/v2\/users\/1"}],"replies":[{"embeddable":true,"href":"https:\/\/hubertpietka.bialystok.pl\/index.php?rest_route=%2Fwp%2Fv2%2Fcomments&post=6934"}],"version-history":[{"count":1,"href":"https:\/\/hubertpietka.bialystok.pl\/index.php?rest_route=\/wp\/v2\/pages\/6934\/revisions"}],"predecessor-version":[{"id":6936,"href":"https:\/\/hubertpietka.bialystok.pl\/index.php?rest_route=\/wp\/v2\/pages\/6934\/revisions\/6936"}],"wp:attachment":[{"href":"https:\/\/hubertpietka.bialystok.pl\/index.php?rest_route=%2Fwp%2Fv2%2Fmedia&parent=6934"}],"curies":[{"name":"wp","href":"https:\/\/api.w.org\/{rel}","templated":true}]}}