{"id":6939,"date":"2023-03-26T10:30:09","date_gmt":"2023-03-26T10:30:09","guid":{"rendered":"http:\/\/hubertpietka.bialystok.pl\/?page_id=6939"},"modified":"2023-03-27T16:53:06","modified_gmt":"2023-03-27T16:53:06","slug":"in-odium-fidei-nienawiscia-do-wiary-odurzeni","status":"publish","type":"page","link":"https:\/\/hubertpietka.bialystok.pl\/?page_id=6939","title":{"rendered":"In odium fidei \/ nienawi\u015bci\u0105 do wiary odurzeni"},"content":{"rendered":"<p><strong><em>In odium fidei<\/em> \/ <em>nienawi\u015bci\u0105 do wiary odurzeni<\/em><\/strong><\/p>\n<p>Jak trzeba by\u0107 <em>odurzonym nienawi\u015bci\u0105<\/em><br \/>\nBy wydawa\u0107 na \u015bmier\u0107 niewinnych<br \/>\nPod jakim b\u0105d\u017a pozorem<br \/>\nNajcz\u0119\u015bciej mniej lub bardziej urojonym<br \/>\nZ nienawi\u015bci do wiary<\/p>\n<p>Czy\u017c nie to w\u0142a\u015bnie<br \/>\nMa moj\u0105 \u017con\u0119 spotka\u0107<br \/>\nI tylu innych ju\u017c<br \/>\nTak naprawd\u0119 z nienawi\u015bcio do wiary i wierz\u0105cych<br \/>\nW po\u015brednim czy bezpo\u015brednim sensie<\/p>\n<p><a href=\"https:\/\/youtu.be\/8mFG41PPj9Q\"><em><strong>Metallica &#8211; The unfirgiven (I II III)<\/strong><\/em><\/a><\/p>\n<p style=\"text-align: center;\"><a href=\"https:\/\/youtu.be\/dkNfNR1WYMY\"><em><strong>Metallica &#8211; The day that never comes<\/strong><\/em><\/a><\/p>\n<p style=\"text-align: right;\"><a href=\"https:\/\/youtu.be\/eRV9uPr4Dz4\"><em><strong>Metallica &#8211; Until it sleeps<\/strong><\/em><\/a><\/p>\n<p><a href=\"http:\/\/hubertpietka.bialystok.pl\/wp-content\/uploads\/2023\/03\/IMG_20230315_005025723.jpg\"><img loading=\"lazy\" decoding=\"async\" class=\"alignnone size-thumbnail wp-image-6940\" src=\"http:\/\/hubertpietka.bialystok.pl\/wp-content\/uploads\/2023\/03\/IMG_20230315_005025723-150x150.jpg\" alt=\"\" width=\"150\" height=\"150\" srcset=\"https:\/\/hubertpietka.bialystok.pl\/wp-content\/uploads\/2023\/03\/IMG_20230315_005025723-150x150.jpg 150w, https:\/\/hubertpietka.bialystok.pl\/wp-content\/uploads\/2023\/03\/IMG_20230315_005025723-75x75.jpg 75w\" sizes=\"auto, (max-width: 150px) 100vw, 150px\" \/><\/a><\/p>\n<p><strong>Na zdj. Tak cukierki<\/strong><br \/>\n<strong> Bo rado\u015b\u0107 najlepiej prze\u017cywa\u0107 w relacji w parze<\/strong><br \/>\n<strong> Tak\u017ce r\u00f3\u017cne smutki znosi\u0107 \u0142atwiej<\/strong><br \/>\n<strong> Nie zabierajcie nam naszej relacji<\/strong><br \/>\n<strong> Ze wzgl\u0119du na czyj\u0105\u015b nienawi\u015b\u0107<\/strong><br \/>\n<strong> Jak i zreszt\u0105 innych<\/strong><br \/>\n<strong> Bo my chcemy po prostu zwyczajnie \u017cy\u0107<\/strong><\/p>\n","protected":false},"excerpt":{"rendered":"<p>In odium fidei \/ nienawi\u015bci\u0105 do wiary odurzeni Jak trzeba by\u0107 odurzonym nienawi\u015bci\u0105 By wydawa\u0107 na \u015bmier\u0107 niewinnych Pod jakim b\u0105d\u017a pozorem Najcz\u0119\u015bciej mniej lub&hellip; <\/p>\n","protected":false},"author":1,"featured_media":0,"parent":0,"menu_order":0,"comment_status":"closed","ping_status":"closed","template":"","meta":{"footnotes":""},"class_list":["post-6939","page","type-page","status-publish","hentry"],"_links":{"self":[{"href":"https:\/\/hubertpietka.bialystok.pl\/index.php?rest_route=\/wp\/v2\/pages\/6939","targetHints":{"allow":["GET"]}}],"collection":[{"href":"https:\/\/hubertpietka.bialystok.pl\/index.php?rest_route=\/wp\/v2\/pages"}],"about":[{"href":"https:\/\/hubertpietka.bialystok.pl\/index.php?rest_route=\/wp\/v2\/types\/page"}],"author":[{"embeddable":true,"href":"https:\/\/hubertpietka.bialystok.pl\/index.php?rest_route=\/wp\/v2\/users\/1"}],"replies":[{"embeddable":true,"href":"https:\/\/hubertpietka.bialystok.pl\/index.php?rest_route=%2Fwp%2Fv2%2Fcomments&post=6939"}],"version-history":[{"count":5,"href":"https:\/\/hubertpietka.bialystok.pl\/index.php?rest_route=\/wp\/v2\/pages\/6939\/revisions"}],"predecessor-version":[{"id":6957,"href":"https:\/\/hubertpietka.bialystok.pl\/index.php?rest_route=\/wp\/v2\/pages\/6939\/revisions\/6957"}],"wp:attachment":[{"href":"https:\/\/hubertpietka.bialystok.pl\/index.php?rest_route=%2Fwp%2Fv2%2Fmedia&parent=6939"}],"curies":[{"name":"wp","href":"https:\/\/api.w.org\/{rel}","templated":true}]}}