{"id":6959,"date":"2023-03-28T10:44:06","date_gmt":"2023-03-28T10:44:06","guid":{"rendered":"http:\/\/hubertpietka.bialystok.pl\/?page_id=6959"},"modified":"2023-04-03T12:34:20","modified_gmt":"2023-04-03T12:34:20","slug":"za-wiare-wiernosc-meczenstwo","status":"publish","type":"page","link":"https:\/\/hubertpietka.bialystok.pl\/?page_id=6959","title":{"rendered":"Za wiar\u0119 \/\/ wierno\u015b\u0107 \/\/\/ m\u0119cze\u0144stwo?"},"content":{"rendered":"<p><em><strong>Za wiar\u0119 \/\/ wierno\u015b\u0107 \/\/\/ m\u0119cze\u0144stwo?<\/strong><\/em><\/p>\n<p>Jaki mo\u017cna da\u0107 komu\u015b<br \/>\nNa urodziny prezent<br \/>\nA tak \u015bmier\u0107<br \/>\nTo obna\u017ca ca\u0142kowicie ich intencje<br \/>\nTo troch\u0119 tak jak aborcja<br \/>\nPo urodzeniu dziecka<br \/>\nSiewcy cywilizacji \u015bmierci niestety<\/p>\n<p>I nawet je\u015bli j\u0105 zabijecie<br \/>\nW ko\u0144cu mordercy<br \/>\nBo tak trzeba to nazwa\u0107<br \/>\nMordercy zabijaj\u0105<br \/>\nNie wa\u017cne tak czy siak<br \/>\nTo krew m\u0119czennik\u00f3w Boga<br \/>\nJu\u017c g\u0142o\u015bno do niego wo\u0142a<br \/>\nI B\u00f3g w ko\u0144cu odpowie<\/p>\n<p style=\"text-align: center;\"><a href=\"https:\/\/youtu.be\/8MuhFxaT7zo\"><em><strong>The Cranberries &#8211; Zombie 1999 live<\/strong><\/em><\/a><\/p>\n<p><a href=\"http:\/\/hubertpietka.bialystok.pl\/wp-content\/uploads\/2023\/03\/IMG_20230325_185308043_HDR.jpg\"><img loading=\"lazy\" decoding=\"async\" class=\"alignnone size-thumbnail wp-image-6960\" src=\"http:\/\/hubertpietka.bialystok.pl\/wp-content\/uploads\/2023\/03\/IMG_20230325_185308043_HDR-150x150.jpg\" alt=\"\" width=\"150\" height=\"150\" srcset=\"https:\/\/hubertpietka.bialystok.pl\/wp-content\/uploads\/2023\/03\/IMG_20230325_185308043_HDR-150x150.jpg 150w, https:\/\/hubertpietka.bialystok.pl\/wp-content\/uploads\/2023\/03\/IMG_20230325_185308043_HDR-75x75.jpg 75w\" sizes=\"auto, (max-width: 150px) 100vw, 150px\" \/><\/a><\/p>\n<p><em>Na zdj. \u015aw. Maksymilian m\u0119czennik faszyzmu<\/em><br \/>\n<em> B\u0142. Jerzy m\u0119czennik rodzimego komunizmu<\/em><br \/>\n<em> Z proweniencji obcej<\/em><br \/>\n<em> I wreszcie b\u0142. Micha\u0142<\/em><br \/>\n<em> Niezrozumiany nawet przez rodzimy Ko\u015bci\u00f3\u0142<\/em><br \/>\n<em> W imi\u0119 poprawno\u015bci politycznej<\/em><br \/>\n<em> Cz\u0142owiek przeciwko ideologii systemowi<\/em><br \/>\n<em> B\u00f3g w ko\u0144cu odpowie totalizmom<\/em><br \/>\n<em> I \u017ceby\u015bcie si\u0119 jednak troch\u0119 nie zdziwili<\/em><\/p>\n<p style=\"text-align: center;\"><em><strong><a href=\"https:\/\/youtu.be\/E9G92mVo9U0\">Luxtorpeda &#8211; Za wolno\u015b\u0107<\/a><br \/>\n<\/strong><\/em><\/p>\n","protected":false},"excerpt":{"rendered":"<p>Za wiar\u0119 \/\/ wierno\u015b\u0107 \/\/\/ m\u0119cze\u0144stwo? Jaki mo\u017cna da\u0107 komu\u015b Na urodziny prezent A tak \u015bmier\u0107 To obna\u017ca ca\u0142kowicie ich intencje To troch\u0119 tak jak&hellip; <\/p>\n","protected":false},"author":1,"featured_media":0,"parent":0,"menu_order":0,"comment_status":"closed","ping_status":"closed","template":"","meta":{"footnotes":""},"class_list":["post-6959","page","type-page","status-publish","hentry"],"_links":{"self":[{"href":"https:\/\/hubertpietka.bialystok.pl\/index.php?rest_route=\/wp\/v2\/pages\/6959","targetHints":{"allow":["GET"]}}],"collection":[{"href":"https:\/\/hubertpietka.bialystok.pl\/index.php?rest_route=\/wp\/v2\/pages"}],"about":[{"href":"https:\/\/hubertpietka.bialystok.pl\/index.php?rest_route=\/wp\/v2\/types\/page"}],"author":[{"embeddable":true,"href":"https:\/\/hubertpietka.bialystok.pl\/index.php?rest_route=\/wp\/v2\/users\/1"}],"replies":[{"embeddable":true,"href":"https:\/\/hubertpietka.bialystok.pl\/index.php?rest_route=%2Fwp%2Fv2%2Fcomments&post=6959"}],"version-history":[{"count":4,"href":"https:\/\/hubertpietka.bialystok.pl\/index.php?rest_route=\/wp\/v2\/pages\/6959\/revisions"}],"predecessor-version":[{"id":6987,"href":"https:\/\/hubertpietka.bialystok.pl\/index.php?rest_route=\/wp\/v2\/pages\/6959\/revisions\/6987"}],"wp:attachment":[{"href":"https:\/\/hubertpietka.bialystok.pl\/index.php?rest_route=%2Fwp%2Fv2%2Fmedia&parent=6959"}],"curies":[{"name":"wp","href":"https:\/\/api.w.org\/{rel}","templated":true}]}}