{"id":6970,"date":"2023-03-31T11:32:07","date_gmt":"2023-03-31T11:32:07","guid":{"rendered":"http:\/\/hubertpietka.bialystok.pl\/?page_id=6970"},"modified":"2023-04-03T12:37:08","modified_gmt":"2023-04-03T12:37:08","slug":"pieklo-swiata-bez-milosci","status":"publish","type":"page","link":"https:\/\/hubertpietka.bialystok.pl\/?page_id=6970","title":{"rendered":"Piek\u0142o \/ \u015bwiata bez mi\u0142o\u015bci"},"content":{"rendered":"<p><em><strong>Piek\u0142o \/ \u015bwiata bez mi\u0142o\u015bci<\/strong><\/em><\/p>\n<p>Niedobry to \u015bwiat<br \/>\nKt\u00f3ry chce zniszczy\u0107 mi\u0142o\u015b\u0107<br \/>\nMi\u0119dzy dwojgiem prostych<br \/>\nZa wszelk\u0105 cen\u0119<br \/>\nKt\u00f3ry chce zniszczy\u0107 ma\u0142ych<br \/>\nTylko dlatego \u017ce nie id\u0105 z pr\u0105dem<br \/>\nNiedobry to \u015bwiat<\/p>\n<p>Chcesz \u017cy\u0107 w takim \u015bwiecie<br \/>\nA jakby to uderzano w twoich w ciebie w twoje<br \/>\nTylko za to \u017ce chcesz \u017cy\u0107 wed\u0142ug wiary<br \/>\nI w zgodzie z mi\u0142o\u015bci\u0105<br \/>\nChcesz \u017cy\u0107 w takim \u015bwiecie<br \/>\nTaki \u015bwiat powoli niestety<br \/>\nStaje si\u0119 piek\u0142em<\/p>\n<p><em>Taki to \u015bwiat niedobry \u015bwiat<\/em><br \/>\n<em>Czemu\u017c innego nie ma \u015bwiata<\/em><\/p>\n<p style=\"text-align: center;\"><em><strong><a href=\"https:\/\/youtu.be\/n58qjQm2tr4\">Houk &#8211; Woman<\/a><br \/>\n<\/strong><\/em><\/p>\n<p>Na zdj. Nie nie b\u0119dzie zdj\u0119cia<br \/>\nJak bywa\u0142o zwykle<br \/>\nBo wszystkie zosta\u0142y usuni\u0119te<br \/>\nNie bynajmniej nie przeze mnie<br \/>\n<em>Chcesz zdj\u0119cie sam je sobie wymy\u015bl mo\u017ce<\/em><br \/>\nW zgodzie z intencj\u0105 klasyczn\u0105<br \/>\nMo\u017ce by\u0107 te\u017c <em>bia\u0142a kartka<\/em><br \/>\nKt\u00f3r\u0105 oni przecie\u017c<br \/>\nNa wszelkie mo\u017cliwe sposoby<br \/>\nChc\u0105 zabazgra\u0107 wszelkimi nieczysto\u015bciami<\/p>\n<p>Przyjd\u017a a oni nie<br \/>\nI je\u015bli cokolwieczuniek<br \/>\nMojej \u017conie jak s\u0105dz\u0105 gdziekolwiek<br \/>\nZ nami naszymi i naszym<br \/>\nW czasie ka\u017cdym<\/p>\n","protected":false},"excerpt":{"rendered":"<p>Piek\u0142o \/ \u015bwiata bez mi\u0142o\u015bci Niedobry to \u015bwiat Kt\u00f3ry chce zniszczy\u0107 mi\u0142o\u015b\u0107 Mi\u0119dzy dwojgiem prostych Za wszelk\u0105 cen\u0119 Kt\u00f3ry chce zniszczy\u0107 ma\u0142ych Tylko dlatego \u017ce&hellip; <\/p>\n","protected":false},"author":1,"featured_media":0,"parent":0,"menu_order":0,"comment_status":"closed","ping_status":"closed","template":"","meta":{"footnotes":""},"class_list":["post-6970","page","type-page","status-publish","hentry"],"_links":{"self":[{"href":"https:\/\/hubertpietka.bialystok.pl\/index.php?rest_route=\/wp\/v2\/pages\/6970","targetHints":{"allow":["GET"]}}],"collection":[{"href":"https:\/\/hubertpietka.bialystok.pl\/index.php?rest_route=\/wp\/v2\/pages"}],"about":[{"href":"https:\/\/hubertpietka.bialystok.pl\/index.php?rest_route=\/wp\/v2\/types\/page"}],"author":[{"embeddable":true,"href":"https:\/\/hubertpietka.bialystok.pl\/index.php?rest_route=\/wp\/v2\/users\/1"}],"replies":[{"embeddable":true,"href":"https:\/\/hubertpietka.bialystok.pl\/index.php?rest_route=%2Fwp%2Fv2%2Fcomments&post=6970"}],"version-history":[{"count":3,"href":"https:\/\/hubertpietka.bialystok.pl\/index.php?rest_route=\/wp\/v2\/pages\/6970\/revisions"}],"predecessor-version":[{"id":6989,"href":"https:\/\/hubertpietka.bialystok.pl\/index.php?rest_route=\/wp\/v2\/pages\/6970\/revisions\/6989"}],"wp:attachment":[{"href":"https:\/\/hubertpietka.bialystok.pl\/index.php?rest_route=%2Fwp%2Fv2%2Fmedia&parent=6970"}],"curies":[{"name":"wp","href":"https:\/\/api.w.org\/{rel}","templated":true}]}}