{"id":6973,"date":"2023-04-01T22:57:58","date_gmt":"2023-04-01T22:57:58","guid":{"rendered":"http:\/\/hubertpietka.bialystok.pl\/?page_id=6973"},"modified":"2023-04-01T22:59:01","modified_gmt":"2023-04-01T22:59:01","slug":"lepsi-i-lepsiejsi-ich-prawa-ponad-smieciami","status":"publish","type":"page","link":"https:\/\/hubertpietka.bialystok.pl\/?page_id=6973","title":{"rendered":"Lepsi i lepsiejsi \/ r\u00f3wni misiaczkom \/\/ ich prawa ponad \u015bmieciami"},"content":{"rendered":"<p><em><strong>Lepsi i lepsiejsi \/ r\u00f3wni misiaczkom \/\/ ich prawa ponad \u015bmieciami<\/strong><\/em><\/p>\n<p>Czy ja chc\u0119 zabra\u0107 co\u015b komu\u015b komukolwiek<br \/>\nCzy ja chc\u0119 kogo\u015b <em>nawraca\u0107 na si\u0142\u0119<\/em><br \/>\nChcecie to \u017cyjcie i umierajcie w waszych grzechach<br \/>\nA przepraszam w \u017c\u0105dzach czy jak kto\u015b chce przyjemno\u015bciach<br \/>\nJa chc\u0119 tylko dobra wi\u0119cej po prostu<br \/>\nAle nie na si\u0142\u0119<br \/>\n<em>\u017byj i pozw\u00f3l \u017cy\u0107<\/em><\/p>\n<p>A tymczasem niekt\u00f3rym si\u0119 wydaje<br \/>\n\u017be mog\u0105 by\u0107 \u015bmierci i \u017cycia panami<br \/>\n\u017be jak B\u00f3g mog\u0105 decydowa\u0107<br \/>\nKto ma a kto nie ma \u017cy\u0107<br \/>\nBo wed\u0142ug nich tych lepszych <em>on jest \u015bmie\u0107<\/em><\/p>\n<p><em>Czy\u017c nie tak \u015bw *Hu-gona* jest dzi\u015b<\/em><br \/>\n<em> *Hu hu go\u0144 go* dopadnij<\/em><br \/>\n<em> Tak czy siak i ju\u017c po nim<\/em><br \/>\n<em> Mo\u017ce dosi\u0119gnie go zatruta strza\u0142a<\/em><br \/>\n<em> A mo\u017ce dostaniemy go w swe r\u0119ce<\/em><br \/>\n<em> Zawsze si\u0119 znajdzie kto\u015b przecie\u017c<\/em><br \/>\n<em> Kto b\u0119dzie chcia\u0142 zarobi\u0107 na czyim\u015b nieszcz\u0119\u015bciu<\/em><\/p>\n<p>Ale na tym nie koniec<br \/>\nI w ni\u0105 ichnich ichnie<br \/>\n\u015aw. Weroniki kt\u00f3ra twarz Jezusa otar\u0142a chust\u0105<br \/>\nNie chcieli tak jak oni zabi\u0107 faryzeusze<br \/>\nAni Szymona Cyrenejczyka<br \/>\nKt\u00f3ry pomaga\u0142 Jezusowi krzy\u017c d\u017awiga\u0107<br \/>\nA co oni chc\u0105 czyni\u0107 i czyni\u0105<\/p>\n<p><a href=\"http:\/\/hubertpietka.bialystok.pl\/wp-content\/uploads\/2023\/04\/IMG_20230331_170534998.jpg\"><img loading=\"lazy\" decoding=\"async\" class=\"alignnone size-thumbnail wp-image-6974\" src=\"http:\/\/hubertpietka.bialystok.pl\/wp-content\/uploads\/2023\/04\/IMG_20230331_170534998-150x150.jpg\" alt=\"\" width=\"150\" height=\"150\" srcset=\"https:\/\/hubertpietka.bialystok.pl\/wp-content\/uploads\/2023\/04\/IMG_20230331_170534998-150x150.jpg 150w, https:\/\/hubertpietka.bialystok.pl\/wp-content\/uploads\/2023\/04\/IMG_20230331_170534998-75x75.jpg 75w\" sizes=\"auto, (max-width: 150px) 100vw, 150px\" \/><\/a><\/p>\n<p><strong>Na zdj. B\u0142. Karolina kt\u00f3rej nie wida\u0107<\/strong><br \/>\n<strong> Na obrazie w ko\u015bciele sok\u00f3lskim<\/strong><br \/>\n<strong> I podpis <em>Bia\u0142a Armia<\/em><\/strong><br \/>\n<strong> Ci\u0105g dalszy z serii pt. znikaj\u0105ce obrazy<\/strong><br \/>\n<strong> Wszystko mo\u017cna zamaza\u0107 ka\u017cde dobro<\/strong><br \/>\n<strong> C\u00f3\u017c tam dla nich<\/strong><br \/>\n<strong> A ja tylko szukam sprzymierze\u0144c\u00f3w<\/strong><br \/>\n<strong> W prawdziwym pi\u0119knie dobra<\/strong><\/p>\n","protected":false},"excerpt":{"rendered":"<p>Lepsi i lepsiejsi \/ r\u00f3wni misiaczkom \/\/ ich prawa ponad \u015bmieciami Czy ja chc\u0119 zabra\u0107 co\u015b komu\u015b komukolwiek Czy ja chc\u0119 kogo\u015b nawraca\u0107 na si\u0142\u0119&hellip; <\/p>\n","protected":false},"author":1,"featured_media":0,"parent":0,"menu_order":0,"comment_status":"closed","ping_status":"closed","template":"","meta":{"footnotes":""},"class_list":["post-6973","page","type-page","status-publish","hentry"],"_links":{"self":[{"href":"https:\/\/hubertpietka.bialystok.pl\/index.php?rest_route=\/wp\/v2\/pages\/6973","targetHints":{"allow":["GET"]}}],"collection":[{"href":"https:\/\/hubertpietka.bialystok.pl\/index.php?rest_route=\/wp\/v2\/pages"}],"about":[{"href":"https:\/\/hubertpietka.bialystok.pl\/index.php?rest_route=\/wp\/v2\/types\/page"}],"author":[{"embeddable":true,"href":"https:\/\/hubertpietka.bialystok.pl\/index.php?rest_route=\/wp\/v2\/users\/1"}],"replies":[{"embeddable":true,"href":"https:\/\/hubertpietka.bialystok.pl\/index.php?rest_route=%2Fwp%2Fv2%2Fcomments&post=6973"}],"version-history":[{"count":2,"href":"https:\/\/hubertpietka.bialystok.pl\/index.php?rest_route=\/wp\/v2\/pages\/6973\/revisions"}],"predecessor-version":[{"id":6976,"href":"https:\/\/hubertpietka.bialystok.pl\/index.php?rest_route=\/wp\/v2\/pages\/6973\/revisions\/6976"}],"wp:attachment":[{"href":"https:\/\/hubertpietka.bialystok.pl\/index.php?rest_route=%2Fwp%2Fv2%2Fmedia&parent=6973"}],"curies":[{"name":"wp","href":"https:\/\/api.w.org\/{rel}","templated":true}]}}