{"id":6978,"date":"2023-04-02T20:12:10","date_gmt":"2023-04-02T20:12:10","guid":{"rendered":"http:\/\/hubertpietka.bialystok.pl\/?page_id=6978"},"modified":"2023-04-03T12:39:08","modified_gmt":"2023-04-03T12:39:08","slug":"miau-miau-how-auu","status":"publish","type":"page","link":"https:\/\/hubertpietka.bialystok.pl\/?page_id=6978","title":{"rendered":"Miau miau \/ how auu"},"content":{"rendered":"<p><em><strong>Miau miau \/ how auu<\/strong><\/em><\/p>\n<p>Redukcjoni\u015bci totalni<br \/>\nNajch\u0119tniej moje \u017cycie<br \/>\nBy do zera zredukowali<br \/>\nBo przecie\u017c oni w za\u015bwiaty<br \/>\nNie wierz\u0105 raczej<br \/>\nBo zapewne wtedy post\u0119powali by troch\u0119 inaczej<br \/>\nRedukcjoni\u015bci totalni<\/p>\n<p>Najlepiej \u017ceby by\u0142o tak<br \/>\n<em>Miau<\/em> mia\u0142 \u017con\u0119 <em>miau<\/em><br \/>\n<em>Miau<\/em> mia\u0142 bliskich <em>miau<\/em><br \/>\n<em>Miau<\/em> mia\u0142 psa i kota <em>miau<\/em><br \/>\n<em>Miau<\/em> mia\u0142 dom mieszkanie samochody <em>miau<\/em><br \/>\n<em>Miau<\/em> prac\u0119 studia i tak dalej mia\u0142\u00a0<em>miau<\/em><br \/>\nI wreszcie \u017cycie tu ju\u017c z <em>miau<\/em> nie zd\u0105\u017cy raczej<br \/>\nNajch\u0119tniej <em>miau miau<\/em> mia\u0142<\/p>\n<p>Czy\u017c nie tak<br \/>\nA mo\u017ce chocia\u017c <em>how how how<\/em><br \/>\nCzyli *jak*<br \/>\nNie ewentualnie tylko <em>auu<\/em><br \/>\n<em>Miau miau how how auu<\/em><\/p>\n<p><a href=\"http:\/\/hubertpietka.bialystok.pl\/wp-content\/uploads\/2023\/04\/IMG_20230402_213126918.jpg\"><img loading=\"lazy\" decoding=\"async\" class=\"alignnone size-thumbnail wp-image-6979\" src=\"http:\/\/hubertpietka.bialystok.pl\/wp-content\/uploads\/2023\/04\/IMG_20230402_213126918-150x150.jpg\" alt=\"\" width=\"150\" height=\"150\" srcset=\"https:\/\/hubertpietka.bialystok.pl\/wp-content\/uploads\/2023\/04\/IMG_20230402_213126918-150x150.jpg 150w, https:\/\/hubertpietka.bialystok.pl\/wp-content\/uploads\/2023\/04\/IMG_20230402_213126918-75x75.jpg 75w\" sizes=\"auto, (max-width: 150px) 100vw, 150px\" \/><\/a><\/p>\n<p><em>Na zdj. Moneta z okazji rocznicy Solidarno\u015bci<\/em><br \/>\n<em> Dzi\u015b pokaza\u0142o to wielu Polak\u00f3w bardzo pi\u0119knie<\/em><br \/>\n<em> Solidarno\u015b\u0107 z Janem Paw\u0142em II<\/em><br \/>\n<em> *Solida-rno\u015b\u0107* *solidna warto\u015b\u0107*<\/em><\/p>\n<p><em>I muszelka<\/em><br \/>\n<em> Jak przy\u0142o\u017cysz do ucha<\/em><br \/>\n<em> To mo\u017ce us\u0142yszysz szum morza<\/em><br \/>\n<em> A morze jak morze<\/em><br \/>\n<em> Nie zawsze spokojne czasem sztormy<\/em><br \/>\n<em> Bo jest cz\u0119\u015bci\u0105 natury<\/em><br \/>\n<em> A czy\u017c nie podobnie cz\u0142owiek<\/em><br \/>\n<em> A oni by go zredukowali najch\u0119tniej do odruch\u00f3w<\/em><br \/>\n<em> A czy\u017c sami \u017cyj\u0105 a\u017c tak ascetycznie<\/em><br \/>\n<em> I w jakim oni tak \u017cyj\u0105 *do cholery* niby\u00a0 sensie<\/em><br \/>\n<em> Redukcjoni\u015bci totalni warto\u015bci do nico\u015bci<\/em><br \/>\n<em> Po co s\u0142ucha\u0107 szumu morza<\/em><br \/>\n<em> Niech wcale nie szumi<\/em><\/p>\n<p><em><strong><a href=\"https:\/\/youtu.be\/bi4Ir87b-wk\">Daria ze \u015al\u0105ska &#8211; Falstart albo faul<\/a><br \/>\n<\/strong><\/em><\/p>\n","protected":false},"excerpt":{"rendered":"<p>Miau miau \/ how auu Redukcjoni\u015bci totalni Najch\u0119tniej moje \u017cycie By do zera zredukowali Bo przecie\u017c oni w za\u015bwiaty Nie wierz\u0105 raczej Bo zapewne wtedy&hellip; <\/p>\n","protected":false},"author":1,"featured_media":0,"parent":0,"menu_order":0,"comment_status":"closed","ping_status":"closed","template":"","meta":{"footnotes":""},"class_list":["post-6978","page","type-page","status-publish","hentry"],"_links":{"self":[{"href":"https:\/\/hubertpietka.bialystok.pl\/index.php?rest_route=\/wp\/v2\/pages\/6978","targetHints":{"allow":["GET"]}}],"collection":[{"href":"https:\/\/hubertpietka.bialystok.pl\/index.php?rest_route=\/wp\/v2\/pages"}],"about":[{"href":"https:\/\/hubertpietka.bialystok.pl\/index.php?rest_route=\/wp\/v2\/types\/page"}],"author":[{"embeddable":true,"href":"https:\/\/hubertpietka.bialystok.pl\/index.php?rest_route=\/wp\/v2\/users\/1"}],"replies":[{"embeddable":true,"href":"https:\/\/hubertpietka.bialystok.pl\/index.php?rest_route=%2Fwp%2Fv2%2Fcomments&post=6978"}],"version-history":[{"count":2,"href":"https:\/\/hubertpietka.bialystok.pl\/index.php?rest_route=\/wp\/v2\/pages\/6978\/revisions"}],"predecessor-version":[{"id":6990,"href":"https:\/\/hubertpietka.bialystok.pl\/index.php?rest_route=\/wp\/v2\/pages\/6978\/revisions\/6990"}],"wp:attachment":[{"href":"https:\/\/hubertpietka.bialystok.pl\/index.php?rest_route=%2Fwp%2Fv2%2Fmedia&parent=6978"}],"curies":[{"name":"wp","href":"https:\/\/api.w.org\/{rel}","templated":true}]}}