{"id":6992,"date":"2023-04-05T20:58:13","date_gmt":"2023-04-05T20:58:13","guid":{"rendered":"http:\/\/hubertpietka.bialystok.pl\/?page_id=6992"},"modified":"2023-05-02T14:45:19","modified_gmt":"2023-05-02T14:45:19","slug":"nie-moja-swiat-zamglony-maligna","status":"publish","type":"page","link":"https:\/\/hubertpietka.bialystok.pl\/?page_id=6992","title":{"rendered":"Nie moj\u0105 \/ \u015bwiat zamglony malign\u0105"},"content":{"rendered":"<p><em><strong>Nie moj\u0105 \/ \u015bwiat zamglony malign\u0105<\/strong><\/em><\/p>\n<p><em>Pic na wod\u0119 fotomonta\u017c<\/em><br \/>\nW jakim my \u017cyjemy pa\u0144stwie<br \/>\nCo si\u0119 robi z tym i chyba nie tylko tu \u015bwiatem<\/p>\n<p>Bo to co oni tworz\u0105<br \/>\nTo ju\u017c zakrawa na malign\u0119<br \/>\nChcecie \u017cy\u0107 w malignie<\/p>\n<p>Nie m\u00f3wi\u0119 nic na ju\u017c od dawna<br \/>\nFa\u0142szerstwo ksi\u0119\u017cy sakrament\u00f3w nawet Hostii<br \/>\nR\u00f3\u017cnych os\u00f3b konsekrowanych i to ju\u017c od dawna<br \/>\nNie m\u00f3wi\u0119 nic na pr\u00f3by<br \/>\nNa naci\u0105ganie mnie nas na jak\u0105\u015b niby win\u0119<br \/>\nZarysowanie samochodu kogo\u015b\u00a0itp<br \/>\nCzy cho\u0107by przest\u0119pstwa straszne<br \/>\nPrzej\u015bcia nie na pasach czy rzucenie peta<br \/>\n(Niekt\u00f3rym ju\u017c oczy wychodz\u0105 i z orbit<br \/>\nByleby mnie na tym z\u0142apa\u0107)<\/p>\n<p>Ale naci\u0105ganie na fa\u0142szywe pieni\u0105dze<br \/>\nTo ju\u017c jest przegi\u0119cie ostre<br \/>\nByleby tylko sw\u00f3j cel osi\u0105gn\u0105\u0107<br \/>\nI mnie pogr\u0105\u017cy\u0107<br \/>\nCzytaj umie\u015bci\u0107 w wiadomym miejscu<br \/>\nI sko\u0144czy\u0107 ze mn\u0105<\/p>\n<p>A czy\u017c nie podobnie<br \/>\nZa wszelk\u0105 cen\u0119<br \/>\nChc\u0105 wyko\u0144czy\u0107 maj\u0105 \u017con\u0119<\/p>\n<p>Byleby tylko mie\u0107 pretekst<br \/>\nNie uda\u0142o si\u0119 tak to uda si\u0119 inaczej<br \/>\nNie wa\u017cne \u017ce to przeczy prawdzie i<br \/>\nZwyk\u0142emu zdrowemu rozs\u0105dkowi<br \/>\nC\u00f3\u017c tam dla nich byleby tylko<\/p>\n<p>To ju\u017c zakrawa na planow\u0105 eksterminacj\u0119 gatunku<br \/>\nKu wyniszczeniu nas naszego i naszych byleby tylko<br \/>\nNie mog\u0105 znale\u017a\u0107 misiaczki<br \/>\nNa nas nic w prawdzie<br \/>\nTo przecie\u017c \u015bwiat k\u0142amstwa fa\u0142szu udawania mistyfikacji<br \/>\nJest bardzo <em>bogaty<\/em><br \/>\nW ko\u0144cu si\u0119 na co\u015b ich z\u0142apie<br \/>\nByleby tylko<\/p>\n<p>\u017be ju\u017c i nie wspomn\u0119<br \/>\nO r\u00f3\u017cnych im na us\u0142ugach<br \/>\nByleby tylko mnie dopa\u015b\u0107<br \/>\nMisiaczki same r\u0105k nie musz\u0105 sobie<br \/>\nPrzynajmniej bezpo\u015brednio brudzi\u0107<\/p>\n<p><a href=\"http:\/\/hubertpietka.bialystok.pl\/wp-content\/uploads\/2023\/04\/IMG_20230405_225059.jpg\"><img loading=\"lazy\" decoding=\"async\" class=\"alignnone size-thumbnail wp-image-6993\" src=\"http:\/\/hubertpietka.bialystok.pl\/wp-content\/uploads\/2023\/04\/IMG_20230405_225059-150x150.jpg\" alt=\"\" width=\"150\" height=\"150\" srcset=\"https:\/\/hubertpietka.bialystok.pl\/wp-content\/uploads\/2023\/04\/IMG_20230405_225059-150x150.jpg 150w, https:\/\/hubertpietka.bialystok.pl\/wp-content\/uploads\/2023\/04\/IMG_20230405_225059-75x75.jpg 75w\" sizes=\"auto, (max-width: 150px) 100vw, 150px\" \/><\/a><\/p>\n<p><em>Na zdj. Tak maska nie nie na covida bynajmniej<\/em><br \/>\n<em> A mo\u017ce taka by by\u0142a najlepsza i na to<\/em><br \/>\n<em> Tu przy innej okazji<\/em><br \/>\n<em> Bo nawet kiedy jest si\u0119 samemu w izolacji<\/em><br \/>\n<em> To maj\u0105 swe \u015brodki misiaczki<\/em><br \/>\n<em> \u017be przyda\u0142aby si\u0119 taka maska<\/em><br \/>\n<em> Kilka razy pr\u00f3bowali z \u017con\u0105<\/em><br \/>\n<em> I mnie o ma\u0142o nie wyko\u0144czyli<\/em><br \/>\n<em> W Warszawie przedwczoraj<\/em><br \/>\n<em> Ach nie sta\u0107 ich na \u015brodki takie<\/em><br \/>\n<em> Cofn\u0119li by si\u0119 gdyby by\u0142y w ich u\u017cyciu<\/em><br \/>\n<em> Oczywi\u015bcie pretekstem mo\u017ce by\u0107 wszystko<\/em><br \/>\n<em> \u017be nie oni byleby tylko<\/em><br \/>\n<em> Sw\u00f3j cel osi\u0105gn\u0119li finalnie<\/em><br \/>\n<em> Eksterminacja nas naszego i naszych<\/em><\/p>\n<p><strong>Dzi\u015b wspominana \u015bw. Maria *Cres-centia*<\/strong><br \/>\n<strong> Czyz ju\u017c nie przyda\u0142oby si\u0119<\/strong><br \/>\n<strong> \u017beby by\u0142 *kres scen* tych<\/strong><br \/>\n<strong> Chcecie \u017cy\u0107 w \u015bwiecie nienormalnym<\/strong><br \/>\n<strong> To b\u0119dziecie ale tylko<\/strong><br \/>\n<strong>Trzy dni po mojej \u015bmierci<\/strong><br \/>\n<strong> Tym was mo\u017ce pociesz\u0119\u00a0<\/strong><\/p>\n<p style=\"text-align: center;\"><a href=\"https:\/\/youtu.be\/Ojbr8XcfCBE\"><strong>Houk &#8211; Pu\u0142apka<\/strong><\/a><\/p>\n","protected":false},"excerpt":{"rendered":"<p>Nie moj\u0105 \/ \u015bwiat zamglony malign\u0105 Pic na wod\u0119 fotomonta\u017c W jakim my \u017cyjemy pa\u0144stwie Co si\u0119 robi z tym i chyba nie tylko tu&hellip; <\/p>\n","protected":false},"author":1,"featured_media":0,"parent":0,"menu_order":0,"comment_status":"closed","ping_status":"closed","template":"","meta":{"footnotes":""},"class_list":["post-6992","page","type-page","status-publish","hentry"],"_links":{"self":[{"href":"https:\/\/hubertpietka.bialystok.pl\/index.php?rest_route=\/wp\/v2\/pages\/6992","targetHints":{"allow":["GET"]}}],"collection":[{"href":"https:\/\/hubertpietka.bialystok.pl\/index.php?rest_route=\/wp\/v2\/pages"}],"about":[{"href":"https:\/\/hubertpietka.bialystok.pl\/index.php?rest_route=\/wp\/v2\/types\/page"}],"author":[{"embeddable":true,"href":"https:\/\/hubertpietka.bialystok.pl\/index.php?rest_route=\/wp\/v2\/users\/1"}],"replies":[{"embeddable":true,"href":"https:\/\/hubertpietka.bialystok.pl\/index.php?rest_route=%2Fwp%2Fv2%2Fcomments&post=6992"}],"version-history":[{"count":2,"href":"https:\/\/hubertpietka.bialystok.pl\/index.php?rest_route=\/wp\/v2\/pages\/6992\/revisions"}],"predecessor-version":[{"id":7072,"href":"https:\/\/hubertpietka.bialystok.pl\/index.php?rest_route=\/wp\/v2\/pages\/6992\/revisions\/7072"}],"wp:attachment":[{"href":"https:\/\/hubertpietka.bialystok.pl\/index.php?rest_route=%2Fwp%2Fv2%2Fmedia&parent=6992"}],"curies":[{"name":"wp","href":"https:\/\/api.w.org\/{rel}","templated":true}]}}