{"id":7001,"date":"2023-04-09T21:07:24","date_gmt":"2023-04-09T21:07:24","guid":{"rendered":"http:\/\/hubertpietka.bialystok.pl\/?page_id=7001"},"modified":"2023-05-02T14:47:04","modified_gmt":"2023-05-02T14:47:04","slug":"racja-bytu-najlepszego-ze-swiatow","status":"publish","type":"page","link":"https:\/\/hubertpietka.bialystok.pl\/?page_id=7001","title":{"rendered":"Racja bytu \/ najlepszego ze \u015bwiat\u00f3w"},"content":{"rendered":"<p><em><strong>Racja bytu \/ najlepszego ze \u015bwiat\u00f3w\u00a0<\/strong><\/em><\/p>\n<p>Je\u017celi \u017cyjemy na tym<br \/>\n<em>Najlepszym ze \u015bwiat\u00f3w<\/em><br \/>\nTo sk\u0105d tyle niepokoj\u00f3w<br \/>\nPatologii r\u00f3\u017cnych bezprawia<br \/>\nTak\u017ce misiaczk\u00f3w<br \/>\nA <em>wszystko jest spoko<\/em><br \/>\nZapomnia\u0142em<\/p>\n<p>I je\u015bli oni s\u0105 tacy<br \/>\n<em>Peace and love<\/em><br \/>\nTo rzeczywi\u015bcie<br \/>\nO nas naszych i nasze<br \/>\nMoje niepokoje nieuzasadnione<\/p>\n<p>I je\u015bli jest wszech<br \/>\n<em>Pok\u00f3j i bezpiecze\u0144stwo<\/em><br \/>\nI ludzie mog\u0105 \u017cy\u0107 spokojnie<br \/>\nTo po c\u00f3\u017c oni<br \/>\nMaj\u0105 przyj\u015b\u0107 po mnie<\/p>\n<p>Je\u015bli to jest <em>tolerancji oaza<\/em><br \/>\nTo komu i w czym<br \/>\nJa nagle tak przeszkadzam<br \/>\n\u017be ju\u017c nie wspomn\u0119<br \/>\n\u017be dzisiaj r\u00f3\u017cni faryzeusze<br \/>\nNajlepiej wielokrotnie ponownie<br \/>\nZabiliby Jezusa<br \/>\nTak On przeszkadza na tym<br \/>\nZdecydowanie najlepszym ze \u015bwiat\u00f3w<br \/>\n<strong>A Maryja musi si\u0119 ukrywa\u0107<\/strong><\/p>\n<p><strong><a href=\"http:\/\/hubertpietka.bialystok.pl\/wp-content\/uploads\/2023\/04\/IMG_20230409_224645.jpg\"><img loading=\"lazy\" decoding=\"async\" class=\"alignnone size-thumbnail wp-image-7002\" src=\"http:\/\/hubertpietka.bialystok.pl\/wp-content\/uploads\/2023\/04\/IMG_20230409_224645-150x150.jpg\" alt=\"\" width=\"150\" height=\"150\" srcset=\"https:\/\/hubertpietka.bialystok.pl\/wp-content\/uploads\/2023\/04\/IMG_20230409_224645-150x150.jpg 150w, https:\/\/hubertpietka.bialystok.pl\/wp-content\/uploads\/2023\/04\/IMG_20230409_224645-75x75.jpg 75w\" sizes=\"auto, (max-width: 150px) 100vw, 150px\" \/><\/a><\/strong><\/p>\n<p><strong>Jak na tym zdj\u0119ciu<\/strong><br \/>\n<strong> Maryja w li\u015bciach zieleni<\/strong><br \/>\n<strong> Jak nadzieja kt\u00f3ra nie umiera<\/strong><br \/>\n<strong> Mimo \u017ce ten najlepszy \u015bwiat<\/strong><br \/>\n<strong> Ju\u017c chyba oszala\u0142 totalnie<\/strong><br \/>\n<strong> Komu on to zawdzi\u0119cza<\/strong><br \/>\n<strong> Czy\u017c nie po cz\u0119\u015bci misiaczkom<\/strong><br \/>\n<strong> Niestety nie mo\u017cna \u017cy\u0107 normalnie<\/strong><br \/>\n<strong> W policyjnym pa\u0144stwie<\/strong><\/p>\n<p><strong>Bo czy\u017c oni mogli by powiedzie\u0107 kiedy\u015b<\/strong><br \/>\n<strong> O mnie o nas naszych naszym<\/strong><br \/>\n<strong> <em>Dobrze \u017ce jeste\u015b<\/em> i \u017ce to co\u015b macie<\/strong><br \/>\n<strong> Raczej ich d\u0105\u017cenia s\u0105 jednak<\/strong><br \/>\n<strong> Zasadniczo i z gruntu\u00a0temu przeciwne<\/strong><\/p>\n<p><em>Nigdy zapewne racji bytu oni nie przyznaj\u0105<\/em><br \/>\n<em> Nam naszemu i naszym<\/em><br \/>\n<em> Bo s\u0105 zapatrzeni w siebie<\/em><br \/>\n<em> Dzi\u015b wspominany \u015bw. Antoni *Paw-oni*<\/em><br \/>\n<em> Jak *paw oni*<\/em><\/p>\n<p><a href=\"https:\/\/youtu.be\/8I_fqrhrZTs\"><em><strong>D\u017cem (akustycznie) &#8211; Z\u0142oty Paw<\/strong><\/em><\/a><\/p>\n<p style=\"text-align: center;\"><em>Pa-pa-paw\u00a0<\/em><\/p>\n<p style=\"text-align: center;\">\/<\/p>\n<p style=\"text-align: right;\"><a href=\"https:\/\/youtu.be\/pJfytQEqJ9Q\"><em><strong>Tabu &#8211; Jak dobrze ci\u0119 widzie\u0107<\/strong><\/em><\/a><\/p>\n","protected":false},"excerpt":{"rendered":"<p>Racja bytu \/ najlepszego ze \u015bwiat\u00f3w\u00a0 Je\u017celi \u017cyjemy na tym Najlepszym ze \u015bwiat\u00f3w To sk\u0105d tyle niepokoj\u00f3w Patologii r\u00f3\u017cnych bezprawia Tak\u017ce misiaczk\u00f3w A wszystko jest&hellip; <\/p>\n","protected":false},"author":1,"featured_media":0,"parent":0,"menu_order":0,"comment_status":"closed","ping_status":"closed","template":"","meta":{"footnotes":""},"class_list":["post-7001","page","type-page","status-publish","hentry"],"_links":{"self":[{"href":"https:\/\/hubertpietka.bialystok.pl\/index.php?rest_route=\/wp\/v2\/pages\/7001","targetHints":{"allow":["GET"]}}],"collection":[{"href":"https:\/\/hubertpietka.bialystok.pl\/index.php?rest_route=\/wp\/v2\/pages"}],"about":[{"href":"https:\/\/hubertpietka.bialystok.pl\/index.php?rest_route=\/wp\/v2\/types\/page"}],"author":[{"embeddable":true,"href":"https:\/\/hubertpietka.bialystok.pl\/index.php?rest_route=\/wp\/v2\/users\/1"}],"replies":[{"embeddable":true,"href":"https:\/\/hubertpietka.bialystok.pl\/index.php?rest_route=%2Fwp%2Fv2%2Fcomments&post=7001"}],"version-history":[{"count":3,"href":"https:\/\/hubertpietka.bialystok.pl\/index.php?rest_route=\/wp\/v2\/pages\/7001\/revisions"}],"predecessor-version":[{"id":7074,"href":"https:\/\/hubertpietka.bialystok.pl\/index.php?rest_route=\/wp\/v2\/pages\/7001\/revisions\/7074"}],"wp:attachment":[{"href":"https:\/\/hubertpietka.bialystok.pl\/index.php?rest_route=%2Fwp%2Fv2%2Fmedia&parent=7001"}],"curies":[{"name":"wp","href":"https:\/\/api.w.org\/{rel}","templated":true}]}}